{"id":77778,"date":"2025-07-11T16:21:22","date_gmt":"2025-07-11T13:21:22","guid":{"rendered":"https:\/\/demo8.ecube.lv\/sezona.lv\/products\/spicisu-komplekts-feeder-5gb\/"},"modified":"2025-07-14T15:12:36","modified_gmt":"2025-07-14T12:12:36","slug":"spicisu-komplekts-feeder-5gb","status":"publish","type":"product","link":"https:\/\/sezona.lv\/en\/products\/spicisu-komplekts-feeder-5gb\/","title":{"rendered":"Spic\u012b\u0161u komplekts FEEDER 5gb"},"content":{"rendered":"<p>Spic\u012b&scaron;u komplekts FEEDER 5gb (iepakojum\u0101).<\/p>\n<p>Materi\u0101ls: Graf\u012bts<\/p>\n<p>Diametrs: 3.3mm<\/p>\n<p>Tests:<\/p>\n<table style=\"height: 74px\" border=\"0\" width=\"266\">\n<tbody>\n<tr>\n<td>001<\/td>\n<td>1 oz (28g)<\/td>\n<\/tr>\n<tr>\n<td>002<\/td>\n<td>2 oz (57g)<\/td>\n<\/tr>\n<tr>\n<td>003<\/td>\n<td>3 oz (85g)<\/td>\n<\/tr>\n<tr>\n<td>004<\/td>\n<td>4 oz (113g)<\/td>\n<\/tr>\n<\/tbody>\n<\/table>\n","protected":false},"excerpt":{"rendered":"<p>Spic\u012b&scaron;u komplekts FEEDER 5gb (iepakojum\u0101). Materi\u0101ls: Graf\u012bts Diametrs: 3.3mm Tests: 001 1 oz (28g) 002 2 oz (57g) 003 3 oz (85g) 004 4 oz (113g)<\/p>\n","protected":false},"featured_media":68070,"template":"","meta":[],"product_brand":[],"product_cat":[4538,4540,4545],"product_tag":[],"class_list":{"0":"post-77778","1":"product","2":"type-product","3":"status-publish","4":"has-post-thumbnail","6":"product_cat-fishing-equipment-recreation","7":"product_cat-fishing-rods-fishing-equipment-recreation","8":"product_cat-feeder-and-picker-rods-fishing-rods-fishing-equipment-recreation","10":"first","11":"instock","12":"shipping-taxable","13":"purchasable","14":"product-type-simple"},"_links":{"self":[{"href":"https:\/\/sezona.lv\/en\/wp-json\/wp\/v2\/product\/77778","targetHints":{"allow":["GET"]}}],"collection":[{"href":"https:\/\/sezona.lv\/en\/wp-json\/wp\/v2\/product"}],"about":[{"href":"https:\/\/sezona.lv\/en\/wp-json\/wp\/v2\/types\/product"}],"wp:featuredmedia":[{"embeddable":true,"href":"https:\/\/sezona.lv\/en\/wp-json\/wp\/v2\/media\/68070"}],"wp:attachment":[{"href":"https:\/\/sezona.lv\/en\/wp-json\/wp\/v2\/media?parent=77778"}],"wp:term":[{"taxonomy":"product_brand","embeddable":true,"href":"https:\/\/sezona.lv\/en\/wp-json\/wp\/v2\/product_brand?post=77778"},{"taxonomy":"product_cat","embeddable":true,"href":"https:\/\/sezona.lv\/en\/wp-json\/wp\/v2\/product_cat?post=77778"},{"taxonomy":"product_tag","embeddable":true,"href":"https:\/\/sezona.lv\/en\/wp-json\/wp\/v2\/product_tag?post=77778"}],"curies":[{"name":"wp","href":"https:\/\/api.w.org\/{rel}","templated":true}]}}