{"id":77780,"date":"2025-07-11T16:21:24","date_gmt":"2025-07-11T13:21:24","guid":{"rendered":"https:\/\/demo8.ecube.lv\/sezona.lv\/products\/shimano-spole-sienna-1000-fe\/"},"modified":"2025-07-14T15:12:39","modified_gmt":"2025-07-14T12:12:39","slug":"shimano-spole-sienna-1000-fe","status":"publish","type":"product","link":"https:\/\/sezona.lv\/en\/products\/shimano-spole-sienna-1000-fe\/","title":{"rendered":"Shimano spole SIENNA 1000 FE"},"content":{"rendered":"<p><span>Svars (g) 210<\/span><br \/><span>Ietilp\u012bba (m\/mm)&nbsp;<\/span><span>0.18-170\/0.20-140\/0.25-90<\/span><br \/><span>Lod\u012b&scaron;u gult\u0146u sk. 1+1<\/span><br \/><span>P\u0101rnesums 5.0:1<\/span><\/p>\n","protected":false},"excerpt":{"rendered":"<p>Svars (g) 210Ietilp\u012bba (m\/mm)&nbsp;0.18-170\/0.20-140\/0.25-90Lod\u012b&scaron;u gult\u0146u sk. 1+1P\u0101rnesums 5.0:1<\/p>\n","protected":false},"featured_media":68076,"template":"","meta":[],"product_brand":[3371],"product_cat":[4538,4539,4541],"product_tag":[],"class_list":{"0":"post-77780","1":"product","2":"type-product","3":"status-publish","4":"has-post-thumbnail","6":"product_brand-shimano","7":"product_cat-fishing-equipment-recreation","8":"product_cat-reels-fishing-equipment-recreation","9":"product_cat-spinning-reels-reels-fishing-equipment-recreation","11":"first","12":"instock","13":"shipping-taxable","14":"purchasable","15":"product-type-simple"},"_links":{"self":[{"href":"https:\/\/sezona.lv\/en\/wp-json\/wp\/v2\/product\/77780","targetHints":{"allow":["GET"]}}],"collection":[{"href":"https:\/\/sezona.lv\/en\/wp-json\/wp\/v2\/product"}],"about":[{"href":"https:\/\/sezona.lv\/en\/wp-json\/wp\/v2\/types\/product"}],"wp:featuredmedia":[{"embeddable":true,"href":"https:\/\/sezona.lv\/en\/wp-json\/wp\/v2\/media\/68076"}],"wp:attachment":[{"href":"https:\/\/sezona.lv\/en\/wp-json\/wp\/v2\/media?parent=77780"}],"wp:term":[{"taxonomy":"product_brand","embeddable":true,"href":"https:\/\/sezona.lv\/en\/wp-json\/wp\/v2\/product_brand?post=77780"},{"taxonomy":"product_cat","embeddable":true,"href":"https:\/\/sezona.lv\/en\/wp-json\/wp\/v2\/product_cat?post=77780"},{"taxonomy":"product_tag","embeddable":true,"href":"https:\/\/sezona.lv\/en\/wp-json\/wp\/v2\/product_tag?post=77780"}],"curies":[{"name":"wp","href":"https:\/\/api.w.org\/{rel}","templated":true}]}}