{"id":77781,"date":"2025-07-11T16:21:26","date_gmt":"2025-07-11T13:21:26","guid":{"rendered":"https:\/\/demo8.ecube.lv\/sezona.lv\/products\/shimano-spole-sienna-2500-fe\/"},"modified":"2025-07-14T15:12:40","modified_gmt":"2025-07-14T12:12:40","slug":"shimano-spole-sienna-2500-fe","status":"publish","type":"product","link":"https:\/\/sezona.lv\/en\/products\/shimano-spole-sienna-2500-fe\/","title":{"rendered":"Shimano spole SIENNA 2500 FE"},"content":{"rendered":"<p><span>Svars (g)&nbsp;<\/span><span>260<\/span><br \/><span>Ietilp\u012bba (m\/mm)&nbsp;<\/span><span>0,25-140<\/span><br \/><span>Rull\u012b&scaron;u gult\u0146u sk. 1<\/span><br \/><span>Lod\u012b&scaron;u gult\u0146u sk. 3<\/span><br \/><span>P\u0101rnesums&nbsp;<\/span><span>5,2-1<\/span><\/p>\n","protected":false},"excerpt":{"rendered":"<p>Svars (g)&nbsp;260Ietilp\u012bba (m\/mm)&nbsp;0,25-140Rull\u012b&scaron;u gult\u0146u sk. 1Lod\u012b&scaron;u gult\u0146u sk. 3P\u0101rnesums&nbsp;5,2-1<\/p>\n","protected":false},"featured_media":68079,"template":"","meta":[],"product_brand":[3371],"product_cat":[4538,4539,4541],"product_tag":[],"class_list":{"0":"post-77781","1":"product","2":"type-product","3":"status-publish","4":"has-post-thumbnail","6":"product_brand-shimano","7":"product_cat-fishing-equipment-recreation","8":"product_cat-reels-fishing-equipment-recreation","9":"product_cat-spinning-reels-reels-fishing-equipment-recreation","11":"first","12":"instock","13":"shipping-taxable","14":"purchasable","15":"product-type-simple"},"_links":{"self":[{"href":"https:\/\/sezona.lv\/en\/wp-json\/wp\/v2\/product\/77781","targetHints":{"allow":["GET"]}}],"collection":[{"href":"https:\/\/sezona.lv\/en\/wp-json\/wp\/v2\/product"}],"about":[{"href":"https:\/\/sezona.lv\/en\/wp-json\/wp\/v2\/types\/product"}],"wp:featuredmedia":[{"embeddable":true,"href":"https:\/\/sezona.lv\/en\/wp-json\/wp\/v2\/media\/68079"}],"wp:attachment":[{"href":"https:\/\/sezona.lv\/en\/wp-json\/wp\/v2\/media?parent=77781"}],"wp:term":[{"taxonomy":"product_brand","embeddable":true,"href":"https:\/\/sezona.lv\/en\/wp-json\/wp\/v2\/product_brand?post=77781"},{"taxonomy":"product_cat","embeddable":true,"href":"https:\/\/sezona.lv\/en\/wp-json\/wp\/v2\/product_cat?post=77781"},{"taxonomy":"product_tag","embeddable":true,"href":"https:\/\/sezona.lv\/en\/wp-json\/wp\/v2\/product_tag?post=77781"}],"curies":[{"name":"wp","href":"https:\/\/api.w.org\/{rel}","templated":true}]}}