{"id":77782,"date":"2025-07-11T16:21:27","date_gmt":"2025-07-11T13:21:27","guid":{"rendered":"https:\/\/demo8.ecube.lv\/sezona.lv\/products\/shimano-spole-sienna-4000-fe\/"},"modified":"2025-07-14T15:12:41","modified_gmt":"2025-07-14T12:12:41","slug":"shimano-spole-sienna-4000-fe","status":"publish","type":"product","link":"https:\/\/sezona.lv\/en\/products\/shimano-spole-sienna-4000-fe\/","title":{"rendered":"Shimano spole SIENNA 4000 FE"},"content":{"rendered":"<p><span>Svars (g) 350<\/span><br \/><span>Ietilp\u012bba (mm\/m)&nbsp;<\/span><span>0,25-260<\/span><br \/><span>Rull\u012b&scaron;u gult\u0146u sk. 1<\/span><br \/><span>Lod\u012b&scaron;u gult\u0146u sk. 3<\/span><br \/><span>P\u0101rnesums 5.2:1<\/span><\/p>\n","protected":false},"excerpt":{"rendered":"<p>Svars (g) 350Ietilp\u012bba (mm\/m)&nbsp;0,25-260Rull\u012b&scaron;u gult\u0146u sk. 1Lod\u012b&scaron;u gult\u0146u sk. 3P\u0101rnesums 5.2:1<\/p>\n","protected":false},"featured_media":68082,"template":"","meta":[],"product_brand":[3371],"product_cat":[4538,4539,4541],"product_tag":[],"class_list":{"0":"post-77782","1":"product","2":"type-product","3":"status-publish","4":"has-post-thumbnail","6":"product_brand-shimano","7":"product_cat-fishing-equipment-recreation","8":"product_cat-reels-fishing-equipment-recreation","9":"product_cat-spinning-reels-reels-fishing-equipment-recreation","11":"first","12":"instock","13":"shipping-taxable","14":"purchasable","15":"product-type-simple"},"_links":{"self":[{"href":"https:\/\/sezona.lv\/en\/wp-json\/wp\/v2\/product\/77782","targetHints":{"allow":["GET"]}}],"collection":[{"href":"https:\/\/sezona.lv\/en\/wp-json\/wp\/v2\/product"}],"about":[{"href":"https:\/\/sezona.lv\/en\/wp-json\/wp\/v2\/types\/product"}],"wp:featuredmedia":[{"embeddable":true,"href":"https:\/\/sezona.lv\/en\/wp-json\/wp\/v2\/media\/68082"}],"wp:attachment":[{"href":"https:\/\/sezona.lv\/en\/wp-json\/wp\/v2\/media?parent=77782"}],"wp:term":[{"taxonomy":"product_brand","embeddable":true,"href":"https:\/\/sezona.lv\/en\/wp-json\/wp\/v2\/product_brand?post=77782"},{"taxonomy":"product_cat","embeddable":true,"href":"https:\/\/sezona.lv\/en\/wp-json\/wp\/v2\/product_cat?post=77782"},{"taxonomy":"product_tag","embeddable":true,"href":"https:\/\/sezona.lv\/en\/wp-json\/wp\/v2\/product_tag?post=77782"}],"curies":[{"name":"wp","href":"https:\/\/api.w.org\/{rel}","templated":true}]}}