{"id":77783,"date":"2025-07-11T16:21:28","date_gmt":"2025-07-11T13:21:28","guid":{"rendered":"https:\/\/demo8.ecube.lv\/sezona.lv\/products\/shimano-spole-fx2500fb-clam\/"},"modified":"2025-07-14T15:12:42","modified_gmt":"2025-07-14T12:12:42","slug":"shimano-spole-fx2500fb-clam","status":"publish","type":"product","link":"https:\/\/sezona.lv\/en\/products\/shimano-spole-fx2500fb-clam\/","title":{"rendered":"Shimano spole FX2500FB CLAM"},"content":{"rendered":"<p>Svars (g) 311<br \/>Ietilp\u012bba (m\/mm)&nbsp;6\/182, 8\/128, 10\/109<br \/>Lod\u012b&scaron;u gult\u0146u sk. 1<br \/>P\u0101rnesums&nbsp;5.2:1<\/p>\n","protected":false},"excerpt":{"rendered":"<p>Svars (g) 311Ietilp\u012bba (m\/mm)&nbsp;6\/182, 8\/128, 10\/109Lod\u012b&scaron;u gult\u0146u sk. 1P\u0101rnesums&nbsp;5.2:1<\/p>\n","protected":false},"featured_media":68085,"template":"","meta":[],"product_brand":[3371],"product_cat":[4538,4539,4541],"product_tag":[],"class_list":{"0":"post-77783","1":"product","2":"type-product","3":"status-publish","4":"has-post-thumbnail","6":"product_brand-shimano","7":"product_cat-fishing-equipment-recreation","8":"product_cat-reels-fishing-equipment-recreation","9":"product_cat-spinning-reels-reels-fishing-equipment-recreation","11":"first","12":"instock","13":"shipping-taxable","14":"purchasable","15":"product-type-simple"},"_links":{"self":[{"href":"https:\/\/sezona.lv\/en\/wp-json\/wp\/v2\/product\/77783","targetHints":{"allow":["GET"]}}],"collection":[{"href":"https:\/\/sezona.lv\/en\/wp-json\/wp\/v2\/product"}],"about":[{"href":"https:\/\/sezona.lv\/en\/wp-json\/wp\/v2\/types\/product"}],"wp:featuredmedia":[{"embeddable":true,"href":"https:\/\/sezona.lv\/en\/wp-json\/wp\/v2\/media\/68085"}],"wp:attachment":[{"href":"https:\/\/sezona.lv\/en\/wp-json\/wp\/v2\/media?parent=77783"}],"wp:term":[{"taxonomy":"product_brand","embeddable":true,"href":"https:\/\/sezona.lv\/en\/wp-json\/wp\/v2\/product_brand?post=77783"},{"taxonomy":"product_cat","embeddable":true,"href":"https:\/\/sezona.lv\/en\/wp-json\/wp\/v2\/product_cat?post=77783"},{"taxonomy":"product_tag","embeddable":true,"href":"https:\/\/sezona.lv\/en\/wp-json\/wp\/v2\/product_tag?post=77783"}],"curies":[{"name":"wp","href":"https:\/\/api.w.org\/{rel}","templated":true}]}}