{"id":77786,"date":"2025-07-11T16:21:30","date_gmt":"2025-07-11T13:21:30","guid":{"rendered":"https:\/\/demo8.ecube.lv\/sezona.lv\/products\/stiga-skrejritenis-roza\/"},"modified":"2025-07-14T15:12:44","modified_gmt":"2025-07-14T12:12:44","slug":"stiga-skrejritenis-roza","status":"publish","type":"product","link":"https:\/\/sezona.lv\/en\/products\/stiga-skrejritenis-roza\/","title":{"rendered":"Stiga Skrejritenis, roz\u0101"},"content":{"rendered":"<p><span style=\"font-size: x-small\"><span style=\"font-family: Verdana;font-size: x-small\"><span id=\"result_box\" lang=\"lv\"><span>L\u012bdzsvara<\/span>&nbsp;velosip\u0113ds.&nbsp;Ide\u0101ls veids, k\u0101&nbsp;s\u0101kt m\u0101c\u012bties braukt ar&nbsp;velosip\u0113du.<\/span><\/span><\/span><\/p>\n<p><span style=\"font-family: Verdana;font-size: x-small\"><span id=\"result_box\" lang=\"lv\">T\u0113rauda r\u0101mis.<\/span><\/span><\/p>\n<p><span style=\"font-family: Verdana;font-size: x-small\"><span id=\"result_box\" lang=\"lv\">Silent&nbsp;riepas,&nbsp;<span>rite\u0146u<\/span>&nbsp;izm\u0113rs&nbsp;12&nbsp;collas.<\/span><\/span><\/p>\n<p><span style=\"font-family: Verdana;font-size: x-small\"><span id=\"result_box\" lang=\"lv\">S\u0113dek\u013ca regul\u0113&scaron;anas augstums&nbsp;37-43,5&nbsp;cm.<\/span><\/span><\/p>\n<p><span style=\"font-family: Verdana;font-size: x-small\"><span id=\"result_box\" lang=\"lv\">Maksim\u0101lais brauc\u0113ja&nbsp;<\/span><\/span><span style=\"font-family: Verdana;font-size: x-small\"><span id=\"result_box\" lang=\"lv\">svars &#8211;&nbsp;<\/span><\/span><span style=\"font-family: Verdana;font-size: x-small\"><span id=\"result_box\" lang=\"lv\">50&nbsp;Kg.<\/span><\/span><\/p>\n<p>&nbsp;<\/p>\n<p><span style=\"font-family: Verdana;font-size: x-small\"><span id=\"result_box\" lang=\"lv\">Paredz\u0113ts b\u0113rniem n<span>o&nbsp;<\/span><span>3 gadu vecuma.<\/span><\/span><\/span><\/p>\n","protected":false},"excerpt":{"rendered":"<p>L\u012bdzsvara&nbsp;velosip\u0113ds.&nbsp;Ide\u0101ls veids, k\u0101&nbsp;s\u0101kt m\u0101c\u012bties braukt ar&nbsp;velosip\u0113du. T\u0113rauda r\u0101mis. Silent&nbsp;riepas,&nbsp;rite\u0146u&nbsp;izm\u0113rs&nbsp;12&nbsp;collas. S\u0113dek\u013ca regul\u0113&scaron;anas augstums&nbsp;37-43,5&nbsp;cm. Maksim\u0101lais brauc\u0113ja&nbsp;svars &#8211;&nbsp;50&nbsp;Kg. &nbsp; Paredz\u0113ts b\u0113rniem no&nbsp;3 gadu vecuma.<\/p>\n","protected":false},"featured_media":68094,"template":"","meta":[],"product_brand":[898],"product_cat":[4972],"product_tag":[],"class_list":{"0":"post-77786","1":"product","2":"type-product","3":"status-publish","4":"has-post-thumbnail","6":"product_brand-stiga","7":"product_cat-scooters-sports","9":"first","10":"instock","11":"shipping-taxable","12":"purchasable","13":"product-type-simple"},"_links":{"self":[{"href":"https:\/\/sezona.lv\/en\/wp-json\/wp\/v2\/product\/77786","targetHints":{"allow":["GET"]}}],"collection":[{"href":"https:\/\/sezona.lv\/en\/wp-json\/wp\/v2\/product"}],"about":[{"href":"https:\/\/sezona.lv\/en\/wp-json\/wp\/v2\/types\/product"}],"wp:featuredmedia":[{"embeddable":true,"href":"https:\/\/sezona.lv\/en\/wp-json\/wp\/v2\/media\/68094"}],"wp:attachment":[{"href":"https:\/\/sezona.lv\/en\/wp-json\/wp\/v2\/media?parent=77786"}],"wp:term":[{"taxonomy":"product_brand","embeddable":true,"href":"https:\/\/sezona.lv\/en\/wp-json\/wp\/v2\/product_brand?post=77786"},{"taxonomy":"product_cat","embeddable":true,"href":"https:\/\/sezona.lv\/en\/wp-json\/wp\/v2\/product_cat?post=77786"},{"taxonomy":"product_tag","embeddable":true,"href":"https:\/\/sezona.lv\/en\/wp-json\/wp\/v2\/product_tag?post=77786"}],"curies":[{"name":"wp","href":"https:\/\/api.w.org\/{rel}","templated":true}]}}