{"id":77788,"date":"2025-07-11T16:21:33","date_gmt":"2025-07-11T13:21:33","guid":{"rendered":"https:\/\/demo8.ecube.lv\/sezona.lv\/products\/stiga-skuteris-dirt-scooter\/"},"modified":"2025-07-14T15:12:47","modified_gmt":"2025-07-14T12:12:47","slug":"stiga-skuteris-dirt-scooter","status":"publish","type":"product","link":"https:\/\/sezona.lv\/en\/products\/stiga-skuteris-dirt-scooter\/","title":{"rendered":"Stiga Sk\u016bteris Dirt Scooter"},"content":{"rendered":"<p><span style=\"font-size: x-small\">Sporta sk\u016bteris, kas uzlabots trikiem un l\u0113cieniem.<\/span><\/p>\n<p>&nbsp;<\/p>\n<p>&nbsp;<\/p>\n<ul>\n<li><span style=\"font-family: Verdana;font-size: x-small\">PU izliets rite\u0146iem, izm\u0113rs 200 mm.<\/span><\/li>\n<li><span style=\"font-family: Verdana;font-size: x-small\">alum\u012bnija core un ABEC 9 hroma gult\u0146i.<\/span><\/li>\n<li><span style=\"font-family: Verdana;font-size: x-small\">Svars ne vair\u0101k par 100 kg.<\/span><\/li>\n<li><span style=\"font-family: Verdana;font-size: x-small\">Vecums 7 +<\/span><\/li>\n<\/ul>\n","protected":false},"excerpt":{"rendered":"<p>Sporta sk\u016bteris, kas uzlabots trikiem un l\u0113cieniem. &nbsp; &nbsp; PU izliets rite\u0146iem, izm\u0113rs 200 mm. alum\u012bnija core un ABEC 9 hroma gult\u0146i. Svars ne vair\u0101k par 100 kg. Vecums 7 +<\/p>\n","protected":false},"featured_media":68100,"template":"","meta":[],"product_brand":[898],"product_cat":[4972],"product_tag":[],"class_list":{"0":"post-77788","1":"product","2":"type-product","3":"status-publish","4":"has-post-thumbnail","6":"product_brand-stiga","7":"product_cat-scooters-sports","9":"first","10":"instock","11":"shipping-taxable","12":"purchasable","13":"product-type-simple"},"_links":{"self":[{"href":"https:\/\/sezona.lv\/en\/wp-json\/wp\/v2\/product\/77788","targetHints":{"allow":["GET"]}}],"collection":[{"href":"https:\/\/sezona.lv\/en\/wp-json\/wp\/v2\/product"}],"about":[{"href":"https:\/\/sezona.lv\/en\/wp-json\/wp\/v2\/types\/product"}],"wp:featuredmedia":[{"embeddable":true,"href":"https:\/\/sezona.lv\/en\/wp-json\/wp\/v2\/media\/68100"}],"wp:attachment":[{"href":"https:\/\/sezona.lv\/en\/wp-json\/wp\/v2\/media?parent=77788"}],"wp:term":[{"taxonomy":"product_brand","embeddable":true,"href":"https:\/\/sezona.lv\/en\/wp-json\/wp\/v2\/product_brand?post=77788"},{"taxonomy":"product_cat","embeddable":true,"href":"https:\/\/sezona.lv\/en\/wp-json\/wp\/v2\/product_cat?post=77788"},{"taxonomy":"product_tag","embeddable":true,"href":"https:\/\/sezona.lv\/en\/wp-json\/wp\/v2\/product_tag?post=77788"}],"curies":[{"name":"wp","href":"https:\/\/api.w.org\/{rel}","templated":true}]}}