{"id":77789,"date":"2025-07-11T16:21:34","date_gmt":"2025-07-11T13:21:34","guid":{"rendered":"https:\/\/demo8.ecube.lv\/sezona.lv\/products\/stiga-skrejritenis-mini-kick-roza\/"},"modified":"2025-07-14T15:12:48","modified_gmt":"2025-07-14T12:12:48","slug":"stiga-skrejritenis-mini-kick-roza","status":"publish","type":"product","link":"https:\/\/sezona.lv\/en\/products\/stiga-skrejritenis-mini-kick-roza\/","title":{"rendered":"Stiga Skrejritenis Mini Kick, roz\u0101"},"content":{"rendered":"<p><span>Alum\u012bnija r\u0101mis.&nbsp;<\/span><br \/><span>PU rite\u0146i, izm\u0113ri 120 mm un 80 mm.&nbsp;<\/span><br \/><span>ABEC 5 oglek\u013ca gult\u0146i.&nbsp;<\/span><br \/><span>Augstums 68 cm.&nbsp;<\/span><br \/><span>Brauc\u0113ja svars maksim\u0101lais 20 kg.<\/span><br \/><span>Vecums 3 +<\/span><\/p>\n","protected":false},"excerpt":{"rendered":"<p>Alum\u012bnija r\u0101mis.&nbsp;PU rite\u0146i, izm\u0113ri 120 mm un 80 mm.&nbsp;ABEC 5 oglek\u013ca gult\u0146i.&nbsp;Augstums 68 cm.&nbsp;Brauc\u0113ja svars maksim\u0101lais 20 kg.Vecums 3 +<\/p>\n","protected":false},"featured_media":0,"template":"","meta":[],"product_brand":[898],"product_cat":[4972],"product_tag":[],"class_list":{"0":"post-77789","1":"product","2":"type-product","3":"status-publish","5":"product_brand-stiga","6":"product_cat-scooters-sports","8":"first","9":"instock","10":"shipping-taxable","11":"purchasable","12":"product-type-simple"},"_links":{"self":[{"href":"https:\/\/sezona.lv\/en\/wp-json\/wp\/v2\/product\/77789","targetHints":{"allow":["GET"]}}],"collection":[{"href":"https:\/\/sezona.lv\/en\/wp-json\/wp\/v2\/product"}],"about":[{"href":"https:\/\/sezona.lv\/en\/wp-json\/wp\/v2\/types\/product"}],"wp:attachment":[{"href":"https:\/\/sezona.lv\/en\/wp-json\/wp\/v2\/media?parent=77789"}],"wp:term":[{"taxonomy":"product_brand","embeddable":true,"href":"https:\/\/sezona.lv\/en\/wp-json\/wp\/v2\/product_brand?post=77789"},{"taxonomy":"product_cat","embeddable":true,"href":"https:\/\/sezona.lv\/en\/wp-json\/wp\/v2\/product_cat?post=77789"},{"taxonomy":"product_tag","embeddable":true,"href":"https:\/\/sezona.lv\/en\/wp-json\/wp\/v2\/product_tag?post=77789"}],"curies":[{"name":"wp","href":"https:\/\/api.w.org\/{rel}","templated":true}]}}