{"id":77790,"date":"2025-07-11T16:21:35","date_gmt":"2025-07-11T13:21:35","guid":{"rendered":"https:\/\/demo8.ecube.lv\/sezona.lv\/products\/stiga-skrejritenis-mini-kick-zals\/"},"modified":"2025-07-14T15:12:50","modified_gmt":"2025-07-14T12:12:50","slug":"stiga-skrejritenis-mini-kick-zals","status":"publish","type":"product","link":"https:\/\/sezona.lv\/en\/products\/stiga-skrejritenis-mini-kick-zals\/","title":{"rendered":"Stiga Skrejritenis Mini Kick, za\u013c\u0161"},"content":{"rendered":"<p><span>Alum\u012bnija r\u0101mis.&nbsp;<\/span><br \/><span>PU rite\u0146i, izm\u0113ri 120 mm un 80 mm.&nbsp;<\/span><br \/><span>ABEC 5 oglek\u013ca gult\u0146i.&nbsp;<\/span><br \/><span>Augstums 68 cm.&nbsp;<\/span><br \/><span>Brauc\u0113ja svars maksim\u0101lais 20 kg.<\/span><br \/><span>Vecums 3 +<\/span><\/p>\n","protected":false},"excerpt":{"rendered":"<p>Alum\u012bnija r\u0101mis.&nbsp;PU rite\u0146i, izm\u0113ri 120 mm un 80 mm.&nbsp;ABEC 5 oglek\u013ca gult\u0146i.&nbsp;Augstums 68 cm.&nbsp;Brauc\u0113ja svars maksim\u0101lais 20 kg.Vecums 3 +<\/p>\n","protected":false},"featured_media":68106,"template":"","meta":[],"product_brand":[898],"product_cat":[4972],"product_tag":[],"class_list":{"0":"post-77790","1":"product","2":"type-product","3":"status-publish","4":"has-post-thumbnail","6":"product_brand-stiga","7":"product_cat-scooters-sports","9":"first","10":"instock","11":"shipping-taxable","12":"purchasable","13":"product-type-simple"},"_links":{"self":[{"href":"https:\/\/sezona.lv\/en\/wp-json\/wp\/v2\/product\/77790","targetHints":{"allow":["GET"]}}],"collection":[{"href":"https:\/\/sezona.lv\/en\/wp-json\/wp\/v2\/product"}],"about":[{"href":"https:\/\/sezona.lv\/en\/wp-json\/wp\/v2\/types\/product"}],"wp:featuredmedia":[{"embeddable":true,"href":"https:\/\/sezona.lv\/en\/wp-json\/wp\/v2\/media\/68106"}],"wp:attachment":[{"href":"https:\/\/sezona.lv\/en\/wp-json\/wp\/v2\/media?parent=77790"}],"wp:term":[{"taxonomy":"product_brand","embeddable":true,"href":"https:\/\/sezona.lv\/en\/wp-json\/wp\/v2\/product_brand?post=77790"},{"taxonomy":"product_cat","embeddable":true,"href":"https:\/\/sezona.lv\/en\/wp-json\/wp\/v2\/product_cat?post=77790"},{"taxonomy":"product_tag","embeddable":true,"href":"https:\/\/sezona.lv\/en\/wp-json\/wp\/v2\/product_tag?post=77790"}],"curies":[{"name":"wp","href":"https:\/\/api.w.org\/{rel}","templated":true}]}}