{"id":77791,"date":"2025-07-11T16:21:36","date_gmt":"2025-07-11T13:21:36","guid":{"rendered":"https:\/\/demo8.ecube.lv\/sezona.lv\/products\/stiga-skuteris-comet-120-s-melns-zils\/"},"modified":"2025-07-14T15:12:50","modified_gmt":"2025-07-14T12:12:50","slug":"stiga-skuteris-comet-120-s-melns-zils","status":"publish","type":"product","link":"https:\/\/sezona.lv\/en\/products\/stiga-skuteris-comet-120-s-melns-zils\/","title":{"rendered":"Stiga Sk\u016bteris Comet 120 S melns\/zils"},"content":{"rendered":"<p>Toy kick sk\u016bteris ar mazu svaru, kompaktu dizainu un stabilu konstrukciju. Salok\u0101ms viegl\u0101kai uzglab\u0101&scaron;anai un transport\u0113&scaron;anai. Iesp\u0113jams regul\u0113t t\u0101 augstumu.<\/p>\n<p><strong>Paredz\u0113ts brauc\u0113jam<\/strong><br \/>* no 5 gadiem<br \/>* l\u012bdz 50 kg<\/p>\n<p><strong>Materi\u0101ls<\/strong><br \/>* R\u0101mis no alum\u012bnija un t\u0113rauda, salok\u0101ms<br \/>* Alum\u012bnija st\u016bre<\/p>\n<p><strong>Rite\u0146i<\/strong><br \/>* PU rite\u0146i<br \/>* Izm\u0113rs: 120 mm<br \/>* ABEC 5 oglek\u013ca gult\u0146i<\/p>\n<p><strong>Citas \u012bpa&scaron;\u012bbas<\/strong><br \/>* Pamatnes platums: 35 cm<br \/>* Regul\u0113jams augstums: 72-82 cm<br \/>* Atbilsts EN 71 standartam<\/p>\n","protected":false},"excerpt":{"rendered":"<p>Toy kick sk\u016bteris ar mazu svaru, kompaktu dizainu un stabilu konstrukciju. Salok\u0101ms viegl\u0101kai uzglab\u0101&scaron;anai un transport\u0113&scaron;anai. Iesp\u0113jams regul\u0113t t\u0101 augstumu. Paredz\u0113ts brauc\u0113jam* no 5 gadiem* l\u012bdz 50 kg Materi\u0101ls* R\u0101mis no alum\u012bnija un t\u0113rauda, salok\u0101ms* Alum\u012bnija st\u016bre Rite\u0146i* PU rite\u0146i* Izm\u0113rs: 120 mm* ABEC 5 oglek\u013ca gult\u0146i Citas \u012bpa&scaron;\u012bbas* Pamatnes platums: 35 cm* Regul\u0113jams augstums: [&hellip;]<\/p>\n","protected":false},"featured_media":68109,"template":"","meta":[],"product_brand":[898],"product_cat":[4972],"product_tag":[],"class_list":{"0":"post-77791","1":"product","2":"type-product","3":"status-publish","4":"has-post-thumbnail","6":"product_brand-stiga","7":"product_cat-scooters-sports","9":"first","10":"instock","11":"shipping-taxable","12":"purchasable","13":"product-type-simple"},"_links":{"self":[{"href":"https:\/\/sezona.lv\/en\/wp-json\/wp\/v2\/product\/77791","targetHints":{"allow":["GET"]}}],"collection":[{"href":"https:\/\/sezona.lv\/en\/wp-json\/wp\/v2\/product"}],"about":[{"href":"https:\/\/sezona.lv\/en\/wp-json\/wp\/v2\/types\/product"}],"wp:featuredmedia":[{"embeddable":true,"href":"https:\/\/sezona.lv\/en\/wp-json\/wp\/v2\/media\/68109"}],"wp:attachment":[{"href":"https:\/\/sezona.lv\/en\/wp-json\/wp\/v2\/media?parent=77791"}],"wp:term":[{"taxonomy":"product_brand","embeddable":true,"href":"https:\/\/sezona.lv\/en\/wp-json\/wp\/v2\/product_brand?post=77791"},{"taxonomy":"product_cat","embeddable":true,"href":"https:\/\/sezona.lv\/en\/wp-json\/wp\/v2\/product_cat?post=77791"},{"taxonomy":"product_tag","embeddable":true,"href":"https:\/\/sezona.lv\/en\/wp-json\/wp\/v2\/product_tag?post=77791"}],"curies":[{"name":"wp","href":"https:\/\/api.w.org\/{rel}","templated":true}]}}