{"id":77793,"date":"2025-07-11T16:21:38","date_gmt":"2025-07-11T13:21:38","guid":{"rendered":"https:\/\/demo8.ecube.lv\/sezona.lv\/products\/stiga-skuteris-charger-120-s-meln-lime-zals\/"},"modified":"2025-07-14T15:12:53","modified_gmt":"2025-07-14T12:12:53","slug":"stiga-skuteris-charger-120-s-meln-lime-zals","status":"publish","type":"product","link":"https:\/\/sezona.lv\/en\/products\/stiga-skuteris-charger-120-s-meln-lime-zals\/","title":{"rendered":"Stiga Sk\u016bteris Charger 120 S meln\/lime za\u013c\u0161"},"content":{"rendered":"<ul>\n<li><span style=\"font-family: Verdana;font-size: x-small\">Maza izm\u0113ra skrejritenis ar vieglu, bet stabilu konstrukciju<\/span><\/li>\n<li><span style=\"font-family: Verdana;font-size: x-small\">Salok\u0101ms, \u0113rtai uzglab\u0101&scaron;anai<\/span><\/li>\n<li><span style=\"font-family: Verdana;font-size: x-small\">Regul\u0113jams st\u016bres augstums 72-82cm<\/span><\/li>\n<li><span style=\"font-family: Verdana;font-size: x-small\">Alum\u012bnija \/ t\u0113rauda r\u0101mis<\/span><\/li>\n<li><span style=\"font-family: Verdana;font-size: x-small\">Kl\u0101ja garums 35cm<\/span><\/li>\n<li><span style=\"font-family: Verdana;font-size: x-small\">PU rite\u0146i, 120mm, ABEC 5 oglek\u013ca gut\u0146i<\/span><\/li>\n<li><span style=\"font-family: Verdana;font-size: x-small\">Maksim\u0101lais lietot\u0101ja svars 50kg, 5+ gadi<\/span><\/li>\n<\/ul>\n","protected":false},"excerpt":{"rendered":"<p>Maza izm\u0113ra skrejritenis ar vieglu, bet stabilu konstrukciju Salok\u0101ms, \u0113rtai uzglab\u0101&scaron;anai Regul\u0113jams st\u016bres augstums 72-82cm Alum\u012bnija \/ t\u0113rauda r\u0101mis Kl\u0101ja garums 35cm PU rite\u0146i, 120mm, ABEC 5 oglek\u013ca gut\u0146i Maksim\u0101lais lietot\u0101ja svars 50kg, 5+ gadi<\/p>\n","protected":false},"featured_media":68115,"template":"","meta":[],"product_brand":[898],"product_cat":[4972],"product_tag":[],"class_list":{"0":"post-77793","1":"product","2":"type-product","3":"status-publish","4":"has-post-thumbnail","6":"product_brand-stiga","7":"product_cat-scooters-sports","9":"first","10":"instock","11":"shipping-taxable","12":"purchasable","13":"product-type-simple"},"_links":{"self":[{"href":"https:\/\/sezona.lv\/en\/wp-json\/wp\/v2\/product\/77793","targetHints":{"allow":["GET"]}}],"collection":[{"href":"https:\/\/sezona.lv\/en\/wp-json\/wp\/v2\/product"}],"about":[{"href":"https:\/\/sezona.lv\/en\/wp-json\/wp\/v2\/types\/product"}],"wp:featuredmedia":[{"embeddable":true,"href":"https:\/\/sezona.lv\/en\/wp-json\/wp\/v2\/media\/68115"}],"wp:attachment":[{"href":"https:\/\/sezona.lv\/en\/wp-json\/wp\/v2\/media?parent=77793"}],"wp:term":[{"taxonomy":"product_brand","embeddable":true,"href":"https:\/\/sezona.lv\/en\/wp-json\/wp\/v2\/product_brand?post=77793"},{"taxonomy":"product_cat","embeddable":true,"href":"https:\/\/sezona.lv\/en\/wp-json\/wp\/v2\/product_cat?post=77793"},{"taxonomy":"product_tag","embeddable":true,"href":"https:\/\/sezona.lv\/en\/wp-json\/wp\/v2\/product_tag?post=77793"}],"curies":[{"name":"wp","href":"https:\/\/api.w.org\/{rel}","templated":true}]}}