{"id":77794,"date":"2025-07-11T16:21:39","date_gmt":"2025-07-11T13:21:39","guid":{"rendered":"https:\/\/demo8.ecube.lv\/sezona.lv\/products\/stiga-skuteris-curver-145-s-kosi-sarkans\/"},"modified":"2025-07-14T15:12:54","modified_gmt":"2025-07-14T12:12:54","slug":"stiga-skuteris-curver-145-s-kosi-sarkans","status":"publish","type":"product","link":"https:\/\/sezona.lv\/en\/products\/stiga-skuteris-curver-145-s-kosi-sarkans\/","title":{"rendered":"Stiga Sk\u016bteris Curver 145 S ko\u0161i sarkans"},"content":{"rendered":"<p><span style=\"font-size: x-small\"><span style=\"font-family: Verdana;font-size: x-small\"><strong>Sk\u016bteris Curver 145 S<\/strong><\/span><\/span><\/p>\n<p>&nbsp;<\/p>\n<ul>\n<li>\n<div>\n<p><span style=\"font-family: Verdana;font-size: x-small\">Viegla t\u0113rauda\/alum\u012bnija konstrukciju.<\/span><\/p>\n<\/div>\n<\/li>\n<li>\n<div>\n<p><span style=\"font-family: Verdana;font-size: x-small\">PU rite\u0146i 145&#215;30 mm<\/span><\/p>\n<\/div>\n<\/li>\n<li>\n<div>\n<p><span style=\"font-family: Verdana;font-size: x-small\">Karbona gult\u0146i glud\u0101kai un atr\u0101kai brauk&scaron;anai.<\/span><\/p>\n<\/div>\n<\/li>\n<li>\n<div>\n<p><span style=\"font-family: Verdana;font-size: x-small\">Roktura augstums regul\u0113jams: 85\/90\/95 cm.<\/span><\/p>\n<\/div>\n<\/li>\n<li>\n<div>\n<p><span style=\"font-family: Verdana;font-size: x-small\">Lietot\u0101ja svars:max 100kg.<\/span><\/p>\n<\/div>\n<\/li>\n<li>\n<div>\n<p><span style=\"font-family: Verdana;font-size: x-small\">Vecums 8<\/span><\/p>\n<\/div>\n<\/li>\n<li>\n<div>\n<p><span style=\"font-family: Verdana;font-size: x-small\">Kr\u0101sa: ko&scaron;i sarkana<\/span><\/p>\n<\/div>\n<\/li>\n<\/ul>\n","protected":false},"excerpt":{"rendered":"<p>Sk\u016bteris Curver 145 S &nbsp; Viegla t\u0113rauda\/alum\u012bnija konstrukciju. PU rite\u0146i 145&#215;30 mm Karbona gult\u0146i glud\u0101kai un atr\u0101kai brauk&scaron;anai. Roktura augstums regul\u0113jams: 85\/90\/95 cm. Lietot\u0101ja svars:max 100kg. Vecums 8 Kr\u0101sa: ko&scaron;i sarkana<\/p>\n","protected":false},"featured_media":68118,"template":"","meta":[],"product_brand":[898],"product_cat":[4972],"product_tag":[],"class_list":{"0":"post-77794","1":"product","2":"type-product","3":"status-publish","4":"has-post-thumbnail","6":"product_brand-stiga","7":"product_cat-scooters-sports","9":"first","10":"instock","11":"shipping-taxable","12":"purchasable","13":"product-type-simple"},"_links":{"self":[{"href":"https:\/\/sezona.lv\/en\/wp-json\/wp\/v2\/product\/77794","targetHints":{"allow":["GET"]}}],"collection":[{"href":"https:\/\/sezona.lv\/en\/wp-json\/wp\/v2\/product"}],"about":[{"href":"https:\/\/sezona.lv\/en\/wp-json\/wp\/v2\/types\/product"}],"wp:featuredmedia":[{"embeddable":true,"href":"https:\/\/sezona.lv\/en\/wp-json\/wp\/v2\/media\/68118"}],"wp:attachment":[{"href":"https:\/\/sezona.lv\/en\/wp-json\/wp\/v2\/media?parent=77794"}],"wp:term":[{"taxonomy":"product_brand","embeddable":true,"href":"https:\/\/sezona.lv\/en\/wp-json\/wp\/v2\/product_brand?post=77794"},{"taxonomy":"product_cat","embeddable":true,"href":"https:\/\/sezona.lv\/en\/wp-json\/wp\/v2\/product_cat?post=77794"},{"taxonomy":"product_tag","embeddable":true,"href":"https:\/\/sezona.lv\/en\/wp-json\/wp\/v2\/product_tag?post=77794"}],"curies":[{"name":"wp","href":"https:\/\/api.w.org\/{rel}","templated":true}]}}