{"id":77797,"date":"2025-07-11T16:21:43","date_gmt":"2025-07-11T13:21:43","guid":{"rendered":"https:\/\/demo8.ecube.lv\/sezona.lv\/products\/stiga-skuteris-creator-200-s-balts\/"},"modified":"2025-07-14T15:12:56","modified_gmt":"2025-07-14T12:12:56","slug":"stiga-skuteris-creator-200-s-balts","status":"publish","type":"product","link":"https:\/\/sezona.lv\/en\/products\/stiga-skuteris-creator-200-s-balts\/","title":{"rendered":"Stiga Sk\u016bteris Creator 200 S, balts"},"content":{"rendered":"<p><span style=\"font-family: Verdana;font-size: x-small\"><strong><span id=\"content_descr\">Sk\u016bteris Creator 200 S<\/span><\/strong><\/span><span style=\"font-family: Verdana;font-size: x-small\"><span id=\"content_descr\"><br \/><\/span><\/span><\/p>\n<ul>\n<li>\n<p><span style=\"font-family: Verdana;font-size: x-small\"><span id=\"content_descr\">Vieglu t\u0113rauda\/alum\u012bnija konstrukciju.<\/span><\/span><\/p>\n<\/li>\n<li>\n<p><span style=\"font-family: Verdana;font-size: x-small\"><span id=\"content_descr\">PU rite\u0146i 200&#215;40 mm.<\/span><\/span><\/p>\n<\/li>\n<li>\n<p><span style=\"font-family: Verdana;font-size: x-small\"><span id=\"content_descr\">Karbona gult\u0146i glud\u0101kai un atr\u0101kai brauk&scaron;anai.<\/span><\/span><\/p>\n<\/li>\n<li>\n<p><span style=\"font-family: Verdana;font-size: x-small\"><span id=\"content_descr\">Regul\u0113jams roktura augstums: 90\/95\/100 cmLietot\u0101ja svars: max 100kg.<\/span><\/span><\/p>\n<\/li>\n<li>\n<p><span style=\"font-family: Verdana;font-size: x-small\"><span id=\"content_descr\">Vecums 10+&nbsp;<\/span><\/span><\/p>\n<\/li>\n<\/ul>\n","protected":false},"excerpt":{"rendered":"<p>Sk\u016bteris Creator 200 S Vieglu t\u0113rauda\/alum\u012bnija konstrukciju. PU rite\u0146i 200&#215;40 mm. Karbona gult\u0146i glud\u0101kai un atr\u0101kai brauk&scaron;anai. Regul\u0113jams roktura augstums: 90\/95\/100 cmLietot\u0101ja svars: max 100kg. Vecums 10+&nbsp;<\/p>\n","protected":false},"featured_media":68127,"template":"","meta":[],"product_brand":[898],"product_cat":[4972],"product_tag":[],"class_list":{"0":"post-77797","1":"product","2":"type-product","3":"status-publish","4":"has-post-thumbnail","6":"product_brand-stiga","7":"product_cat-scooters-sports","9":"first","10":"instock","11":"shipping-taxable","12":"purchasable","13":"product-type-simple"},"_links":{"self":[{"href":"https:\/\/sezona.lv\/en\/wp-json\/wp\/v2\/product\/77797","targetHints":{"allow":["GET"]}}],"collection":[{"href":"https:\/\/sezona.lv\/en\/wp-json\/wp\/v2\/product"}],"about":[{"href":"https:\/\/sezona.lv\/en\/wp-json\/wp\/v2\/types\/product"}],"wp:featuredmedia":[{"embeddable":true,"href":"https:\/\/sezona.lv\/en\/wp-json\/wp\/v2\/media\/68127"}],"wp:attachment":[{"href":"https:\/\/sezona.lv\/en\/wp-json\/wp\/v2\/media?parent=77797"}],"wp:term":[{"taxonomy":"product_brand","embeddable":true,"href":"https:\/\/sezona.lv\/en\/wp-json\/wp\/v2\/product_brand?post=77797"},{"taxonomy":"product_cat","embeddable":true,"href":"https:\/\/sezona.lv\/en\/wp-json\/wp\/v2\/product_cat?post=77797"},{"taxonomy":"product_tag","embeddable":true,"href":"https:\/\/sezona.lv\/en\/wp-json\/wp\/v2\/product_tag?post=77797"}],"curies":[{"name":"wp","href":"https:\/\/api.w.org\/{rel}","templated":true}]}}