{"id":77798,"date":"2025-07-11T16:21:45","date_gmt":"2025-07-11T13:21:45","guid":{"rendered":"https:\/\/demo8.ecube.lv\/sezona.lv\/products\/stiga-skuteris-creator-200-s-lr-melns-sarkans\/"},"modified":"2025-07-14T15:12:57","modified_gmt":"2025-07-14T12:12:57","slug":"stiga-skuteris-creator-200-s-lr-melns-sarkans","status":"publish","type":"product","link":"https:\/\/sezona.lv\/en\/products\/stiga-skuteris-creator-200-s-lr-melns-sarkans\/","title":{"rendered":"Stiga Sk\u016bteris Creator 200 S LR, melns\/sarkans"},"content":{"rendered":"<ul>\n<span style=\"font-size: x-small\"><\/p>\n<li><span style=\"font-family: Verdana;font-size: x-small\">Sk\u016bteris Creator 200 ar vieglu t\u0113rauda\/alum\u012bnija konstrukciju.&nbsp;<\/span><\/li>\n<p><\/span>\n<\/ul>\n<ol>\n<li><span style=\"font-family: Verdana;font-size: x-small\">PU rite\u0146i 200&#215;40 mm.<\/span><\/li>\n<\/ol>\n<ul>\n<li><span style=\"font-family: Verdana;font-size: x-small\">Karbona gult\u0146i glud\u0101kai un atr\u0101kai brauk&scaron;anai.<\/span><\/li>\n<\/ul>\n<ul>\n<li><span style=\"font-family: Verdana;font-size: x-small\">Saliekamsroktura augstums regul\u0113jams 90\/95\/100 cm.&nbsp;<\/span><\/li>\n<\/ul>\n<ul>\n<li><span style=\"font-family: Verdana;font-size: x-small\">Lietot\u0101ja svars: max 100kg. V<\/span><\/li>\n<\/ul>\n<p>&nbsp;<\/p>\n<ul>\n<li><span style=\"font-family: Verdana;font-size: x-small\">Vecums 10+<\/span><\/li>\n<\/ul>\n","protected":false},"excerpt":{"rendered":"<p>Sk\u016bteris Creator 200 ar vieglu t\u0113rauda\/alum\u012bnija konstrukciju.&nbsp; PU rite\u0146i 200&#215;40 mm. Karbona gult\u0146i glud\u0101kai un atr\u0101kai brauk&scaron;anai. Saliekamsroktura augstums regul\u0113jams 90\/95\/100 cm.&nbsp; Lietot\u0101ja svars: max 100kg. V &nbsp; Vecums 10+<\/p>\n","protected":false},"featured_media":68130,"template":"","meta":[],"product_brand":[898],"product_cat":[4972],"product_tag":[],"class_list":{"0":"post-77798","1":"product","2":"type-product","3":"status-publish","4":"has-post-thumbnail","6":"product_brand-stiga","7":"product_cat-scooters-sports","9":"first","10":"instock","11":"shipping-taxable","12":"purchasable","13":"product-type-simple"},"_links":{"self":[{"href":"https:\/\/sezona.lv\/en\/wp-json\/wp\/v2\/product\/77798","targetHints":{"allow":["GET"]}}],"collection":[{"href":"https:\/\/sezona.lv\/en\/wp-json\/wp\/v2\/product"}],"about":[{"href":"https:\/\/sezona.lv\/en\/wp-json\/wp\/v2\/types\/product"}],"wp:featuredmedia":[{"embeddable":true,"href":"https:\/\/sezona.lv\/en\/wp-json\/wp\/v2\/media\/68130"}],"wp:attachment":[{"href":"https:\/\/sezona.lv\/en\/wp-json\/wp\/v2\/media?parent=77798"}],"wp:term":[{"taxonomy":"product_brand","embeddable":true,"href":"https:\/\/sezona.lv\/en\/wp-json\/wp\/v2\/product_brand?post=77798"},{"taxonomy":"product_cat","embeddable":true,"href":"https:\/\/sezona.lv\/en\/wp-json\/wp\/v2\/product_cat?post=77798"},{"taxonomy":"product_tag","embeddable":true,"href":"https:\/\/sezona.lv\/en\/wp-json\/wp\/v2\/product_tag?post=77798"}],"curies":[{"name":"wp","href":"https:\/\/api.w.org\/{rel}","templated":true}]}}