{"id":77799,"date":"2025-07-11T16:21:46","date_gmt":"2025-07-11T13:21:46","guid":{"rendered":"https:\/\/demo8.ecube.lv\/sezona.lv\/products\/stiga-skrituldelis-crown-l-8-0\/"},"modified":"2025-07-14T15:12:58","modified_gmt":"2025-07-14T12:12:58","slug":"stiga-skrituldelis-crown-l-8-0","status":"publish","type":"product","link":"https:\/\/sezona.lv\/en\/products\/stiga-skrituldelis-crown-l-8-0\/","title":{"rendered":"Stiga Skritu\u013cd\u0113lis Crown L 8,0"},"content":{"rendered":"<ul>\n<span style=\"font-size: x-small\"><\/p>\n<li><span style=\"font-family: Verdana;font-size: x-small\">B\u0113rnu skritu\u013cd\u0113\u013cis STIGA brauc\u0113jiem, kas v\u0113las uzlabot saves prasmes.<\/span><\/li>\n<p><\/span>\n<\/ul>\n<ul>\n<li><span style=\"font-family: Verdana;font-size: x-small\">Izm\u0113rs 79*20 cm<\/span><\/li>\n<\/ul>\n<p>&nbsp;<\/p>\n<ul>\n<li><span style=\"font-family: Verdana;font-size: x-small\">B\u0113rniem ar svaru l\u012bdz 100 kg. Vecums 5+<\/span><\/li>\n<\/ul>\n","protected":false},"excerpt":{"rendered":"<p>B\u0113rnu skritu\u013cd\u0113\u013cis STIGA brauc\u0113jiem, kas v\u0113las uzlabot saves prasmes. Izm\u0113rs 79*20 cm &nbsp; B\u0113rniem ar svaru l\u012bdz 100 kg. Vecums 5+<\/p>\n","protected":false},"featured_media":68133,"template":"","meta":[],"product_brand":[898],"product_cat":[967],"product_tag":[],"class_list":{"0":"post-77799","1":"product","2":"type-product","3":"status-publish","4":"has-post-thumbnail","6":"product_brand-stiga","7":"product_cat-bez-kategorijas","9":"first","10":"instock","11":"shipping-taxable","12":"purchasable","13":"product-type-simple"},"_links":{"self":[{"href":"https:\/\/sezona.lv\/en\/wp-json\/wp\/v2\/product\/77799","targetHints":{"allow":["GET"]}}],"collection":[{"href":"https:\/\/sezona.lv\/en\/wp-json\/wp\/v2\/product"}],"about":[{"href":"https:\/\/sezona.lv\/en\/wp-json\/wp\/v2\/types\/product"}],"wp:featuredmedia":[{"embeddable":true,"href":"https:\/\/sezona.lv\/en\/wp-json\/wp\/v2\/media\/68133"}],"wp:attachment":[{"href":"https:\/\/sezona.lv\/en\/wp-json\/wp\/v2\/media?parent=77799"}],"wp:term":[{"taxonomy":"product_brand","embeddable":true,"href":"https:\/\/sezona.lv\/en\/wp-json\/wp\/v2\/product_brand?post=77799"},{"taxonomy":"product_cat","embeddable":true,"href":"https:\/\/sezona.lv\/en\/wp-json\/wp\/v2\/product_cat?post=77799"},{"taxonomy":"product_tag","embeddable":true,"href":"https:\/\/sezona.lv\/en\/wp-json\/wp\/v2\/product_tag?post=77799"}],"curies":[{"name":"wp","href":"https:\/\/api.w.org\/{rel}","templated":true}]}}