{"id":77800,"date":"2025-07-11T16:21:47","date_gmt":"2025-07-11T13:21:47","guid":{"rendered":"https:\/\/demo8.ecube.lv\/sezona.lv\/products\/stiga-skuteris-trick-scooter-tx-oranzs\/"},"modified":"2025-07-14T15:12:59","modified_gmt":"2025-07-14T12:12:59","slug":"stiga-skuteris-trick-scooter-tx-oranzs","status":"publish","type":"product","link":"https:\/\/sezona.lv\/en\/products\/stiga-skuteris-trick-scooter-tx-oranzs\/","title":{"rendered":"Stiga Sk\u016bteris Trick Scooter TX, oran\u017es"},"content":{"rendered":"<ul>\n<span style=\"font-size: x-small\"><span style=\"font-size: x-small\"><\/p>\n<li>\n<p><span style=\"font-family: Verdana;font-size: x-small\">Augstums: 77 cm<br \/><\/span><\/p>\n<\/li>\n<li>\n<p><span style=\"font-family: Verdana;font-size: x-small\"><span id=\"result_box\" lang=\"lv\"><span class=\"hps\">Pastiprin\u0101ta<\/span>&nbsp;<span class=\"hps\">modelis<\/span>&nbsp;<span class=\"hps\">piem\u0113rots<\/span>&nbsp;<span class=\"hps\">trikiem<\/span>&nbsp;<span class=\"hps\">un<\/span>&nbsp;<span class=\"hps\">l\u0113cieniem<\/span><\/span>&nbsp;<\/span><span style=\"font-family: Verdana;font-size: x-small\"><br \/><\/span><\/p>\n<\/li>\n<li>\n<p><span style=\"font-size: x-small\"><span style=\"font-family: Verdana;font-size: x-small\">Stabil&scaron; t\u0113rauda&nbsp;<\/span><span style=\"font-family: Verdana;font-size: x-small\"><span style=\"font-size: x-small\"><span style=\"font-family: Verdana;font-size: x-small\">un alum\u012bnija&nbsp;<\/span><\/span>konstrukcija<br \/><\/span><\/span><\/p>\n<\/li>\n<li>\n<p><span style=\"font-family: Verdana;font-size: x-small\">Lietot\u0101ja svars: max 100 kg<br \/><\/span><\/p>\n<\/li>\n<li>\n<p><span style=\"font-family: Verdana;font-size: x-small\">Vecums 7 +<\/span><\/p>\n<\/li>\n<p><\/span><\/span>\n<\/ul>\n","protected":false},"excerpt":{"rendered":"<p>Augstums: 77 cm Pastiprin\u0101ta&nbsp;modelis&nbsp;piem\u0113rots&nbsp;trikiem&nbsp;un&nbsp;l\u0113cieniem&nbsp; Stabil&scaron; t\u0113rauda&nbsp;un alum\u012bnija&nbsp;konstrukcija Lietot\u0101ja svars: max 100 kg Vecums 7 +<\/p>\n","protected":false},"featured_media":68136,"template":"","meta":[],"product_brand":[898],"product_cat":[4972],"product_tag":[],"class_list":{"0":"post-77800","1":"product","2":"type-product","3":"status-publish","4":"has-post-thumbnail","6":"product_brand-stiga","7":"product_cat-scooters-sports","9":"first","10":"instock","11":"shipping-taxable","12":"purchasable","13":"product-type-simple"},"_links":{"self":[{"href":"https:\/\/sezona.lv\/en\/wp-json\/wp\/v2\/product\/77800","targetHints":{"allow":["GET"]}}],"collection":[{"href":"https:\/\/sezona.lv\/en\/wp-json\/wp\/v2\/product"}],"about":[{"href":"https:\/\/sezona.lv\/en\/wp-json\/wp\/v2\/types\/product"}],"wp:featuredmedia":[{"embeddable":true,"href":"https:\/\/sezona.lv\/en\/wp-json\/wp\/v2\/media\/68136"}],"wp:attachment":[{"href":"https:\/\/sezona.lv\/en\/wp-json\/wp\/v2\/media?parent=77800"}],"wp:term":[{"taxonomy":"product_brand","embeddable":true,"href":"https:\/\/sezona.lv\/en\/wp-json\/wp\/v2\/product_brand?post=77800"},{"taxonomy":"product_cat","embeddable":true,"href":"https:\/\/sezona.lv\/en\/wp-json\/wp\/v2\/product_cat?post=77800"},{"taxonomy":"product_tag","embeddable":true,"href":"https:\/\/sezona.lv\/en\/wp-json\/wp\/v2\/product_tag?post=77800"}],"curies":[{"name":"wp","href":"https:\/\/api.w.org\/{rel}","templated":true}]}}