{"id":77814,"date":"2025-07-11T16:22:20","date_gmt":"2025-07-11T13:22:20","guid":{"rendered":"https:\/\/demo8.ecube.lv\/sezona.lv\/products\/akumulatora-ladetajs-minn-kota-sc-220e-eiropas-2-bankas-x-10-amperi\/"},"modified":"2025-07-14T15:13:15","modified_gmt":"2025-07-14T12:13:15","slug":"akumulatora-ladetajs-minn-kota-sc-220e-eiropas-2-bankas-x-10-amperi","status":"publish","type":"product","link":"https:\/\/sezona.lv\/en\/products\/akumulatora-ladetajs-minn-kota-sc-220e-eiropas-2-bankas-x-10-amperi\/","title":{"rendered":"Akumulatora l\u0101d\u0113t\u0101js MINN KOTA SC-220E Eiropas  (2 bankas x 10 amp\u0113ri)"},"content":{"rendered":"<p>Laiv\u0101 uzst\u0101d\u0101ms akumulatoru l\u0101d\u0113t\u0101js, kas paredz\u0113ts 2 akumulatoru l\u0101d\u0113&scaron;anai vienlaic\u012bgi.<\/p>\n<p>2-banku l\u0101d\u0113t\u0101js ar l\u0101d\u0113&scaron;anas jaudu 2x10Amp, kop\u0113j\u0101 jauda 20Amp.<\/p>\n<p>L\u0101d\u0113t\u0101j\u0101 iestr\u0101d\u0101tais mikroprocesors nodro&scaron;ina nep\u0101rtrauktu temperat\u016bras un uzl\u0101des l\u012bme\u0146a kontroli, t\u0101dej\u0101di akumulators tiek uzl\u0101d\u0113ts \u0101tr\u0101k, dro&scaron;\u0101k, prec\u012bz\u0101k.&nbsp;<\/p>\n<p>Visi Minn Kota l\u0101d\u0113t\u0101ji darbojas p\u0113c 3 ciklu sist\u0113mas: uzl\u0101de, absorbcija, uztur\u0113&scaron;ana, t\u0101dej\u0101di kontrol\u0113jot volt\u0101\u017eu un str\u0101vas padevi, nodro&scaron;inot dro&scaron;u un pareizu uzl\u0101di.&nbsp;<\/p>\n<p>L\u0101d\u0113t\u0101jam ir \u016bdensdro&scaron;a, triecieniztur\u012bga, k\u0101 ari pret vibr\u0101cij\u0101m dro&scaron;a konstrukcija. &nbsp;<\/p>\n<p>L\u0101d\u0113t\u0101ju uzst\u0101da stacion\u0101rai lieto&scaron;anai laiv\u0101 ar past\u0101v\u012bgu piesl\u0113gumu akumulatoriem. Uzl\u0101des veik&scaron;anai l\u0101d\u0113t\u0101ju piesl\u0113dz pie 230V un l\u0101d\u0113&scaron;anas cikls notiek autom\u0101tiski.&nbsp;<\/p>\n<p>&Scaron;is l\u0101d\u0113t\u0101js paredz\u0113ts dzi\u013c\u0101s iz\u013c\u0101des sk\u0101bes\/s\u0101rma akumulatoriem, nav paredz\u0113ts AGM tipa akumulatoriem<\/p>\n","protected":false},"excerpt":{"rendered":"<p>Laiv\u0101 uzst\u0101d\u0101ms akumulatoru l\u0101d\u0113t\u0101js, kas paredz\u0113ts 2 akumulatoru l\u0101d\u0113&scaron;anai vienlaic\u012bgi. 2-banku l\u0101d\u0113t\u0101js ar l\u0101d\u0113&scaron;anas jaudu 2x10Amp, kop\u0113j\u0101 jauda 20Amp. L\u0101d\u0113t\u0101j\u0101 iestr\u0101d\u0101tais mikroprocesors nodro&scaron;ina nep\u0101rtrauktu temperat\u016bras un uzl\u0101des l\u012bme\u0146a kontroli, t\u0101dej\u0101di akumulators tiek uzl\u0101d\u0113ts \u0101tr\u0101k, dro&scaron;\u0101k, prec\u012bz\u0101k.&nbsp; Visi Minn Kota l\u0101d\u0113t\u0101ji darbojas p\u0113c 3 ciklu sist\u0113mas: uzl\u0101de, absorbcija, uztur\u0113&scaron;ana, t\u0101dej\u0101di kontrol\u0113jot volt\u0101\u017eu un str\u0101vas padevi, nodro&scaron;inot [&hellip;]<\/p>\n","protected":false},"featured_media":68249,"template":"","meta":[],"product_brand":[3370],"product_cat":[4557,4951],"product_tag":[],"class_list":{"0":"post-77814","1":"product","2":"type-product","3":"status-publish","4":"has-post-thumbnail","6":"product_brand-minn-kota","7":"product_cat-boats-recreation","8":"product_cat-battery-chargers-boats-recreation","10":"first","11":"instock","12":"shipping-taxable","13":"purchasable","14":"product-type-simple"},"_links":{"self":[{"href":"https:\/\/sezona.lv\/en\/wp-json\/wp\/v2\/product\/77814","targetHints":{"allow":["GET"]}}],"collection":[{"href":"https:\/\/sezona.lv\/en\/wp-json\/wp\/v2\/product"}],"about":[{"href":"https:\/\/sezona.lv\/en\/wp-json\/wp\/v2\/types\/product"}],"wp:featuredmedia":[{"embeddable":true,"href":"https:\/\/sezona.lv\/en\/wp-json\/wp\/v2\/media\/68249"}],"wp:attachment":[{"href":"https:\/\/sezona.lv\/en\/wp-json\/wp\/v2\/media?parent=77814"}],"wp:term":[{"taxonomy":"product_brand","embeddable":true,"href":"https:\/\/sezona.lv\/en\/wp-json\/wp\/v2\/product_brand?post=77814"},{"taxonomy":"product_cat","embeddable":true,"href":"https:\/\/sezona.lv\/en\/wp-json\/wp\/v2\/product_cat?post=77814"},{"taxonomy":"product_tag","embeddable":true,"href":"https:\/\/sezona.lv\/en\/wp-json\/wp\/v2\/product_tag?post=77814"}],"curies":[{"name":"wp","href":"https:\/\/api.w.org\/{rel}","templated":true}]}}