{"id":77815,"date":"2025-07-11T16:22:22","date_gmt":"2025-07-11T13:22:22","guid":{"rendered":"https:\/\/demo8.ecube.lv\/sezona.lv\/products\/elektromotors-minn-kota-endura-c2-40-36-ar-spr-meritaju\/"},"modified":"2025-07-14T15:13:16","modified_gmt":"2025-07-14T12:13:16","slug":"elektromotors-minn-kota-endura-c2-40-36-ar-spr-meritaju","status":"publish","type":"product","link":"https:\/\/sezona.lv\/en\/products\/elektromotors-minn-kota-endura-c2-40-36-ar-spr-meritaju\/","title":{"rendered":"Elektromotors Minn Kota ENDURA C2 40 36 ar spr.m\u0113r\u012bt\u0101ju"},"content":{"rendered":"<p><span>Sald\u016bdens elektromotors, paredz\u0113ts mont\u0113t uz laiva tran\u010da, k\u0101jas garums 91 cm, 12V, 40 lb, triecieniztur\u012bga kompoz\u012btmateri\u0101lu k\u0101ja, 5 \u0101trumi, teleskopisks rokturis<\/span><\/p>\n<h4>Elektromotors MinnKota Endura C2 40 Lb<\/h4>\n<p>Elektromotors MinnKota Endura C2 40 Lb ir sald\u016bdens elektromotors, paredz\u0113ts mont\u0113t uz laiva tran\u010da, k\u0101jas garums 91 cm, 12V, 40 lb, triecieniztur\u012bga kompoz\u012btmateri\u0101lu k\u0101ja, 5 \u0101trumi, teleskopisks rokturis.<\/p>\n<p>Motors nav smags, ir viegli p\u0101rvad\u0101jams un uzticams. Lai neboj\u0101tu motora \u0101trumu sl\u0113dzi, svar\u012bgi atcer\u0113ties, ka \u0101trumus j\u0101sl\u0113dz l\u0113n\u0101m, ar p\u0101ris sekun\u017eu pauzi, t\u0101d\u0113j\u0101di izvairoties no motora boj\u0101&scaron;anas neadekv\u0101ti lietojot.<\/p>\n","protected":false},"excerpt":{"rendered":"<p>Sald\u016bdens elektromotors, paredz\u0113ts mont\u0113t uz laiva tran\u010da, k\u0101jas garums 91 cm, 12V, 40 lb, triecieniztur\u012bga kompoz\u012btmateri\u0101lu k\u0101ja, 5 \u0101trumi, teleskopisks rokturis Elektromotors MinnKota Endura C2 40 Lb Elektromotors MinnKota Endura C2 40 Lb ir sald\u016bdens elektromotors, paredz\u0113ts mont\u0113t uz laiva tran\u010da, k\u0101jas garums 91 cm, 12V, 40 lb, triecieniztur\u012bga kompoz\u012btmateri\u0101lu k\u0101ja, 5 \u0101trumi, teleskopisks rokturis. [&hellip;]<\/p>\n","protected":false},"featured_media":109109,"template":"","meta":[],"product_brand":[3370],"product_cat":[4765],"product_tag":[],"class_list":{"0":"post-77815","1":"product","2":"type-product","3":"status-publish","4":"has-post-thumbnail","6":"product_brand-minn-kota","7":"product_cat-electric-motors-boats-recreation","9":"first","10":"instock","11":"shipping-taxable","12":"purchasable","13":"product-type-simple"},"_links":{"self":[{"href":"https:\/\/sezona.lv\/en\/wp-json\/wp\/v2\/product\/77815","targetHints":{"allow":["GET"]}}],"collection":[{"href":"https:\/\/sezona.lv\/en\/wp-json\/wp\/v2\/product"}],"about":[{"href":"https:\/\/sezona.lv\/en\/wp-json\/wp\/v2\/types\/product"}],"wp:featuredmedia":[{"embeddable":true,"href":"https:\/\/sezona.lv\/en\/wp-json\/wp\/v2\/media\/109109"}],"wp:attachment":[{"href":"https:\/\/sezona.lv\/en\/wp-json\/wp\/v2\/media?parent=77815"}],"wp:term":[{"taxonomy":"product_brand","embeddable":true,"href":"https:\/\/sezona.lv\/en\/wp-json\/wp\/v2\/product_brand?post=77815"},{"taxonomy":"product_cat","embeddable":true,"href":"https:\/\/sezona.lv\/en\/wp-json\/wp\/v2\/product_cat?post=77815"},{"taxonomy":"product_tag","embeddable":true,"href":"https:\/\/sezona.lv\/en\/wp-json\/wp\/v2\/product_tag?post=77815"}],"curies":[{"name":"wp","href":"https:\/\/api.w.org\/{rel}","templated":true}]}}