{"id":77816,"date":"2025-07-11T16:22:23","date_gmt":"2025-07-11T13:22:23","guid":{"rendered":"https:\/\/demo8.ecube.lv\/sezona.lv\/products\/elektromotors-minn-kota-endura-c2-45-36-ar-spr-meritaju\/"},"modified":"2025-07-14T15:13:17","modified_gmt":"2025-07-14T12:13:17","slug":"elektromotors-minn-kota-endura-c2-45-36-ar-spr-meritaju","status":"publish","type":"product","link":"https:\/\/sezona.lv\/en\/products\/elektromotors-minn-kota-endura-c2-45-36-ar-spr-meritaju\/","title":{"rendered":"Elektromotors Minn Kota ENDURA C2 45 36 ar spr.m\u0113r\u012bt\u0101ju"},"content":{"rendered":"<p>Endura ir le\u0123end\u0101rs sava darba veic\u0113js, kas ir izstr\u0101d\u0101ts, izp\u0113t\u012bts, izgatavots, lai kalpotu gadiem ilgi. Tas ir maksim\u0101ls formas un funkcijas apvienojums komplekt\u0101, kas ved j\u016bs uz \u016bdens dienu no dienas, gadu p\u0113c gada &#8211; k\u0101 neviens.<\/p>\n<table style=\"height: 223px\" border=\"0\" cellspacing=\"1\" cellpadding=\"1\" width=\"347\">\n<tbody>\n<tr>\n<td colspan=\"2\"><strong>SPECIFIK\u0100CIJA<\/strong><\/td>\n<\/tr>\n<tr>\n<td><strong>Motora vad\u012bba<\/strong><\/td>\n<td>rokas<\/td>\n<\/tr>\n<tr>\n<td><strong>Rokturis<\/strong><\/td>\n<td>teleskopisks<\/td>\n<\/tr>\n<tr>\n<td><strong>\u0100trumu p\u0101rsl\u0113g&scaron;ana<\/strong><\/td>\n<td>5 uz priek&scaron;u\/ 3 atpaka\u013cgait\u0101<\/td>\n<\/tr>\n<tr>\n<td><strong>Sprieguma m\u0113r\u012bt\u0101js<\/strong><\/td>\n<td>ieb\u016bv\u0113ts<\/td>\n<\/tr>\n<tr>\n<td><strong>Jauda<\/strong><\/td>\n<td>45 Lbs (jaudas m\u0101rci\u0146as)<\/td>\n<\/tr>\n<tr>\n<td><strong>Stie\u0146a garums<\/strong><\/td>\n<td>91.44 cm<\/td>\n<\/tr>\n<tr>\n<td><strong>Dzenskr\u016bve<\/strong><\/td>\n<td>MKP2 \/ MKP6<\/td>\n<\/tr>\n<tr>\n<td><strong>Nepiecie&scaron;amais spriegums<\/strong><\/td>\n<td>12 V<\/td>\n<\/tr>\n<tr>\n<td><strong>Akumulatora tips<\/strong><\/td>\n<td>dzi\u013c\u0101s izl\u0101des<\/td>\n<\/tr>\n<\/tbody>\n<\/table>\n","protected":false},"excerpt":{"rendered":"<p>Endura ir le\u0123end\u0101rs sava darba veic\u0113js, kas ir izstr\u0101d\u0101ts, izp\u0113t\u012bts, izgatavots, lai kalpotu gadiem ilgi. Tas ir maksim\u0101ls formas un funkcijas apvienojums komplekt\u0101, kas ved j\u016bs uz \u016bdens dienu no dienas, gadu p\u0113c gada &#8211; k\u0101 neviens. SPECIFIK\u0100CIJA Motora vad\u012bba rokas Rokturis teleskopisks \u0100trumu p\u0101rsl\u0113g&scaron;ana 5 uz priek&scaron;u\/ 3 atpaka\u013cgait\u0101 Sprieguma m\u0113r\u012bt\u0101js ieb\u016bv\u0113ts Jauda 45 [&hellip;]<\/p>\n","protected":false},"featured_media":109111,"template":"","meta":[],"product_brand":[3370],"product_cat":[4765],"product_tag":[],"class_list":{"0":"post-77816","1":"product","2":"type-product","3":"status-publish","4":"has-post-thumbnail","6":"product_brand-minn-kota","7":"product_cat-electric-motors-boats-recreation","9":"first","10":"instock","11":"shipping-taxable","12":"purchasable","13":"product-type-simple"},"_links":{"self":[{"href":"https:\/\/sezona.lv\/en\/wp-json\/wp\/v2\/product\/77816","targetHints":{"allow":["GET"]}}],"collection":[{"href":"https:\/\/sezona.lv\/en\/wp-json\/wp\/v2\/product"}],"about":[{"href":"https:\/\/sezona.lv\/en\/wp-json\/wp\/v2\/types\/product"}],"wp:featuredmedia":[{"embeddable":true,"href":"https:\/\/sezona.lv\/en\/wp-json\/wp\/v2\/media\/109111"}],"wp:attachment":[{"href":"https:\/\/sezona.lv\/en\/wp-json\/wp\/v2\/media?parent=77816"}],"wp:term":[{"taxonomy":"product_brand","embeddable":true,"href":"https:\/\/sezona.lv\/en\/wp-json\/wp\/v2\/product_brand?post=77816"},{"taxonomy":"product_cat","embeddable":true,"href":"https:\/\/sezona.lv\/en\/wp-json\/wp\/v2\/product_cat?post=77816"},{"taxonomy":"product_tag","embeddable":true,"href":"https:\/\/sezona.lv\/en\/wp-json\/wp\/v2\/product_tag?post=77816"}],"curies":[{"name":"wp","href":"https:\/\/api.w.org\/{rel}","templated":true}]}}