{"id":77819,"date":"2025-07-11T16:22:28","date_gmt":"2025-07-11T13:22:28","guid":{"rendered":"https:\/\/demo8.ecube.lv\/sezona.lv\/products\/elektromotors-minn-kota-endura-max-40-36-ar-spr-meritaju\/"},"modified":"2025-07-14T15:13:21","modified_gmt":"2025-07-14T12:13:21","slug":"elektromotors-minn-kota-endura-max-40-36-ar-spr-meritaju","status":"publish","type":"product","link":"https:\/\/sezona.lv\/en\/products\/elektromotors-minn-kota-endura-max-40-36-ar-spr-meritaju\/","title":{"rendered":"Elektromotors Minn Kota ENDURA MAX 40 36 ar spr.m\u0113r\u012bt\u0101ju"},"content":{"rendered":"<p>Ar jauno Endura Max elektromotoru cope beidzas tad kad j\u016bs to v\u0113laties nevis kad izl\u0101d\u0113jas akumulators. Digital Maximizer funkcija ar vienu uzl\u0101di \u013cauj pavad\u012bt laiku uz \u016bdens l\u012bdz pat piec\u0101m reiz\u0113m ilg\u0101k k\u0101 ar parasto elektromotoru. T\u0101tad ir vair\u0101k laika uz \u016bdens, un vair\u0101k laika mak&scaron;\u0137er\u0113&scaron;anai. Iek\u0101rtojieties \u0113rti.<\/p>\n<table style=\"height: 223px\" border=\"0\" cellspacing=\"1\" cellpadding=\"1\" width=\"334\">\n<tbody>\n<tr>\n<td colspan=\"2\"><strong>PECIFIK\u0100CIJA<\/strong><\/td>\n<\/tr>\n<tr>\n<td><strong>Morora vad\u012bba<\/strong><\/td>\n<td>rokas<\/td>\n<\/tr>\n<tr>\n<td><strong>Rokturis<\/strong><\/td>\n<td>teleskopisks<\/td>\n<\/tr>\n<tr>\n<td><strong>\u0100trumu p\u0101rsl\u0113g&scaron;ana<\/strong><\/td>\n<td>vienm\u0113r\u012bgi<\/td>\n<\/tr>\n<tr>\n<td><strong>Sprieguma m\u0113r\u012bt\u0101js<\/strong><\/td>\n<td>ieb\u016bv\u0113ts<\/td>\n<\/tr>\n<tr>\n<td><strong>Digital Maximizer*<\/strong><\/td>\n<td>ieb\u016bv\u0113ts<\/td>\n<\/tr>\n<tr>\n<td><strong>Jauda<\/strong><\/td>\n<td>40 Lbs (jaudas m\u0101rci\u0146as)<\/td>\n<\/tr>\n<tr>\n<td><strong>Stie\u0146a garums<\/strong><\/td>\n<td>91.44 cm<\/td>\n<\/tr>\n<tr>\n<td><strong>Dzenskr\u016bve<\/strong><\/td>\n<td>MKP6<\/td>\n<\/tr>\n<tr>\n<td><strong>Nepiecie&scaron;amais priegums<\/strong><\/td>\n<td>12 V<\/td>\n<\/tr>\n<tr>\n<td><strong>Akumulatora tips<\/strong><\/td>\n<td>dzi\u013c\u0101s izl\u0101des<\/td>\n<\/tr>\n<\/tbody>\n<\/table>\n","protected":false},"excerpt":{"rendered":"<p>Ar jauno Endura Max elektromotoru cope beidzas tad kad j\u016bs to v\u0113laties nevis kad izl\u0101d\u0113jas akumulators. Digital Maximizer funkcija ar vienu uzl\u0101di \u013cauj pavad\u012bt laiku uz \u016bdens l\u012bdz pat piec\u0101m reiz\u0113m ilg\u0101k k\u0101 ar parasto elektromotoru. T\u0101tad ir vair\u0101k laika uz \u016bdens, un vair\u0101k laika mak&scaron;\u0137er\u0113&scaron;anai. Iek\u0101rtojieties \u0113rti. PECIFIK\u0100CIJA Morora vad\u012bba rokas Rokturis teleskopisks \u0100trumu [&hellip;]<\/p>\n","protected":false},"featured_media":109118,"template":"","meta":[],"product_brand":[3370],"product_cat":[4765],"product_tag":[],"class_list":{"0":"post-77819","1":"product","2":"type-product","3":"status-publish","4":"has-post-thumbnail","6":"product_brand-minn-kota","7":"product_cat-electric-motors-boats-recreation","9":"first","10":"outofstock","11":"shipping-taxable","12":"purchasable","13":"product-type-simple"},"_links":{"self":[{"href":"https:\/\/sezona.lv\/en\/wp-json\/wp\/v2\/product\/77819","targetHints":{"allow":["GET"]}}],"collection":[{"href":"https:\/\/sezona.lv\/en\/wp-json\/wp\/v2\/product"}],"about":[{"href":"https:\/\/sezona.lv\/en\/wp-json\/wp\/v2\/types\/product"}],"wp:featuredmedia":[{"embeddable":true,"href":"https:\/\/sezona.lv\/en\/wp-json\/wp\/v2\/media\/109118"}],"wp:attachment":[{"href":"https:\/\/sezona.lv\/en\/wp-json\/wp\/v2\/media?parent=77819"}],"wp:term":[{"taxonomy":"product_brand","embeddable":true,"href":"https:\/\/sezona.lv\/en\/wp-json\/wp\/v2\/product_brand?post=77819"},{"taxonomy":"product_cat","embeddable":true,"href":"https:\/\/sezona.lv\/en\/wp-json\/wp\/v2\/product_cat?post=77819"},{"taxonomy":"product_tag","embeddable":true,"href":"https:\/\/sezona.lv\/en\/wp-json\/wp\/v2\/product_tag?post=77819"}],"curies":[{"name":"wp","href":"https:\/\/api.w.org\/{rel}","templated":true}]}}