{"id":77823,"date":"2025-07-11T16:22:35","date_gmt":"2025-07-11T13:22:35","guid":{"rendered":"https:\/\/demo8.ecube.lv\/sezona.lv\/products\/kovea-deglis-solo-stove\/"},"modified":"2025-07-14T15:13:25","modified_gmt":"2025-07-14T12:13:25","slug":"kovea-deglis-solo-stove","status":"publish","type":"product","link":"https:\/\/sezona.lv\/en\/products\/kovea-deglis-solo-stove\/","title":{"rendered":"Kovea Deglis SOLO STOVE"},"content":{"rendered":"<div class=\"rte\">\n<p>\u013boti viegls un kompakts g\u0101zes deglis\/pl\u012bti\u0146a ar  Piezo aizdedzi. Kompakts g\u0101zes deglis\/pl\u012bti\u0146a \u0113diena pagatavo&scaron;anai  ce\u013cojuma laik\u0101. Paredz\u0113ts tiem, kam ekip\u0113juma svars un apjoms ir \u013coti  noz\u012bm\u012bgs. Pateicoties Piezo tipa aizdedzei, vienk\u0101r&scaron;s lieto&scaron;an\u0101. Korpuss  izgatavots no alum\u012bnija ar ner\u016bs\u0113jo&scaron;\u0101 t\u0113rauda atbalsta k\u0101ji\u0146\u0101m.  Neaizvietojams ekip\u0113jums visa veida kalnu p\u0101rg\u0101jienos, velot\u016brism\u0101,  atp\u016bt\u0101 pie dabas, mak&scaron;\u0137er\u0113&scaron;an\u0101 un med\u012bb\u0101s. Paredz\u0113ts lieto&scaron;anai ar  skr\u016bv\u0113jamiem baloniem (epi-gas). Ar p\u0101reju Cobra deglis lietojams ar\u012b ar  garajiem adatas tipa baloniem, &scaron;ai gad\u012bjum\u0101 deglis uzst\u0101d\u0101ms uz  k\u0101ji\u0146\u0101m.<\/p>\n<h4>Specifik\u0101cija:<\/h4>\n<p><strong> Aizdedze:<\/strong> Piezo <br \/><strong>Svars:<\/strong> 124 grami<br \/><strong>Izm\u0113rs:<\/strong> 57 x 57 x 100 mm <br \/><strong>Sildvirsmas diametrs:<\/strong> 115 mm<br \/><strong>Iepakojums:<\/strong> Iztur\u012bga plastik\u0101ta kast\u012bte <br \/><strong>Balona tips:<\/strong> Skr\u016bv\u0113jams <br \/><strong>Jauda:<\/strong> 1,644 kcal \/ 6,527BTU \/ 1,91 kW <br \/><strong>G\u0101zes pat\u0113ri\u0146&scaron;:<\/strong> 137 g\/h <br \/><strong>Uzv\u0101r\u012b&scaron;anas laiks:<\/strong> 4 min 39 sek (1L auksta \u016bdens no 15C l\u012bdz 96C, istabas temperat\u016br\u0101 24C)<\/p>\n<\/div>\n","protected":false},"excerpt":{"rendered":"<p>\u013boti viegls un kompakts g\u0101zes deglis\/pl\u012bti\u0146a ar Piezo aizdedzi. Kompakts g\u0101zes deglis\/pl\u012bti\u0146a \u0113diena pagatavo&scaron;anai ce\u013cojuma laik\u0101. Paredz\u0113ts tiem, kam ekip\u0113juma svars un apjoms ir \u013coti noz\u012bm\u012bgs. Pateicoties Piezo tipa aizdedzei, vienk\u0101r&scaron;s lieto&scaron;an\u0101. Korpuss izgatavots no alum\u012bnija ar ner\u016bs\u0113jo&scaron;\u0101 t\u0113rauda atbalsta k\u0101ji\u0146\u0101m. Neaizvietojams ekip\u0113jums visa veida kalnu p\u0101rg\u0101jienos, velot\u016brism\u0101, atp\u016bt\u0101 pie dabas, mak&scaron;\u0137er\u0113&scaron;an\u0101 un med\u012bb\u0101s. Paredz\u0113ts [&hellip;]<\/p>\n","protected":false},"featured_media":68296,"template":"","meta":[],"product_brand":[934],"product_cat":[4558,4720,4723],"product_tag":[],"class_list":{"0":"post-77823","1":"product","2":"type-product","3":"status-publish","4":"has-post-thumbnail","6":"product_brand-kovea","7":"product_cat-for-tourism-recreation","8":"product_cat-gas-stoves-burners-lanterns-heaters-for-tourism-recreation","9":"product_cat-gas-burners-gas-stoves-burners-lanterns-heaters-for-tourism-recreation","11":"first","12":"instock","13":"shipping-taxable","14":"purchasable","15":"product-type-simple"},"_links":{"self":[{"href":"https:\/\/sezona.lv\/en\/wp-json\/wp\/v2\/product\/77823","targetHints":{"allow":["GET"]}}],"collection":[{"href":"https:\/\/sezona.lv\/en\/wp-json\/wp\/v2\/product"}],"about":[{"href":"https:\/\/sezona.lv\/en\/wp-json\/wp\/v2\/types\/product"}],"wp:featuredmedia":[{"embeddable":true,"href":"https:\/\/sezona.lv\/en\/wp-json\/wp\/v2\/media\/68296"}],"wp:attachment":[{"href":"https:\/\/sezona.lv\/en\/wp-json\/wp\/v2\/media?parent=77823"}],"wp:term":[{"taxonomy":"product_brand","embeddable":true,"href":"https:\/\/sezona.lv\/en\/wp-json\/wp\/v2\/product_brand?post=77823"},{"taxonomy":"product_cat","embeddable":true,"href":"https:\/\/sezona.lv\/en\/wp-json\/wp\/v2\/product_cat?post=77823"},{"taxonomy":"product_tag","embeddable":true,"href":"https:\/\/sezona.lv\/en\/wp-json\/wp\/v2\/product_tag?post=77823"}],"curies":[{"name":"wp","href":"https:\/\/api.w.org\/{rel}","templated":true}]}}