{"id":77824,"date":"2025-07-11T16:22:37","date_gmt":"2025-07-11T13:22:37","guid":{"rendered":"https:\/\/demo8.ecube.lv\/sezona.lv\/products\/kovea-gazes-deglis-supalite-titanium-stove\/"},"modified":"2025-07-14T15:13:26","modified_gmt":"2025-07-14T12:13:26","slug":"kovea-gazes-deglis-supalite-titanium-stove","status":"publish","type":"product","link":"https:\/\/sezona.lv\/en\/products\/kovea-gazes-deglis-supalite-titanium-stove\/","title":{"rendered":"Kovea G\u0101zes deglis Supalite Titanium Stove"},"content":{"rendered":"<div class=\"rte\">\n<p>Viegl\u0101kais deglis KOVEA kolekcij\u0101, k\u0101 ar\u012b viens no  viegl\u0101kajiem deg\u013ciem pasaul\u0113. Tit\u0101na g\u0101zes deglis\/pl\u012bti\u0146a \u0113diena  pagatavo&scaron;anai ce\u013cojuma laik\u0101. Paredz\u0113ts tiem, kam ekip\u0113juma svars un  apjoms ir \u013coti noz\u012bm\u012bgs. Korpuss izgatavots no tit\u0101na, kas padara degli  super vieglu. Ar\u012b deg\u013ca kompaktums ir apbr\u012bnojams &#8211; to viegli var  nosl\u0113pt plaukst\u0101 vai g\u0101zes balona pamatnes iedob\u0113. Neskatoties uz deg\u013ca  miniat\u016briem izm\u0113riem, tas ir apbr\u012bnojami jaud\u012bgs. Neaizvietojams  ekip\u0113jums visa veida ekstr\u0113mos kalnu p\u0101rg\u0101jienos, alp\u012bnism\u0101,  velot\u016brism\u0101, atp\u016bt\u0101 pie dabas. Paredz\u0113ts lieto&scaron;anai ar skr\u016bv\u0113jamiem  baloniem (epi-gas).<\/p>\n<h4>Specifik\u0101cija:<\/h4>\n<p><strong>Aizdedze:<\/strong> Manu\u0101l\u0101 <br \/><strong>Svars:<\/strong> 60 grami<br \/><strong>Izm\u0113rs:<\/strong> 55 x 35 x 78 mm <br \/><strong>Sildvirsmas diametrs:<\/strong> 125 mm<br \/><strong>Iepakojums:<\/strong> Iztur\u012bga auduma maisi\u0146&scaron;<br \/><strong>Balona tips:<\/strong> Skr\u016bv\u0113jams <br \/><strong>Jauda:<\/strong> 1,916 kcal \/ 7,606BTU \/ 2,22 kW <br \/><strong>G\u0101zes pat\u0113ri\u0146&scaron;:<\/strong> 162 g\/h<br \/><strong>Uzv\u0101r\u012b&scaron;an\u0101s laiks:<\/strong> 4 min 32sek (1L auksta \u016bdens no 15C l\u012bdz 96C, istabas temperat\u016br\u0101 24C)<\/p>\n<\/div>\n","protected":false},"excerpt":{"rendered":"<p>Viegl\u0101kais deglis KOVEA kolekcij\u0101, k\u0101 ar\u012b viens no viegl\u0101kajiem deg\u013ciem pasaul\u0113. Tit\u0101na g\u0101zes deglis\/pl\u012bti\u0146a \u0113diena pagatavo&scaron;anai ce\u013cojuma laik\u0101. Paredz\u0113ts tiem, kam ekip\u0113juma svars un apjoms ir \u013coti noz\u012bm\u012bgs. Korpuss izgatavots no tit\u0101na, kas padara degli super vieglu. Ar\u012b deg\u013ca kompaktums ir apbr\u012bnojams &#8211; to viegli var nosl\u0113pt plaukst\u0101 vai g\u0101zes balona pamatnes iedob\u0113. Neskatoties uz [&hellip;]<\/p>\n","protected":false},"featured_media":68303,"template":"","meta":[],"product_brand":[934],"product_cat":[4558,4720,4723],"product_tag":[],"class_list":{"0":"post-77824","1":"product","2":"type-product","3":"status-publish","4":"has-post-thumbnail","6":"product_brand-kovea","7":"product_cat-for-tourism-recreation","8":"product_cat-gas-stoves-burners-lanterns-heaters-for-tourism-recreation","9":"product_cat-gas-burners-gas-stoves-burners-lanterns-heaters-for-tourism-recreation","11":"first","12":"instock","13":"shipping-taxable","14":"purchasable","15":"product-type-simple"},"_links":{"self":[{"href":"https:\/\/sezona.lv\/en\/wp-json\/wp\/v2\/product\/77824","targetHints":{"allow":["GET"]}}],"collection":[{"href":"https:\/\/sezona.lv\/en\/wp-json\/wp\/v2\/product"}],"about":[{"href":"https:\/\/sezona.lv\/en\/wp-json\/wp\/v2\/types\/product"}],"wp:featuredmedia":[{"embeddable":true,"href":"https:\/\/sezona.lv\/en\/wp-json\/wp\/v2\/media\/68303"}],"wp:attachment":[{"href":"https:\/\/sezona.lv\/en\/wp-json\/wp\/v2\/media?parent=77824"}],"wp:term":[{"taxonomy":"product_brand","embeddable":true,"href":"https:\/\/sezona.lv\/en\/wp-json\/wp\/v2\/product_brand?post=77824"},{"taxonomy":"product_cat","embeddable":true,"href":"https:\/\/sezona.lv\/en\/wp-json\/wp\/v2\/product_cat?post=77824"},{"taxonomy":"product_tag","embeddable":true,"href":"https:\/\/sezona.lv\/en\/wp-json\/wp\/v2\/product_tag?post=77824"}],"curies":[{"name":"wp","href":"https:\/\/api.w.org\/{rel}","templated":true}]}}