{"id":77825,"date":"2025-07-14T15:13:27","date_gmt":"2025-07-14T12:13:27","guid":{"rendered":"https:\/\/demo8.ecube.lv\/sezona.lv\/products\/kovea-gazes-deglis-titanium-stove\/"},"modified":"2025-07-14T15:13:27","modified_gmt":"2025-07-14T12:13:27","slug":"kovea-gazes-deglis-titanium-stove","status":"publish","type":"product","link":"https:\/\/sezona.lv\/en\/products\/kovea-gazes-deglis-titanium-stove\/","title":{"rendered":"Kovea G\u0101zes deglis Titanium Stove"},"content":{"rendered":"<div class=\"rte\">\n<p>Super viegls un kompakts g\u0101zes deglis\/pl\u012bti\u0146a ar  Piezo aizdedzi. Kompakts g\u0101zes deglis\/pl\u012bti\u0146a \u0113diena pagatavo&scaron;anai  ce\u013cojuma laik\u0101. Paredz\u0113ts tiem, kam ekip\u0113juma svars un apjoms ir \u013coti  noz\u012bm\u012bgs. Pateicoties Piezo tipa aizdedzei, vienk\u0101r&scaron;s lieto&scaron;an\u0101. Korpuss  izgatavots no alum\u012bnija ar tit\u0101na deta\u013c\u0101m, kas padara degli super  vieglu. Neaizvietojams ekip\u0113jums visa veida ekstr\u0113mos kalnu p\u0101rg\u0101jienos,  alp\u012bnism\u0101, velot\u016brism\u0101, atp\u016bt\u0101 pie dabas. Paredz\u0113ts lieto&scaron;anai ar  skr\u016bv\u0113jamiem baloniem (epi-gas).<\/p>\n<h4>Specifik\u0101cija:<\/h4>\n<p><strong>Aizdedze:<\/strong> Piezo<br \/><strong>Svars:<\/strong> 88 grami<br \/><strong>Izm\u0113rs:<\/strong> 67 x 38 x 81 mm (Sapakot\u0101 veid\u0101) <br \/><strong>Sildvirsmas diametrs:<\/strong> 125 mm<br \/><strong>Iepakojums:<\/strong> Iztur\u012bga plastik\u0101ta kast\u012bte <br \/><strong>G\u0101ze, balons:<\/strong> Iso-But\u0101ns<br \/><strong>Skr\u016bv\u0113jama tipa Jauda:<\/strong> 1,656 kcal \/ 6,574BTU \/ 1,92 kW <br \/><strong>G\u0101zes pat\u0113ri\u0146&scaron;:<\/strong> 140 g\/h (ar maksim\u0101lo jaudu) <br \/><strong>Uzv\u0101r\u012b&scaron;an\u0101s laiks:<\/strong> 4 min 48 sek (1L auksta \u016bdens no 15C l\u012bdz 96C, istabas temperat\u016br\u0101 24C)<\/p>\n<\/div>\n","protected":false},"excerpt":{"rendered":"<p>Super viegls un kompakts g\u0101zes deglis\/pl\u012bti\u0146a ar Piezo aizdedzi. Kompakts g\u0101zes deglis\/pl\u012bti\u0146a \u0113diena pagatavo&scaron;anai ce\u013cojuma laik\u0101. Paredz\u0113ts tiem, kam ekip\u0113juma svars un apjoms ir \u013coti noz\u012bm\u012bgs. Pateicoties Piezo tipa aizdedzei, vienk\u0101r&scaron;s lieto&scaron;an\u0101. Korpuss izgatavots no alum\u012bnija ar tit\u0101na deta\u013c\u0101m, kas padara degli super vieglu. Neaizvietojams ekip\u0113jums visa veida ekstr\u0113mos kalnu p\u0101rg\u0101jienos, alp\u012bnism\u0101, velot\u016brism\u0101, atp\u016bt\u0101 pie [&hellip;]<\/p>\n","protected":false},"featured_media":0,"template":"","meta":[],"product_brand":[934],"product_cat":[4558,4640,4720,4723],"product_tag":[],"class_list":{"0":"post-77825","1":"product","2":"type-product","3":"status-publish","5":"product_brand-kovea","6":"product_cat-for-tourism-recreation","7":"product_cat-recreation","8":"product_cat-gas-stoves-burners-lanterns-heaters-for-tourism-recreation","9":"product_cat-gas-burners-gas-stoves-burners-lanterns-heaters-for-tourism-recreation","11":"first","12":"instock","13":"shipping-taxable","14":"purchasable","15":"product-type-simple"},"_links":{"self":[{"href":"https:\/\/sezona.lv\/en\/wp-json\/wp\/v2\/product\/77825","targetHints":{"allow":["GET"]}}],"collection":[{"href":"https:\/\/sezona.lv\/en\/wp-json\/wp\/v2\/product"}],"about":[{"href":"https:\/\/sezona.lv\/en\/wp-json\/wp\/v2\/types\/product"}],"wp:attachment":[{"href":"https:\/\/sezona.lv\/en\/wp-json\/wp\/v2\/media?parent=77825"}],"wp:term":[{"taxonomy":"product_brand","embeddable":true,"href":"https:\/\/sezona.lv\/en\/wp-json\/wp\/v2\/product_brand?post=77825"},{"taxonomy":"product_cat","embeddable":true,"href":"https:\/\/sezona.lv\/en\/wp-json\/wp\/v2\/product_cat?post=77825"},{"taxonomy":"product_tag","embeddable":true,"href":"https:\/\/sezona.lv\/en\/wp-json\/wp\/v2\/product_tag?post=77825"}],"curies":[{"name":"wp","href":"https:\/\/api.w.org\/{rel}","templated":true}]}}