{"id":77826,"date":"2025-07-11T16:22:40","date_gmt":"2025-07-11T13:22:40","guid":{"rendered":"https:\/\/demo8.ecube.lv\/sezona.lv\/products\/kovea-gazes-deglis-scout-stove\/"},"modified":"2025-07-14T15:13:28","modified_gmt":"2025-07-14T12:13:28","slug":"kovea-gazes-deglis-scout-stove","status":"publish","type":"product","link":"https:\/\/sezona.lv\/en\/products\/kovea-gazes-deglis-scout-stove\/","title":{"rendered":"Kovea G\u0101zes deglis SCOUT STOVE"},"content":{"rendered":"<div class=\"rte\">\n<p>Komforta s\u0113rijas g\u0101zes deglis\/pl\u012bti\u0146a ar Piezo  aizdedzi un v\u0113ja aizsegu. \u0112rts g\u0101zes deglis\/pl\u012bti\u0146a \u0113diena pagatavo&scaron;anai  ce\u013cojuma vai atp\u016btas laik\u0101. Liela un \u0113rta sildvirsma, uz kuras stabili  var novietot liela izm\u0113ra katlu. Pateicoties Piezo tipa aizdedzei, kura  izvietota regulatora pog\u0101, vienk\u0101r&scaron;s lieto&scaron;an\u0101. Ner\u016bs\u0113jo&scaron;\u0101 t\u0113rauda  atbalsta k\u0101ji\u0146as ar vienk\u0101r&scaron;u loc\u012b&scaron;an\u0101s konstrukciju. Plats v\u0113ja  aizsegs. \u013boti ekonomisks g\u0101zes pat\u0113ri\u0146a zi\u0146\u0101. Stacion\u0101rs v\u0113ja aizsegs  palielina deg\u013ca jaudu un siltumatdevi skarbos klimatiskos apst\u0101k\u013cos, k\u0101  ar\u012b \u013cauj ieekonom\u0113t g\u0101zes pat\u0113ri\u0146u malt\u012btes pagatavo&scaron;anai. Plat\u0101 deg\u013ca  galva vienm\u0113r\u012bgi sadala liesmu pa sild\u0101m\u0101 trauka virsmu. Paredz\u0113ts visa  veida laivo&scaron;an\u0101, velot\u016brism\u0101, autot\u016brism\u0101, atp\u016bt\u0101 pie dabas,  mak&scaron;\u0137er\u0113&scaron;an\u0101 un med\u012bb\u0101s. Lieto&scaron;ana ar skr\u016bv\u0113jamiem baloniem (epi-gas).  Ar p\u0101reju Cobra deglis lietojams ar\u012b ar garajiem adatas tipa baloniem,  &scaron;ai gad\u012bjum\u0101 deglis uzst\u0101d\u0101ms uz k\u0101ji\u0146\u0101m.<\/p>\n<h4>Specifik\u0101cija:<\/h4>\n<p><strong>Aizdedze:<\/strong> Piezo <br \/><strong>Svars:<\/strong> 290 grami<br \/><strong>Izm\u0113rs:<\/strong> 122 x 100 x 125 mm<br \/><strong>Sildvirsmas diametrs:<\/strong> 18 m m <br \/><strong>Iepakojums:<\/strong> Iztur\u012bga plastik\u0101ta kast\u012bte<br \/><strong>Balona tips:<\/strong> Skr\u016bv\u0113jams<br \/><strong>Jauda:<\/strong> 1,301 kcal \/ 5,164BTU \/ 1,50 kW <br \/><strong>G\u0101zes pat\u0113ri\u0146&scaron;:<\/strong> 110 g\/h <br \/><strong>Uzv\u0101r\u012b&scaron;an\u0101s laiks:<\/strong> 4 min 29 sek (1L auksta \u016bdens no 15C l\u012bdz 96C, istabas temperat\u016br\u0101 24C)<\/p>\n<\/div>\n","protected":false},"excerpt":{"rendered":"<p>Komforta s\u0113rijas g\u0101zes deglis\/pl\u012bti\u0146a ar Piezo aizdedzi un v\u0113ja aizsegu. \u0112rts g\u0101zes deglis\/pl\u012bti\u0146a \u0113diena pagatavo&scaron;anai ce\u013cojuma vai atp\u016btas laik\u0101. Liela un \u0113rta sildvirsma, uz kuras stabili var novietot liela izm\u0113ra katlu. Pateicoties Piezo tipa aizdedzei, kura izvietota regulatora pog\u0101, vienk\u0101r&scaron;s lieto&scaron;an\u0101. Ner\u016bs\u0113jo&scaron;\u0101 t\u0113rauda atbalsta k\u0101ji\u0146as ar vienk\u0101r&scaron;u loc\u012b&scaron;an\u0101s konstrukciju. Plats v\u0113ja aizsegs. \u013boti ekonomisks g\u0101zes [&hellip;]<\/p>\n","protected":false},"featured_media":68321,"template":"","meta":[],"product_brand":[934],"product_cat":[4558,4720,4723],"product_tag":[],"class_list":{"0":"post-77826","1":"product","2":"type-product","3":"status-publish","4":"has-post-thumbnail","6":"product_brand-kovea","7":"product_cat-for-tourism-recreation","8":"product_cat-gas-stoves-burners-lanterns-heaters-for-tourism-recreation","9":"product_cat-gas-burners-gas-stoves-burners-lanterns-heaters-for-tourism-recreation","11":"first","12":"instock","13":"shipping-taxable","14":"purchasable","15":"product-type-simple"},"_links":{"self":[{"href":"https:\/\/sezona.lv\/en\/wp-json\/wp\/v2\/product\/77826","targetHints":{"allow":["GET"]}}],"collection":[{"href":"https:\/\/sezona.lv\/en\/wp-json\/wp\/v2\/product"}],"about":[{"href":"https:\/\/sezona.lv\/en\/wp-json\/wp\/v2\/types\/product"}],"wp:featuredmedia":[{"embeddable":true,"href":"https:\/\/sezona.lv\/en\/wp-json\/wp\/v2\/media\/68321"}],"wp:attachment":[{"href":"https:\/\/sezona.lv\/en\/wp-json\/wp\/v2\/media?parent=77826"}],"wp:term":[{"taxonomy":"product_brand","embeddable":true,"href":"https:\/\/sezona.lv\/en\/wp-json\/wp\/v2\/product_brand?post=77826"},{"taxonomy":"product_cat","embeddable":true,"href":"https:\/\/sezona.lv\/en\/wp-json\/wp\/v2\/product_cat?post=77826"},{"taxonomy":"product_tag","embeddable":true,"href":"https:\/\/sezona.lv\/en\/wp-json\/wp\/v2\/product_tag?post=77826"}],"curies":[{"name":"wp","href":"https:\/\/api.w.org\/{rel}","templated":true}]}}