{"id":77827,"date":"2025-07-11T16:22:41","date_gmt":"2025-07-11T13:22:41","guid":{"rendered":"https:\/\/demo8.ecube.lv\/sezona.lv\/products\/kovea-gazes-sadalitajs\/"},"modified":"2025-07-14T15:13:29","modified_gmt":"2025-07-14T12:13:29","slug":"kovea-gazes-sadalitajs","status":"publish","type":"product","link":"https:\/\/sezona.lv\/en\/products\/kovea-gazes-sadalitajs\/","title":{"rendered":"Kovea G\u0101zes sadal\u012bt\u0101js"},"content":{"rendered":"<div class=\"rte\">\n<p>Adapteris skr\u016bv\u0113jamiem g\u0101zes baloniem, lai vienam balonam pievienotu divus deg\u013cus.<\/p>\n<h4>Specifik\u0101cija:&nbsp;<\/h4>\n<p><strong> Izm\u0113ri:<\/strong> 74 x 34 mm&nbsp;<br \/><strong>Svars:<\/strong> 89.4 grami<\/p>\n<\/div>\n","protected":false},"excerpt":{"rendered":"<p>Adapteris skr\u016bv\u0113jamiem g\u0101zes baloniem, lai vienam balonam pievienotu divus deg\u013cus. Specifik\u0101cija:&nbsp; Izm\u0113ri: 74 x 34 mm&nbsp;Svars: 89.4 grami<\/p>\n","protected":false},"featured_media":68330,"template":"","meta":[],"product_brand":[934],"product_cat":[4558,4720,4727],"product_tag":[],"class_list":{"0":"post-77827","1":"product","2":"type-product","3":"status-publish","4":"has-post-thumbnail","6":"product_brand-kovea","7":"product_cat-for-tourism-recreation","8":"product_cat-gas-stoves-burners-lanterns-heaters-for-tourism-recreation","9":"product_cat-accessories-en-dupcheck-789-gas-stoves-burners-lanterns-heaters-for-tourism-recreation","11":"first","12":"instock","13":"shipping-taxable","14":"purchasable","15":"product-type-simple"},"_links":{"self":[{"href":"https:\/\/sezona.lv\/en\/wp-json\/wp\/v2\/product\/77827","targetHints":{"allow":["GET"]}}],"collection":[{"href":"https:\/\/sezona.lv\/en\/wp-json\/wp\/v2\/product"}],"about":[{"href":"https:\/\/sezona.lv\/en\/wp-json\/wp\/v2\/types\/product"}],"wp:featuredmedia":[{"embeddable":true,"href":"https:\/\/sezona.lv\/en\/wp-json\/wp\/v2\/media\/68330"}],"wp:attachment":[{"href":"https:\/\/sezona.lv\/en\/wp-json\/wp\/v2\/media?parent=77827"}],"wp:term":[{"taxonomy":"product_brand","embeddable":true,"href":"https:\/\/sezona.lv\/en\/wp-json\/wp\/v2\/product_brand?post=77827"},{"taxonomy":"product_cat","embeddable":true,"href":"https:\/\/sezona.lv\/en\/wp-json\/wp\/v2\/product_cat?post=77827"},{"taxonomy":"product_tag","embeddable":true,"href":"https:\/\/sezona.lv\/en\/wp-json\/wp\/v2\/product_tag?post=77827"}],"curies":[{"name":"wp","href":"https:\/\/api.w.org\/{rel}","templated":true}]}}