{"id":77828,"date":"2025-07-11T16:22:42","date_gmt":"2025-07-11T13:22:42","guid":{"rendered":"https:\/\/demo8.ecube.lv\/sezona.lv\/products\/kovea-siets-laternam\/"},"modified":"2025-07-14T15:13:30","modified_gmt":"2025-07-14T12:13:30","slug":"kovea-siets-laternam","status":"publish","type":"product","link":"https:\/\/sezona.lv\/en\/products\/kovea-siets-laternam\/","title":{"rendered":"Kovea Siets latern\u0101m"},"content":{"rendered":"<div class=\"rte\">\n<p>Met\u0101la siets latern\u0101m, lai aizvietotu trauslo stiklu un padar\u012btu laternu viegl\u0101ku, k\u0101 ar\u012b dotu paplidu siltumu, piem\u0113ram, telt\u012b.<\/p>\n<h4>Specifik\u0101cija:<\/h4>\n<p><strong> Svars:<\/strong> 15 grami<br \/><strong>Izm\u0113rs:<\/strong> 5 0x 45 mm<br \/><strong>Savietojam\u012bba:<\/strong> ar Kovea KL-103 un KL-805 latern\u0101m<\/p>\n<\/div>\n","protected":false},"excerpt":{"rendered":"<p>Met\u0101la siets latern\u0101m, lai aizvietotu trauslo stiklu un padar\u012btu laternu viegl\u0101ku, k\u0101 ar\u012b dotu paplidu siltumu, piem\u0113ram, telt\u012b. Specifik\u0101cija: Svars: 15 gramiIzm\u0113rs: 5 0x 45 mmSavietojam\u012bba: ar Kovea KL-103 un KL-805 latern\u0101m<\/p>\n","protected":false},"featured_media":68335,"template":"","meta":[],"product_brand":[934],"product_cat":[4558,4720,4727],"product_tag":[],"class_list":{"0":"post-77828","1":"product","2":"type-product","3":"status-publish","4":"has-post-thumbnail","6":"product_brand-kovea","7":"product_cat-for-tourism-recreation","8":"product_cat-gas-stoves-burners-lanterns-heaters-for-tourism-recreation","9":"product_cat-accessories-en-dupcheck-789-gas-stoves-burners-lanterns-heaters-for-tourism-recreation","11":"first","12":"instock","13":"shipping-taxable","14":"purchasable","15":"product-type-simple"},"_links":{"self":[{"href":"https:\/\/sezona.lv\/en\/wp-json\/wp\/v2\/product\/77828","targetHints":{"allow":["GET"]}}],"collection":[{"href":"https:\/\/sezona.lv\/en\/wp-json\/wp\/v2\/product"}],"about":[{"href":"https:\/\/sezona.lv\/en\/wp-json\/wp\/v2\/types\/product"}],"wp:featuredmedia":[{"embeddable":true,"href":"https:\/\/sezona.lv\/en\/wp-json\/wp\/v2\/media\/68335"}],"wp:attachment":[{"href":"https:\/\/sezona.lv\/en\/wp-json\/wp\/v2\/media?parent=77828"}],"wp:term":[{"taxonomy":"product_brand","embeddable":true,"href":"https:\/\/sezona.lv\/en\/wp-json\/wp\/v2\/product_brand?post=77828"},{"taxonomy":"product_cat","embeddable":true,"href":"https:\/\/sezona.lv\/en\/wp-json\/wp\/v2\/product_cat?post=77828"},{"taxonomy":"product_tag","embeddable":true,"href":"https:\/\/sezona.lv\/en\/wp-json\/wp\/v2\/product_tag?post=77828"}],"curies":[{"name":"wp","href":"https:\/\/api.w.org\/{rel}","templated":true}]}}