{"id":77829,"date":"2025-07-11T16:22:44","date_gmt":"2025-07-11T13:22:44","guid":{"rendered":"https:\/\/demo8.ecube.lv\/sezona.lv\/products\/kovea-grils-magic-stainless-bbq-m\/"},"modified":"2025-07-14T15:13:31","modified_gmt":"2025-07-14T12:13:31","slug":"kovea-grils-magic-stainless-bbq-m","status":"publish","type":"product","link":"https:\/\/sezona.lv\/en\/products\/kovea-grils-magic-stainless-bbq-m\/","title":{"rendered":"Kovea Grils Magic Stainless BBQ M"},"content":{"rendered":"<p>Apnicis moc\u012bties ar skr\u016bv\u0113jamiem vai vienreiz lietojamiem griliem? Ir  risin\u0101jums! &Scaron;is ner\u016bs\u0113jo&scaron;\u0101 t\u0113rauda grils ir element\u0101ri saliekams un  lietojams, to var izjaukt un \u0113rti p\u0101rvad\u0101t un lietot atk\u0101rtoti.&nbsp;Stabila  un p\u0101rdom\u0101ta konstrukcija sniegs prieku gatavot. Komplekt\u0101 ietilpst  soma.<\/p>\n<h4>Specifik\u0101cija:<\/h4>\n<table style=\"height: 105px\" border=\"0\" width=\"539\">\n<tbody>\n<tr>\n<td>&nbsp;<\/td>\n<td style=\"text-align: center\"><strong>M<\/strong><\/td>\n<td style=\"text-align: center\"><strong>L<\/strong><\/td>\n<td style=\"text-align: center\"><strong>XL<\/strong><\/td>\n<\/tr>\n<tr>\n<td><strong>Materi\u0101ls<\/strong><\/td>\n<td style=\"text-align: center\">0.6 mm ner\u016bs\u0113jo&scaron;ais t\u0113rauds<\/td>\n<td style=\"text-align: center\">0.7 mm ner\u016bs\u0113jo&scaron;ais t\u0113rauds<\/td>\n<td style=\"text-align: center\">0.7 mm ner\u016bs\u0113jo&scaron;ais t\u0113rauds<\/td>\n<\/tr>\n<tr>\n<td><strong>Svars:<\/strong><\/td>\n<td style=\"text-align: center\">1.83 kg<\/td>\n<td style=\"text-align: center\">2.5 kg<\/td>\n<td style=\"text-align: center\">4.7 kg<\/td>\n<\/tr>\n<tr>\n<td><strong>Grila izm\u0113rs:<\/strong><\/td>\n<td style=\"text-align: center\">31 cm x 31 cm x 22 cm<\/td>\n<td style=\"text-align: center\">45 cm x 31 cm x 22 cm<\/td>\n<td style=\"text-align: center\">46 cm x 46 cm x 28 cm<\/td>\n<\/tr>\n<tr>\n<td><strong>Izm\u0113ri izjaukt\u0101 veid\u0101:<\/strong><\/td>\n<td style=\"text-align: center\">36 cm x 5cm x 20 cm<\/td>\n<td style=\"text-align: center\">50cm x 2cm x 20 cm<\/td>\n<td style=\"text-align: center\">47 cm x 6 cm x 27.5 cm<\/td>\n<\/tr>\n<\/tbody>\n<\/table>\n","protected":false},"excerpt":{"rendered":"<p>Apnicis moc\u012bties ar skr\u016bv\u0113jamiem vai vienreiz lietojamiem griliem? Ir risin\u0101jums! &Scaron;is ner\u016bs\u0113jo&scaron;\u0101 t\u0113rauda grils ir element\u0101ri saliekams un lietojams, to var izjaukt un \u0113rti p\u0101rvad\u0101t un lietot atk\u0101rtoti.&nbsp;Stabila un p\u0101rdom\u0101ta konstrukcija sniegs prieku gatavot. Komplekt\u0101 ietilpst soma. Specifik\u0101cija: &nbsp; M L XL Materi\u0101ls 0.6 mm ner\u016bs\u0113jo&scaron;ais t\u0113rauds 0.7 mm ner\u016bs\u0113jo&scaron;ais t\u0113rauds 0.7 mm ner\u016bs\u0113jo&scaron;ais t\u0113rauds [&hellip;]<\/p>\n","protected":false},"featured_media":68338,"template":"","meta":[],"product_brand":[934],"product_cat":[4558,4720,4728],"product_tag":[],"class_list":{"0":"post-77829","1":"product","2":"type-product","3":"status-publish","4":"has-post-thumbnail","6":"product_brand-kovea","7":"product_cat-for-tourism-recreation","8":"product_cat-gas-stoves-burners-lanterns-heaters-for-tourism-recreation","9":"product_cat-dry-spirits-stoves-gas-stoves-burners-lanterns-heaters-for-tourism-recreation","11":"first","12":"instock","13":"shipping-taxable","14":"purchasable","15":"product-type-simple"},"_links":{"self":[{"href":"https:\/\/sezona.lv\/en\/wp-json\/wp\/v2\/product\/77829","targetHints":{"allow":["GET"]}}],"collection":[{"href":"https:\/\/sezona.lv\/en\/wp-json\/wp\/v2\/product"}],"about":[{"href":"https:\/\/sezona.lv\/en\/wp-json\/wp\/v2\/types\/product"}],"wp:featuredmedia":[{"embeddable":true,"href":"https:\/\/sezona.lv\/en\/wp-json\/wp\/v2\/media\/68338"}],"wp:attachment":[{"href":"https:\/\/sezona.lv\/en\/wp-json\/wp\/v2\/media?parent=77829"}],"wp:term":[{"taxonomy":"product_brand","embeddable":true,"href":"https:\/\/sezona.lv\/en\/wp-json\/wp\/v2\/product_brand?post=77829"},{"taxonomy":"product_cat","embeddable":true,"href":"https:\/\/sezona.lv\/en\/wp-json\/wp\/v2\/product_cat?post=77829"},{"taxonomy":"product_tag","embeddable":true,"href":"https:\/\/sezona.lv\/en\/wp-json\/wp\/v2\/product_tag?post=77829"}],"curies":[{"name":"wp","href":"https:\/\/api.w.org\/{rel}","templated":true}]}}