{"id":77830,"date":"2025-07-14T15:13:32","date_gmt":"2025-07-14T12:13:32","guid":{"rendered":"https:\/\/demo8.ecube.lv\/sezona.lv\/products\/coleman-telts-cortes-3\/"},"modified":"2025-07-14T15:13:32","modified_gmt":"2025-07-14T12:13:32","slug":"coleman-telts-cortes-3","status":"publish","type":"product","link":"https:\/\/sezona.lv\/en\/products\/coleman-telts-cortes-3\/","title":{"rendered":"Coleman telts Cortes 3"},"content":{"rendered":"<p>Viegli uzce\u013cama tune\u013cveida telts, lieliska izv\u0113le ned\u0113\u013cas nogales aktivit\u0101t\u0113m pie dabas. Konstrukcija nodro&scaron;ina pla&scaron;u dz\u012bvojamo telpu. Priek&scaron;nams ir pietieko&scaron;i lielas, ietilpinot visu nepiecie&scaron;amo ekip\u0113jumu.<\/p>\n<p>&nbsp;<\/p>\n<p>Vietas &ndash; 3 personu<\/p>\n<p>Dz\u012bvojam\u0101 telpa &ndash; 2,5 m2<\/p>\n<p>Svars &ndash; 4,3 kg<\/p>\n<p>Mitrumiztur\u012bba &ndash; 2000 mm<\/p>\n","protected":false},"excerpt":{"rendered":"<p>Viegli uzce\u013cama tune\u013cveida telts, lieliska izv\u0113le ned\u0113\u013cas nogales aktivit\u0101t\u0113m pie dabas. Konstrukcija nodro&scaron;ina pla&scaron;u dz\u012bvojamo telpu. Priek&scaron;nams ir pietieko&scaron;i lielas, ietilpinot visu nepiecie&scaron;amo ekip\u0113jumu. &nbsp; Vietas &ndash; 3 personu Dz\u012bvojam\u0101 telpa &ndash; 2,5 m2 Svars &ndash; 4,3 kg Mitrumiztur\u012bba &ndash; 2000 mm<\/p>\n","protected":false},"featured_media":0,"template":"","meta":[],"product_brand":[3381],"product_cat":[4558,4568,4640,4952],"product_tag":[],"class_list":{"0":"post-77830","1":"product","2":"type-product","3":"status-publish","5":"product_brand-coleman","6":"product_cat-for-tourism-recreation","7":"product_cat-tents-for-tourism-recreation","8":"product_cat-recreation","9":"product_cat-coleman-tents-tents-for-tourism-recreation","11":"first","12":"instock","13":"shipping-taxable","14":"purchasable","15":"product-type-simple"},"_links":{"self":[{"href":"https:\/\/sezona.lv\/en\/wp-json\/wp\/v2\/product\/77830","targetHints":{"allow":["GET"]}}],"collection":[{"href":"https:\/\/sezona.lv\/en\/wp-json\/wp\/v2\/product"}],"about":[{"href":"https:\/\/sezona.lv\/en\/wp-json\/wp\/v2\/types\/product"}],"wp:attachment":[{"href":"https:\/\/sezona.lv\/en\/wp-json\/wp\/v2\/media?parent=77830"}],"wp:term":[{"taxonomy":"product_brand","embeddable":true,"href":"https:\/\/sezona.lv\/en\/wp-json\/wp\/v2\/product_brand?post=77830"},{"taxonomy":"product_cat","embeddable":true,"href":"https:\/\/sezona.lv\/en\/wp-json\/wp\/v2\/product_cat?post=77830"},{"taxonomy":"product_tag","embeddable":true,"href":"https:\/\/sezona.lv\/en\/wp-json\/wp\/v2\/product_tag?post=77830"}],"curies":[{"name":"wp","href":"https:\/\/api.w.org\/{rel}","templated":true}]}}