{"id":77833,"date":"2025-07-14T15:13:35","date_gmt":"2025-07-14T12:13:35","guid":{"rendered":"https:\/\/demo8.ecube.lv\/sezona.lv\/products\/coleman-telts-darwin-2\/"},"modified":"2025-07-14T15:13:35","modified_gmt":"2025-07-14T12:13:35","slug":"coleman-telts-darwin-2","status":"publish","type":"product","link":"https:\/\/sezona.lv\/en\/products\/coleman-telts-darwin-2\/","title":{"rendered":"Coleman telts Darwin 2+"},"content":{"rendered":"<p>Darwin Plus s\u0113rij\u0101 ir viegli uzce\u013camas kupolveida teltis ar palielin\u0101tu priek&scaron;namu un augst\u0101ku telts jumtu liel\u0101kai telpai. Piem\u0113rota festiv\u0101liem vai br\u012bvdienu kempinga izbraucieniem. Viegli un \u0101tri uzce\u013cama. Ieb\u016bv\u0113tie PVC logi telts s\u0101nos nodro&scaron;ina&nbsp;&nbsp;gaismas iek\u013c\u016b&scaron;anu telt\u012b, pat\u012bkam\u0101kai atmosf\u0113rai ar\u012b dienas laik\u0101.<\/p>\n<p>&nbsp;<\/p>\n<ul>\n<li>2-viet\u012bga telts<\/li>\n<li>Stikl&scaron;\u0137iedras mieti\u0146i<\/li>\n<li>L\u012bm\u0113tas &scaron;uves<\/li>\n<li>Izm\u0113ri &ndash; 57 x 16 x 15<\/li>\n<li>Svars &ndash; 4,2 kg<\/li>\n<li>Mitruiztur\u012bba p\u0101rvalkam &ndash; 3000mm<\/li>\n<li>Gr\u012bda &ndash; \u016bdens necaurlaid\u012bgs PE materi\u0101ls<\/li>\n<\/ul>\n","protected":false},"excerpt":{"rendered":"<p>Darwin Plus s\u0113rij\u0101 ir viegli uzce\u013camas kupolveida teltis ar palielin\u0101tu priek&scaron;namu un augst\u0101ku telts jumtu liel\u0101kai telpai. Piem\u0113rota festiv\u0101liem vai br\u012bvdienu kempinga izbraucieniem. Viegli un \u0101tri uzce\u013cama. Ieb\u016bv\u0113tie PVC logi telts s\u0101nos nodro&scaron;ina&nbsp;&nbsp;gaismas iek\u013c\u016b&scaron;anu telt\u012b, pat\u012bkam\u0101kai atmosf\u0113rai ar\u012b dienas laik\u0101. &nbsp; 2-viet\u012bga telts Stikl&scaron;\u0137iedras mieti\u0146i L\u012bm\u0113tas &scaron;uves Izm\u0113ri &ndash; 57 x 16 x 15 Svars [&hellip;]<\/p>\n","protected":false},"featured_media":0,"template":"","meta":[],"product_brand":[3381],"product_cat":[4558,4568,4640,4952],"product_tag":[],"class_list":{"0":"post-77833","1":"product","2":"type-product","3":"status-publish","5":"product_brand-coleman","6":"product_cat-for-tourism-recreation","7":"product_cat-tents-for-tourism-recreation","8":"product_cat-recreation","9":"product_cat-coleman-tents-tents-for-tourism-recreation","11":"first","12":"instock","13":"shipping-taxable","14":"purchasable","15":"product-type-simple"},"_links":{"self":[{"href":"https:\/\/sezona.lv\/en\/wp-json\/wp\/v2\/product\/77833","targetHints":{"allow":["GET"]}}],"collection":[{"href":"https:\/\/sezona.lv\/en\/wp-json\/wp\/v2\/product"}],"about":[{"href":"https:\/\/sezona.lv\/en\/wp-json\/wp\/v2\/types\/product"}],"wp:attachment":[{"href":"https:\/\/sezona.lv\/en\/wp-json\/wp\/v2\/media?parent=77833"}],"wp:term":[{"taxonomy":"product_brand","embeddable":true,"href":"https:\/\/sezona.lv\/en\/wp-json\/wp\/v2\/product_brand?post=77833"},{"taxonomy":"product_cat","embeddable":true,"href":"https:\/\/sezona.lv\/en\/wp-json\/wp\/v2\/product_cat?post=77833"},{"taxonomy":"product_tag","embeddable":true,"href":"https:\/\/sezona.lv\/en\/wp-json\/wp\/v2\/product_tag?post=77833"}],"curies":[{"name":"wp","href":"https:\/\/api.w.org\/{rel}","templated":true}]}}