{"id":77834,"date":"2025-07-14T15:13:36","date_gmt":"2025-07-14T12:13:36","guid":{"rendered":"https:\/\/demo8.ecube.lv\/sezona.lv\/products\/coleman-telts-darwin-4\/"},"modified":"2025-07-14T15:13:36","modified_gmt":"2025-07-14T12:13:36","slug":"coleman-telts-darwin-4","status":"publish","type":"product","link":"https:\/\/sezona.lv\/en\/products\/coleman-telts-darwin-4\/","title":{"rendered":"Coleman telts Darwin 4+"},"content":{"rendered":"<table border=\"0\" cellspacing=\"0\" cellpadding=\"0\" width=\"260\">\n<tbody>\n<tr>\n<td width=\"260\" height=\"20\">Ietilp\u012bga \u010detr\u0101m person\u0101m telts, kas piem\u0113rota p\u0101rg\u0101jieniem, trekingam un nak&scaron;\u0146o&scaron;anai kemping\u0101. Teltij ir pla&scaron;a ieeja un ventil\u0101cijas atvere jumta da\u013c\u0101. T\u0101 ir viegli uzslienama un nojaucama (pirm\u0101 uzslienama iek&scaron;\u0113j\u0101 telts).<\/td>\n<\/tr>\n<tr>\n<td height=\"20\">Specifik\u0101cija<\/td>\n<\/tr>\n<tr>\n<td class=\"xl64\" height=\"20\">Vietu skaits: 4 persons<\/td>\n<\/tr>\n<tr>\n<td class=\"xl64\" height=\"20\">Izstabu skaits: 1<\/td>\n<\/tr>\n<tr>\n<td class=\"xl64\" height=\"20\">Telts izm\u0113ri:340<span class=\"font5\">&times;280&times;<\/span><span class=\"font0\">140<\/span><\/td>\n<\/tr>\n<tr>\n<td class=\"xl64\" height=\"20\">Gu\u013cam plat\u012bba: 5,7m&sup2;<\/td>\n<\/tr>\n<tr>\n<td class=\"xl64\" height=\"20\">Uzcel&scaron;anas veids: iek&scaron;\u0113j\u0101 telts pirm\u0101<\/td>\n<\/tr>\n<tr>\n<td class=\"xl64\" height=\"20\">Telts loki: Fibreglass<\/td>\n<\/tr>\n<tr>\n<td class=\"xl64\" height=\"20\">Gr\u012bdas materi\u0101ls : PE rising<\/td>\n<\/tr>\n<tr>\n<td class=\"xl64\" height=\"20\">\u0100r\u0113jais materi\u0101ls: Polyester, taffeta 68D<\/td>\n<\/tr>\n<tr>\n<td class=\"xl64\" height=\"20\">&Scaron;uves: L\u012bm\u0113t\u0101s &scaron;uves<\/td>\n<\/tr>\n<tr>\n<td class=\"xl64\" height=\"20\">Iepakojuma izm\u0113ri: 58 x 20 x 19cm<\/td>\n<\/tr>\n<tr>\n<td class=\"xl64\" height=\"20\">Svars: 6,2kg<\/td>\n<\/tr>\n<tr>\n<td class=\"xl64\" height=\"20\">Udens iztur\u012bba: 3000mm<\/td>\n<\/tr>\n<\/tbody>\n<\/table>\n","protected":false},"excerpt":{"rendered":"<p>Ietilp\u012bga \u010detr\u0101m person\u0101m telts, kas piem\u0113rota p\u0101rg\u0101jieniem, trekingam un nak&scaron;\u0146o&scaron;anai kemping\u0101. Teltij ir pla&scaron;a ieeja un ventil\u0101cijas atvere jumta da\u013c\u0101. T\u0101 ir viegli uzslienama un nojaucama (pirm\u0101 uzslienama iek&scaron;\u0113j\u0101 telts). Specifik\u0101cija Vietu skaits: 4 persons Izstabu skaits: 1 Telts izm\u0113ri:340&times;280&times;140 Gu\u013cam plat\u012bba: 5,7m&sup2; Uzcel&scaron;anas veids: iek&scaron;\u0113j\u0101 telts pirm\u0101 Telts loki: Fibreglass Gr\u012bdas materi\u0101ls : PE [&hellip;]<\/p>\n","protected":false},"featured_media":0,"template":"","meta":[],"product_brand":[3381],"product_cat":[4558,4568,4640,4952],"product_tag":[],"class_list":{"0":"post-77834","1":"product","2":"type-product","3":"status-publish","5":"product_brand-coleman","6":"product_cat-for-tourism-recreation","7":"product_cat-tents-for-tourism-recreation","8":"product_cat-recreation","9":"product_cat-coleman-tents-tents-for-tourism-recreation","11":"first","12":"instock","13":"shipping-taxable","14":"purchasable","15":"product-type-simple"},"_links":{"self":[{"href":"https:\/\/sezona.lv\/en\/wp-json\/wp\/v2\/product\/77834","targetHints":{"allow":["GET"]}}],"collection":[{"href":"https:\/\/sezona.lv\/en\/wp-json\/wp\/v2\/product"}],"about":[{"href":"https:\/\/sezona.lv\/en\/wp-json\/wp\/v2\/types\/product"}],"wp:attachment":[{"href":"https:\/\/sezona.lv\/en\/wp-json\/wp\/v2\/media?parent=77834"}],"wp:term":[{"taxonomy":"product_brand","embeddable":true,"href":"https:\/\/sezona.lv\/en\/wp-json\/wp\/v2\/product_brand?post=77834"},{"taxonomy":"product_cat","embeddable":true,"href":"https:\/\/sezona.lv\/en\/wp-json\/wp\/v2\/product_cat?post=77834"},{"taxonomy":"product_tag","embeddable":true,"href":"https:\/\/sezona.lv\/en\/wp-json\/wp\/v2\/product_tag?post=77834"}],"curies":[{"name":"wp","href":"https:\/\/api.w.org\/{rel}","templated":true}]}}