{"id":77837,"date":"2025-07-11T16:22:54","date_gmt":"2025-07-11T13:22:54","guid":{"rendered":"https:\/\/demo8.ecube.lv\/sezona.lv\/products\/coleman-telts-ridgeline-6-plus\/"},"modified":"2025-07-14T15:13:38","modified_gmt":"2025-07-14T12:13:38","slug":"coleman-telts-ridgeline-6-plus","status":"publish","type":"product","link":"https:\/\/sezona.lv\/en\/products\/coleman-telts-ridgeline-6-plus\/","title":{"rendered":"Coleman telts RIDGELINE 6 PLUS"},"content":{"rendered":"<p>Pla&scaron;a un labi ventil\u0113ta, &scaron;\u012b 6 cilv\u0113kiem paradz\u0113t\u0101 telts nodro&scaron;ina neiedom\u0101jami komfortablus dz\u012bvo&scaron;anus apst\u0101k\u013cus \u0123imenei, pateicoties 2 gu\u013camtelp\u0101m, PE telts gr\u012bdu, kas nodro&scaron;ina maksim\u0101lu ventil\u0101ciju, taj\u0101 pat laik\u0101 12cm augstie gr\u012bdas paaugstin\u0101jumi gar mal\u0101m, nodro&scaron;ina komfortu pat sp\u0113c\u012bgu lietus g\u0101\u017eu laik\u0101.<br \/>Ja Jums rodas &scaron;aubas par kait\u0113jumu, ko telts gr\u012bda var\u0113tu nodar\u012bt J\u016bsu z\u0101l\u0101jam ilgsto&scaron;i uzturoties vien\u0101 viet\u0101, speci\u0101lais telts gr\u012bdas dizains, \u013cauj to viegli no\u0146emt no r\u012btiem, lai z\u0101le var elpot un neizkalst.<br \/>Viegli uzce\u013cama, pateicoties virsk\u0101rtas pirms-uzcel&scaron;anai, telti uzcelsiet min\u016b&scaron;u laik\u0101, kas dos vair\u0101k laika atp\u016bsties pla&scaron;aj\u0101 dz\u012bvojam\u0101 telp\u0101. Papildus t\u0101das ekstras, k\u0101 da\u017e\u0101das iek&scaron;\u0113j\u0101s kabatas, lieli PVC logi ar aizsl\u0113giem, jauna atvere elektr\u012bbas vadam, viegli regul\u0113jamas ventil\u0101cijas atveres, kas sniegs papildus konfortu kemping\u0101.<strong><br \/>virsk\u0101rtas materi\u0101ls<\/strong>:Polyesters 185T,3000mm, PU p\u0101rkl\u0101ts, l\u012bm\u0113tas &scaron;uves<br \/>i<strong>ek&scaron;\u0113j\u0101s telts materi\u0101ls<\/strong>: elpojo&scaron;s polyesters un t\u012bklveida materi\u0101lu<strong><br \/>gr\u012bdas materi\u0101ls<\/strong>:stingrs un notur\u012bgs PE, piln\u012bb\u0101 integr\u0113ts telt\u012b.<br \/>mieti\u0146u komplekts, ar kura palidz\u012bbu vienas durvis var p\u0101rv\u0113rst nojum\u0113<strong><br \/>uzglab\u0101&scaron;anas soma:<\/strong>taisnst\u016bra ar r\u0101v\u0113jsl\u0113dz\u0113ju<\/p>\n<table border=\"0\" cellspacing=\"0\" cellpadding=\"0\" width=\"260\">\n<colgroup>\n<col width=\"260\"><\/col>\n<\/colgroup>\n<tbody>\n<tr>\n<td class=\"xl65\" width=\"260\" height=\"20\">Vietu skaits: 4 persons<\/td>\n<\/tr>\n<tr>\n<td class=\"xl65\" height=\"20\">Izstabu skaits: 3<\/td>\n<\/tr>\n<tr>\n<td class=\"xl65\" height=\"20\">Telts izm\u0113ri:640<span class=\"font5\">&times;230&times;<\/span><span class=\"font0\">160<\/span><\/td>\n<\/tr>\n<tr>\n<td class=\"xl65\" height=\"20\">Gu\u013cam plat\u012bba: 9,6m&sup2;<\/td>\n<\/tr>\n<tr>\n<td class=\"xl65\" height=\"20\">Dz\u012bvojam\u0101 plat\u012bba: 4,9m&sup2;<\/td>\n<\/tr>\n<tr>\n<td class=\"xl65\" height=\"20\">Kop\u0113ja plat\u012bba: 14,5m&sup2;<\/td>\n<\/tr>\n<tr>\n<td class=\"xl65\" height=\"20\">Uzcel&scaron;anas veids: virsk\u0101rta pirm\u0101<\/td>\n<\/tr>\n<tr>\n<td class=\"xl65\" height=\"20\">Telts loki: Fibreglass<\/td>\n<\/tr>\n<tr>\n<td class=\"xl65\" height=\"20\">Gr\u012bdas materi\u0101ls : PE rising<\/td>\n<\/tr>\n<tr>\n<td class=\"xl65\" height=\"20\">\u0100r\u0113jais materi\u0101ls: Polyester, taffeta 75D<\/td>\n<\/tr>\n<tr>\n<td class=\"xl65\" height=\"20\">&Scaron;uves: L\u012bm\u0113t\u0101s &scaron;uves<\/td>\n<\/tr>\n<tr>\n<td class=\"xl65\" height=\"20\">Iepakojuma izm\u0113ri: 65 x 25 x 25cm<\/td>\n<\/tr>\n<tr>\n<td class=\"xl65\" height=\"20\">Svars: 12,2kg<\/td>\n<\/tr>\n<\/tbody>\n<\/table>\n<p>Udens iztur\u012bba: 3000mm<\/p>\n","protected":false},"excerpt":{"rendered":"<p>Pla&scaron;a un labi ventil\u0113ta, &scaron;\u012b 6 cilv\u0113kiem paradz\u0113t\u0101 telts nodro&scaron;ina neiedom\u0101jami komfortablus dz\u012bvo&scaron;anus apst\u0101k\u013cus \u0123imenei, pateicoties 2 gu\u013camtelp\u0101m, PE telts gr\u012bdu, kas nodro&scaron;ina maksim\u0101lu ventil\u0101ciju, taj\u0101 pat laik\u0101 12cm augstie gr\u012bdas paaugstin\u0101jumi gar mal\u0101m, nodro&scaron;ina komfortu pat sp\u0113c\u012bgu lietus g\u0101\u017eu laik\u0101.Ja Jums rodas &scaron;aubas par kait\u0113jumu, ko telts gr\u012bda var\u0113tu nodar\u012bt J\u016bsu z\u0101l\u0101jam ilgsto&scaron;i uzturoties [&hellip;]<\/p>\n","protected":false},"featured_media":68361,"template":"","meta":[],"product_brand":[3381],"product_cat":[4558,4568,4952],"product_tag":[],"class_list":{"0":"post-77837","1":"product","2":"type-product","3":"status-publish","4":"has-post-thumbnail","6":"product_brand-coleman","7":"product_cat-for-tourism-recreation","8":"product_cat-tents-for-tourism-recreation","9":"product_cat-coleman-tents-tents-for-tourism-recreation","11":"first","12":"instock","13":"shipping-taxable","14":"purchasable","15":"product-type-simple"},"_links":{"self":[{"href":"https:\/\/sezona.lv\/en\/wp-json\/wp\/v2\/product\/77837","targetHints":{"allow":["GET"]}}],"collection":[{"href":"https:\/\/sezona.lv\/en\/wp-json\/wp\/v2\/product"}],"about":[{"href":"https:\/\/sezona.lv\/en\/wp-json\/wp\/v2\/types\/product"}],"wp:featuredmedia":[{"embeddable":true,"href":"https:\/\/sezona.lv\/en\/wp-json\/wp\/v2\/media\/68361"}],"wp:attachment":[{"href":"https:\/\/sezona.lv\/en\/wp-json\/wp\/v2\/media?parent=77837"}],"wp:term":[{"taxonomy":"product_brand","embeddable":true,"href":"https:\/\/sezona.lv\/en\/wp-json\/wp\/v2\/product_brand?post=77837"},{"taxonomy":"product_cat","embeddable":true,"href":"https:\/\/sezona.lv\/en\/wp-json\/wp\/v2\/product_cat?post=77837"},{"taxonomy":"product_tag","embeddable":true,"href":"https:\/\/sezona.lv\/en\/wp-json\/wp\/v2\/product_tag?post=77837"}],"curies":[{"name":"wp","href":"https:\/\/api.w.org\/{rel}","templated":true}]}}