{"id":77838,"date":"2025-07-11T16:22:56","date_gmt":"2025-07-11T13:22:56","guid":{"rendered":"https:\/\/demo8.ecube.lv\/sezona.lv\/products\/coleman-telts-ridgeline-4-plus\/"},"modified":"2025-07-14T15:13:39","modified_gmt":"2025-07-14T12:13:39","slug":"coleman-telts-ridgeline-4-plus","status":"publish","type":"product","link":"https:\/\/sezona.lv\/en\/products\/coleman-telts-ridgeline-4-plus\/","title":{"rendered":"Coleman telts RIDGELINE 4 PLUS"},"content":{"rendered":"<p>Pla&scaron;a kupolveida dz\u012bvojam\u0101 plat\u012bba ar augstiem grieztiem un pietiekami daudz vietai priek&scaron; galda un kr\u0113sliem, papildina pla&scaron;uma saj\u016btu &scaron;ai 4 viet\u012bgajai teltij. Iek\u013cautas divas atsevi&scaron;\u0137as istabas, kas atdal\u012btas ar centr\u0101lo dz\u012bvojamo telpu, kas nodro&scaron;ina liel\u0101ku priv\u0101tumu kemping\u0101.<\/p>\n<p>\u0100tri uzbuv\u0113jamais dizains ietver sev\u012b 2 durvis, ja p\u0113k&scaron;\u0146i kemping\u0101 main\u0101s laika apst\u0101k\u013ci. 12cm ausgtie PE gr\u012bdas paaugstin\u0101jumi gar telts mal\u0101, nodro&scaron;ina, ka slikti laika apst\u0101k\u013ci neietekm\u0113 komforta l\u012bmeni, nodro&scaron;inot maksim\u0101lu ventil\u0101ciju. Papildus ir daudzas, da\u017e\u0101das iek&scaron;\u0113j\u0101s kabatas, jauna atvere elektr\u012bbas vadam, un lieli vertik\u0101li logi ar p\u0101rkl\u0101jiem, kas nodro&scaron;ina papildus \u0113rt\u012bbas kemping\u0101.<\/p>\n<table border=\"0\" cellspacing=\"0\" cellpadding=\"0\" width=\"260\">\n<colgroup>\n<col width=\"260\"><\/col>\n<\/colgroup>\n<tbody>\n<tr>\n<td width=\"260\" height=\"20\">Specifik\u0101cija<\/td>\n<\/tr>\n<tr>\n<td class=\"xl64\" height=\"20\">Vietu skaits: 4 persons<\/td>\n<\/tr>\n<tr>\n<td class=\"xl64\" height=\"20\">Izstabu skaits: 3<\/td>\n<\/tr>\n<tr>\n<td class=\"xl64\" height=\"20\">Telts izm\u0113ri:460<span class=\"font5\">&times;230&times;<\/span><span class=\"font0\">160<\/span><\/td>\n<\/tr>\n<tr>\n<td class=\"xl64\" height=\"20\">Gu\u013cam plat\u012bba: 5,9m&sup2;<\/td>\n<\/tr>\n<tr>\n<td class=\"xl64\" height=\"20\">Dz\u012bvojam\u0101 plat\u012bba: 4,2m&sup2;<\/td>\n<\/tr>\n<tr>\n<td class=\"xl64\" height=\"20\">Kop\u0113ja plat\u012bba: 10,1m&sup2;<\/td>\n<\/tr>\n<tr>\n<td class=\"xl64\" height=\"20\">Uzcel&scaron;anas veids: virsk\u0101rta pirm\u0101<\/td>\n<\/tr>\n<tr>\n<td class=\"xl64\" height=\"20\">Telts loki: Fibreglass<\/td>\n<\/tr>\n<tr>\n<td class=\"xl64\" height=\"20\">Gr\u012bdas materi\u0101ls : PE rising<\/td>\n<\/tr>\n<tr>\n<td class=\"xl64\" height=\"20\">\u0100r\u0113jais materi\u0101ls: Polyester, taffeta 75D<\/td>\n<\/tr>\n<tr>\n<td class=\"xl64\" height=\"20\">&Scaron;uves: L\u012bm\u0113t\u0101s &scaron;uves<\/td>\n<\/tr>\n<tr>\n<td class=\"xl64\" height=\"20\">Iepakojuma izm\u0113ri: 65 x 23 x 23cm<\/td>\n<\/tr>\n<tr>\n<td class=\"xl64\" height=\"20\">Svars: 10,3kg<\/td>\n<\/tr>\n<tr>\n<td class=\"xl64\" height=\"20\">Udens iztur\u012bba: 3000mm<\/td>\n<\/tr>\n<\/tbody>\n<\/table>\n","protected":false},"excerpt":{"rendered":"<p>Pla&scaron;a kupolveida dz\u012bvojam\u0101 plat\u012bba ar augstiem grieztiem un pietiekami daudz vietai priek&scaron; galda un kr\u0113sliem, papildina pla&scaron;uma saj\u016btu &scaron;ai 4 viet\u012bgajai teltij. Iek\u013cautas divas atsevi&scaron;\u0137as istabas, kas atdal\u012btas ar centr\u0101lo dz\u012bvojamo telpu, kas nodro&scaron;ina liel\u0101ku priv\u0101tumu kemping\u0101. \u0100tri uzbuv\u0113jamais dizains ietver sev\u012b 2 durvis, ja p\u0113k&scaron;\u0146i kemping\u0101 main\u0101s laika apst\u0101k\u013ci. 12cm ausgtie PE gr\u012bdas paaugstin\u0101jumi [&hellip;]<\/p>\n","protected":false},"featured_media":68366,"template":"","meta":[],"product_brand":[3381],"product_cat":[4558,4568,4952],"product_tag":[],"class_list":{"0":"post-77838","1":"product","2":"type-product","3":"status-publish","4":"has-post-thumbnail","6":"product_brand-coleman","7":"product_cat-for-tourism-recreation","8":"product_cat-tents-for-tourism-recreation","9":"product_cat-coleman-tents-tents-for-tourism-recreation","11":"first","12":"instock","13":"shipping-taxable","14":"purchasable","15":"product-type-simple"},"_links":{"self":[{"href":"https:\/\/sezona.lv\/en\/wp-json\/wp\/v2\/product\/77838","targetHints":{"allow":["GET"]}}],"collection":[{"href":"https:\/\/sezona.lv\/en\/wp-json\/wp\/v2\/product"}],"about":[{"href":"https:\/\/sezona.lv\/en\/wp-json\/wp\/v2\/types\/product"}],"wp:featuredmedia":[{"embeddable":true,"href":"https:\/\/sezona.lv\/en\/wp-json\/wp\/v2\/media\/68366"}],"wp:attachment":[{"href":"https:\/\/sezona.lv\/en\/wp-json\/wp\/v2\/media?parent=77838"}],"wp:term":[{"taxonomy":"product_brand","embeddable":true,"href":"https:\/\/sezona.lv\/en\/wp-json\/wp\/v2\/product_brand?post=77838"},{"taxonomy":"product_cat","embeddable":true,"href":"https:\/\/sezona.lv\/en\/wp-json\/wp\/v2\/product_cat?post=77838"},{"taxonomy":"product_tag","embeddable":true,"href":"https:\/\/sezona.lv\/en\/wp-json\/wp\/v2\/product_tag?post=77838"}],"curies":[{"name":"wp","href":"https:\/\/api.w.org\/{rel}","templated":true}]}}