{"id":77839,"date":"2025-07-11T16:22:57","date_gmt":"2025-07-11T13:22:57","guid":{"rendered":"https:\/\/demo8.ecube.lv\/sezona.lv\/products\/coleman-telts-rock-springs-4\/"},"modified":"2025-07-14T15:13:40","modified_gmt":"2025-07-14T12:13:40","slug":"coleman-telts-rock-springs-4","status":"publish","type":"product","link":"https:\/\/sezona.lv\/en\/products\/coleman-telts-rock-springs-4\/","title":{"rendered":"Coleman telts ROCK SPRINGS 4"},"content":{"rendered":"<p>Pla&scaron;a kupolveida 4 cilv\u0113ku telts, ar iestr\u0101d\u0101tu gr\u012bdu priek&scaron;telp\u0101, pied\u0101v\u0101 m\u0101ju saj\u016btu atrodoties kemping\u0101. Telts priek&scaron;telpa ar lielu PVC logu ir perfekta priek&scaron; J\u016bsu mantu uzglab\u0101&scaron;anas un \u013cauj p\u0101rbaud\u012bt k\u0101ds laiks \u0101r\u0101, v\u0113l neizg\u0101ju&scaron;am no telts r\u012bta stund\u0101s.<strong><br \/>virsk\u0101rtas materi\u0101ls<\/strong>:Polyesters 185T,3000mm, l\u012bm\u0113tas &scaron;uves<br \/>i<strong>ek&scaron;\u0113j\u0101s telts materi\u0101ls<\/strong>: elpojo&scaron;s polyesters un t\u012bklveida materi\u0101lu<strong><br \/>gr\u012bdas materi\u0101ls<\/strong>:stingrs un notur\u012bgs PE 120g\/m&sup2;<br \/>telts ir apr\u012bkota ar 2 durv\u012bm (priek&scaron;\u0113j\u0101s un aizmugur\u0113j\u0101s)<br \/><strong>uzglab\u0101&scaron;anas soma:<\/strong>&nbsp;taisnst\u016bra ar r\u0101v\u0113jsl\u0113dz\u0113ju<\/p>\n<table border=\"0\" cellspacing=\"0\" cellpadding=\"0\" width=\"260\">\n<colgroup>\n<col width=\"260\"><\/col>\n<\/colgroup>\n<tbody>\n<tr>\n<td class=\"xl65\" width=\"260\" height=\"20\">Vietu skaits: 4 personas<\/td>\n<\/tr>\n<tr>\n<td class=\"xl65\" height=\"20\">Istabu skaits: 1<\/td>\n<\/tr>\n<tr>\n<td class=\"xl65\" height=\"20\">Telts izm\u0113ri:375<span class=\"font5\">&times;260&times;<\/span><span class=\"font0\">145<\/span><\/td>\n<\/tr>\n<tr>\n<td class=\"xl65\" height=\"20\">Gu\u013cam plat\u012bba: 5,3m&sup2;<\/td>\n<\/tr>\n<tr>\n<td class=\"xl65\" height=\"20\">Uzcel&scaron;anas veids: virsk\u0101rta pirm\u0101<\/td>\n<\/tr>\n<tr>\n<td class=\"xl65\" height=\"20\">Telts loki: Fibreglass<\/td>\n<\/tr>\n<tr>\n<td class=\"xl65\" height=\"20\">Gr\u012bdas materi\u0101ls : PE rising<\/td>\n<\/tr>\n<tr>\n<td class=\"xl65\" height=\"20\">\u0100r\u0113jais materi\u0101ls: Polyester, taffeta 75D<\/td>\n<\/tr>\n<tr>\n<td class=\"xl65\" height=\"20\">&Scaron;uves: L\u012bm\u0113t\u0101s &scaron;uves<\/td>\n<\/tr>\n<tr>\n<td class=\"xl65\" height=\"20\">Iepakojuma izm\u0113ri: 62x20x20cm<\/td>\n<\/tr>\n<tr>\n<td class=\"xl65\" height=\"20\">Svars: 6kg<\/td>\n<\/tr>\n<tr>\n<td class=\"xl65\" height=\"20\">\u016adens iztur\u012bba: 3000mm<\/td>\n<\/tr>\n<\/tbody>\n<\/table>\n","protected":false},"excerpt":{"rendered":"<p>Pla&scaron;a kupolveida 4 cilv\u0113ku telts, ar iestr\u0101d\u0101tu gr\u012bdu priek&scaron;telp\u0101, pied\u0101v\u0101 m\u0101ju saj\u016btu atrodoties kemping\u0101. Telts priek&scaron;telpa ar lielu PVC logu ir perfekta priek&scaron; J\u016bsu mantu uzglab\u0101&scaron;anas un \u013cauj p\u0101rbaud\u012bt k\u0101ds laiks \u0101r\u0101, v\u0113l neizg\u0101ju&scaron;am no telts r\u012bta stund\u0101s.virsk\u0101rtas materi\u0101ls:Polyesters 185T,3000mm, l\u012bm\u0113tas &scaron;uvesiek&scaron;\u0113j\u0101s telts materi\u0101ls: elpojo&scaron;s polyesters un t\u012bklveida materi\u0101lugr\u012bdas materi\u0101ls:stingrs un notur\u012bgs PE 120g\/m&sup2;telts ir [&hellip;]<\/p>\n","protected":false},"featured_media":68371,"template":"","meta":[],"product_brand":[3381],"product_cat":[4558,4568,4952],"product_tag":[],"class_list":{"0":"post-77839","1":"product","2":"type-product","3":"status-publish","4":"has-post-thumbnail","6":"product_brand-coleman","7":"product_cat-for-tourism-recreation","8":"product_cat-tents-for-tourism-recreation","9":"product_cat-coleman-tents-tents-for-tourism-recreation","11":"first","12":"instock","13":"shipping-taxable","14":"purchasable","15":"product-type-simple"},"_links":{"self":[{"href":"https:\/\/sezona.lv\/en\/wp-json\/wp\/v2\/product\/77839","targetHints":{"allow":["GET"]}}],"collection":[{"href":"https:\/\/sezona.lv\/en\/wp-json\/wp\/v2\/product"}],"about":[{"href":"https:\/\/sezona.lv\/en\/wp-json\/wp\/v2\/types\/product"}],"wp:featuredmedia":[{"embeddable":true,"href":"https:\/\/sezona.lv\/en\/wp-json\/wp\/v2\/media\/68371"}],"wp:attachment":[{"href":"https:\/\/sezona.lv\/en\/wp-json\/wp\/v2\/media?parent=77839"}],"wp:term":[{"taxonomy":"product_brand","embeddable":true,"href":"https:\/\/sezona.lv\/en\/wp-json\/wp\/v2\/product_brand?post=77839"},{"taxonomy":"product_cat","embeddable":true,"href":"https:\/\/sezona.lv\/en\/wp-json\/wp\/v2\/product_cat?post=77839"},{"taxonomy":"product_tag","embeddable":true,"href":"https:\/\/sezona.lv\/en\/wp-json\/wp\/v2\/product_tag?post=77839"}],"curies":[{"name":"wp","href":"https:\/\/api.w.org\/{rel}","templated":true}]}}