{"id":77841,"date":"2025-07-14T15:13:43","date_gmt":"2025-07-14T12:13:43","guid":{"rendered":"https:\/\/demo8.ecube.lv\/sezona.lv\/products\/marmot-pargajienu-telts-vapor-3p\/"},"modified":"2025-07-14T15:13:43","modified_gmt":"2025-07-14T12:13:43","slug":"marmot-pargajienu-telts-vapor-3p","status":"publish","type":"product","link":"https:\/\/sezona.lv\/en\/products\/marmot-pargajienu-telts-vapor-3p\/","title":{"rendered":"Marmot p\u0101rg\u0101jienu telts Vapor 3P"},"content":{"rendered":"<div class=\"rte\">\n<p>Klasiska tr\u012bsviet\u012bga telts no amerik\u0101\u0146u komp\u0101nijas  &#8220;Marmot&#8221;. Lielisks cenas un kvalit\u0101tes apvienojums. Maksim\u0101lais telts  svars ir 3kg. Uz katru cilv\u0113ku pa kilogramam, kas ir \u013coti labs r\u0101d\u012bt\u0101js  &scaron;aj\u0101 kategorij\u0101. Teltij ir divas &#8220;D&#8221; tipa ieejas ar nelieliem  priek&scaron;namiem. Jauna alum\u012bnija loku konstrukcija, kas palielina telts  kubat\u016bru, sal\u012bdzinot ar iepriek&scaron;\u0113jo gadu mode\u013ciem. Pat\u012bkams jaunums  gar\u0101kiem cilv\u0113kiem. Br\u012bvi st\u0101vo&scaron;a konstrukcija \u013caus to uzcelt ar\u012b uz  seguma, kur\u0101 nevar iedz\u012bt mieti\u0146us. Mitrumiztur\u012bbas cien\u012bt\u0101jiem \u013coti  pat\u012bkami un zol\u012bdi skait\u013ci &#8211; 3000mm aug&scaron;\u0113jam sl\u0101nim un 5000mm gr\u012bdai.<\/p>\n<h4>Specifik\u0101cija:<\/h4>\n<p><strong>Gr\u012bdas materi\u0101ls:<\/strong> 68d Polyester Taffeta 190T 5000mm F\/R <br \/><strong>Tenta materi\u0101ls:<\/strong> 68d 100% Polyester Taffeta 190T 3000mm F\/R <br \/><strong>Iek&scaron;\u0113j\u0101s telts materi\u0101ls:<\/strong> 40d 100% Polyester No-See-Um Mesh F\/R <br \/><strong>Minim\u0101lais svars:<\/strong> 2740 grami <br \/><strong>Pilna komplekta svars:<\/strong> 3020 grami <br \/><strong>Gr\u012bdas laukums:<\/strong> 3,8m&sup2; <br \/><strong>Vestibila laukums:<\/strong> 0,98m&sup2; un 0,72m&sup2; <br \/><strong>Sapakotas telts izm\u0113ri:<\/strong> 56 x 20,3cm <br \/><strong>Telts izm\u0113ri:<\/strong> 117 x 168 x 229cm <br \/><strong>Karkasa loku materi\u0101ls:<\/strong> DAC Press-Fit 9.0 mm\/8.5 mm <br \/><strong>Karkasa loku skaits:<\/strong> 3 <br \/><strong>Ieeju skaits:<\/strong> 2 <br \/><strong>Vietu skaits:<\/strong> 3<\/p>\n<h4>Raksturojums:<\/h4>\n<ul>\n<li>D tipa durvis ar vestibilu<\/li>\n<li>Visas &scaron;uves 100% p\u0101rl\u012bm\u0113tas<\/li>\n<li>Kr\u0101su atz\u012bmes viegl\u0101kai uzst\u0101d\u012b&scaron;anai<\/li>\n<li>Br\u012bvi st\u0101vo&scaron;a konstrukcija<\/li>\n<li>Iek&scaron;\u0113j\u0101s kabati\u0146as mantu organiz\u0113&scaron;anai<\/li>\n<li>Neskano&scaron;i r\u0101v\u0113jsl\u0113dz\u0113ji<\/li>\n<li>Atstarojo&scaron;i logotipi<\/li>\n<li>Liel\u0101ka kubat\u016bra<\/li>\n<li>Alum\u012bnija loki un mieti\u0146i<\/li>\n<\/ul>\n<\/div>\n","protected":false},"excerpt":{"rendered":"<p>Klasiska tr\u012bsviet\u012bga telts no amerik\u0101\u0146u komp\u0101nijas &#8220;Marmot&#8221;. Lielisks cenas un kvalit\u0101tes apvienojums. Maksim\u0101lais telts svars ir 3kg. Uz katru cilv\u0113ku pa kilogramam, kas ir \u013coti labs r\u0101d\u012bt\u0101js &scaron;aj\u0101 kategorij\u0101. Teltij ir divas &#8220;D&#8221; tipa ieejas ar nelieliem priek&scaron;namiem. Jauna alum\u012bnija loku konstrukcija, kas palielina telts kubat\u016bru, sal\u012bdzinot ar iepriek&scaron;\u0113jo gadu mode\u013ciem. Pat\u012bkams jaunums gar\u0101kiem cilv\u0113kiem. [&hellip;]<\/p>\n","protected":false},"featured_media":0,"template":"","meta":[],"product_brand":[908],"product_cat":[4558,4568,4640,4955],"product_tag":[],"class_list":{"0":"post-77841","1":"product","2":"type-product","3":"status-publish","5":"product_brand-marmot","6":"product_cat-for-tourism-recreation","7":"product_cat-tents-for-tourism-recreation","8":"product_cat-recreation","9":"product_cat-marmot-tents-tents-for-tourism-recreation","11":"first","12":"instock","13":"shipping-taxable","14":"purchasable","15":"product-type-simple"},"_links":{"self":[{"href":"https:\/\/sezona.lv\/en\/wp-json\/wp\/v2\/product\/77841","targetHints":{"allow":["GET"]}}],"collection":[{"href":"https:\/\/sezona.lv\/en\/wp-json\/wp\/v2\/product"}],"about":[{"href":"https:\/\/sezona.lv\/en\/wp-json\/wp\/v2\/types\/product"}],"wp:attachment":[{"href":"https:\/\/sezona.lv\/en\/wp-json\/wp\/v2\/media?parent=77841"}],"wp:term":[{"taxonomy":"product_brand","embeddable":true,"href":"https:\/\/sezona.lv\/en\/wp-json\/wp\/v2\/product_brand?post=77841"},{"taxonomy":"product_cat","embeddable":true,"href":"https:\/\/sezona.lv\/en\/wp-json\/wp\/v2\/product_cat?post=77841"},{"taxonomy":"product_tag","embeddable":true,"href":"https:\/\/sezona.lv\/en\/wp-json\/wp\/v2\/product_tag?post=77841"}],"curies":[{"name":"wp","href":"https:\/\/api.w.org\/{rel}","templated":true}]}}