{"id":77843,"date":"2025-07-14T15:13:45","date_gmt":"2025-07-14T12:13:45","guid":{"rendered":"https:\/\/demo8.ecube.lv\/sezona.lv\/products\/marmot-kempinga-telts-argent-4p\/"},"modified":"2025-07-14T15:13:45","modified_gmt":"2025-07-14T12:13:45","slug":"marmot-kempinga-telts-argent-4p","status":"publish","type":"product","link":"https:\/\/sezona.lv\/en\/products\/marmot-kempinga-telts-argent-4p\/","title":{"rendered":"Marmot kempinga telts Argent 4P"},"content":{"rendered":"<div class=\"rte\">\n<p>\u013boti ietilp\u012bga tr\u012bs sezonu \u010detrviet\u012bg\u0101 kempinga  telts no Marmot tel&scaron;u kolekcijas. Ar 5.4m&sup2; plat\u012bbu, viegliem un  iztur\u012bgiem Velocity 12mm telts lokiem un \u0101rk\u0101rt\u012bgi vienk\u0101r&scaron;u uzslie&scaron;anu,  t\u0101 b\u016bs ide\u0101ls variants kempingam. Teltij ir &#8220;D&#8221; tipa ieeja, kas ir  speci\u0101li izstr\u0101d\u0101ta liel\u0101ka un plat\u0101ka nek\u0101 cit\u0101m Marmot telt\u012bm, l\u012bdz ar  to \u013coti labi piem\u0113rota liel\u0101ka auguma cilv\u0113kiem. Teicama ventil\u0101cija,  \u016bdens iztur\u012bba un konstrukcija padara &scaron;o telti par lielisku ekip\u0113juma  sast\u0101vda\u013cu. Br\u012bvi st\u0101vo&scaron;a konstrukcija \u013caus to uzcelt ar\u012b uz seguma,  kur\u0101 nevar iedz\u012bt mieti\u0146us. \u012apa&scaron;i piem\u0113rota kempingo&scaron;anai un  p\u0101rg\u0101jieniem ar \u0123imeni.<\/p>\n<h4>Specifik\u0101cija:<\/h4>\n<p><strong> Gr\u012bdas materi\u0101ls:<\/strong> 68d 100% Polyester Taffenta 190T 2000mm F\/R <br \/><strong>Tenta materi\u0101ls:<\/strong> 68d 100% Polyester Taffenta&nbsp; 190T 1800mm, F\/R <br \/><strong>Iek&scaron;\u0113j\u0101s telts materi\u0101ls:<\/strong> 68d 100% Polyester Taffeta,F\/R 40d 100% Polyester No-See-Um Mesh F\/R <br \/><strong>Minim\u0101lais svars:<\/strong> 4060 grami <br \/><strong>Pilna komplekta svars:<\/strong> 4320 grami <br \/><strong>Gr\u012bdas laukums:<\/strong> 5.4 m&sup2; <br \/><strong>Vestibila laukums:<\/strong> 1,53 m&sup2; <br \/><strong>Sapakotas telts izm\u0113ri:<\/strong> 70cm x 26 cm <br \/><strong>Telts izm\u0113ri:<\/strong> 156cm x 216cm x 246cm <br \/><strong>Karkasa loku materi\u0101ls:<\/strong> Velocity 12mm <br \/><strong>Karkasa loku skaits:<\/strong> 3 <br \/><strong>Ieeju skaits:<\/strong> 1 <br \/><strong>Vietu skaits:<\/strong> 4<\/p>\n<h4>Raksturojums:<\/h4>\n<ul>\n<li>\u012apa&scaron;i lielas D tipa durvis<\/li>\n<li>Visas &scaron;uves ir 100% p\u0101rl\u012bm\u0113tas<\/li>\n<li>Kr\u0101su atz\u012bmes viegl\u0101kai uzst\u0101d\u012b&scaron;anai<\/li>\n<li>Iek&scaron;\u0113j\u0101s kabati\u0146as viegl\u0101kai mantu organiz\u0113&scaron;anai<\/li>\n<li>Telts loku kabati\u0146as<\/li>\n<li>Atstarojo&scaron;i logotipi<\/li>\n<li>Ne\u017evadzo&scaron;i r\u0101v\u0113jsl\u0113dz\u0113ji<\/li>\n<\/ul>\n<\/div>\n","protected":false},"excerpt":{"rendered":"<p>\u013boti ietilp\u012bga tr\u012bs sezonu \u010detrviet\u012bg\u0101 kempinga telts no Marmot tel&scaron;u kolekcijas. Ar 5.4m&sup2; plat\u012bbu, viegliem un iztur\u012bgiem Velocity 12mm telts lokiem un \u0101rk\u0101rt\u012bgi vienk\u0101r&scaron;u uzslie&scaron;anu, t\u0101 b\u016bs ide\u0101ls variants kempingam. Teltij ir &#8220;D&#8221; tipa ieeja, kas ir speci\u0101li izstr\u0101d\u0101ta liel\u0101ka un plat\u0101ka nek\u0101 cit\u0101m Marmot telt\u012bm, l\u012bdz ar to \u013coti labi piem\u0113rota liel\u0101ka auguma cilv\u0113kiem. [&hellip;]<\/p>\n","protected":false},"featured_media":0,"template":"","meta":[],"product_brand":[908],"product_cat":[4558,4568,4640,4955],"product_tag":[],"class_list":{"0":"post-77843","1":"product","2":"type-product","3":"status-publish","5":"product_brand-marmot","6":"product_cat-for-tourism-recreation","7":"product_cat-tents-for-tourism-recreation","8":"product_cat-recreation","9":"product_cat-marmot-tents-tents-for-tourism-recreation","11":"first","12":"instock","13":"shipping-taxable","14":"purchasable","15":"product-type-simple"},"_links":{"self":[{"href":"https:\/\/sezona.lv\/en\/wp-json\/wp\/v2\/product\/77843","targetHints":{"allow":["GET"]}}],"collection":[{"href":"https:\/\/sezona.lv\/en\/wp-json\/wp\/v2\/product"}],"about":[{"href":"https:\/\/sezona.lv\/en\/wp-json\/wp\/v2\/types\/product"}],"wp:attachment":[{"href":"https:\/\/sezona.lv\/en\/wp-json\/wp\/v2\/media?parent=77843"}],"wp:term":[{"taxonomy":"product_brand","embeddable":true,"href":"https:\/\/sezona.lv\/en\/wp-json\/wp\/v2\/product_brand?post=77843"},{"taxonomy":"product_cat","embeddable":true,"href":"https:\/\/sezona.lv\/en\/wp-json\/wp\/v2\/product_cat?post=77843"},{"taxonomy":"product_tag","embeddable":true,"href":"https:\/\/sezona.lv\/en\/wp-json\/wp\/v2\/product_tag?post=77843"}],"curies":[{"name":"wp","href":"https:\/\/api.w.org\/{rel}","templated":true}]}}