{"id":77844,"date":"2025-07-14T15:13:46","date_gmt":"2025-07-14T12:13:46","guid":{"rendered":"https:\/\/demo8.ecube.lv\/sezona.lv\/products\/marmot-yurt-gulammaiss\/"},"modified":"2025-07-14T15:13:46","modified_gmt":"2025-07-14T12:13:46","slug":"marmot-yurt-gulammaiss","status":"publish","type":"product","link":"https:\/\/sezona.lv\/en\/products\/marmot-yurt-gulammaiss\/","title":{"rendered":"Marmot Yurt gu\u013cammaiss"},"content":{"rendered":"<p align=\"justify\"><span style=\"font-size: x-small\">Guli k\u0101 m\u0101j\u0101s!&nbsp;<strong>Marmot Yurt<\/strong>&nbsp;segas tipa d\u016bnu gu\u013cammaiss sniedz tie&scaron;i t\u0101du&nbsp; komfortu k\u0101 m\u0101j\u0101s. Piln\u012bb\u0101 atverams un lietojams k\u0101 sega. Gana plats ar\u012b maisa veid\u0101. Zosu d\u016bnu komforts sniegs teicamu atp\u016btu pat agra pavasara nakt\u012bs, kur gaisa temperat\u016bra tur\u0113sies ap 0&deg;C. Pateicoties dab\u012bgajam d\u016bnu pild\u012bjumam gu\u013cammaiss nesag\u0101d\u0101s diskomfortu ar\u012b pie +15&deg;C, jo tas lieliski &#8220;elpos&#8221;. D\u016bnas ir apstr\u0101d\u0101tas ar&nbsp;<strong>Marmot Down Defender&trade;<\/strong>&nbsp;tehnolo\u0123iju, kas nodro&scaron;ina daudz maz\u0101ku d\u016bnu sas\u016bk&scaron;anos ar mitrumu, k\u0101 ar\u012b pa\u0101trina to iz&scaron;\u016b&scaron;anu, t\u0101m samirkstot.<\/span><\/p>\n<p>&nbsp;<\/p>\n<p><span style=\"color: #800000;font-size: x-small\"><strong>Specifik\u0101cija:<\/strong><\/span><\/p>\n<p>&nbsp;<\/p>\n<p><span style=\"font-size: x-small\"><strong>Pamatmateri\u0101ls:<\/strong>&nbsp;30d 100% Nylon Ripstop 1.5 oz\/sqyd&nbsp;<br \/><\/span><span style=\"font-size: x-small\"><strong>Oder\u0113jums:<\/strong>&nbsp;30d 100% Nylon Ripstop 1.5 oz\/sqyd<br \/><\/span><span style=\"font-size: x-small\"><strong>Pild\u012bjums:<\/strong>&nbsp;Zosu d\u016bnas 650 FP<br \/><\/span><span style=\"font-size: x-small\"><strong>Pild\u012bjuma daudzums:<\/strong>&nbsp;600 grami<br \/><\/span><span style=\"font-size: x-small\"><strong>Gu\u013camzonas garums:<\/strong>&nbsp;224 cm<br \/><\/span><span style=\"font-size: x-small\"><strong>Platums:&nbsp;<\/strong>97cm<br \/><\/span><span style=\"font-size: x-small\"><strong>Svars:<\/strong>&nbsp;1140 grami<br \/><\/span><span style=\"font-size: x-small\"><strong>Komforta temperat\u016bra<\/strong>: +2&deg;C<\/span><\/p>\n<p>&nbsp;<\/p>\n<p><span style=\"color: #800000;font-size: x-small\"><strong>Raksturojums:<\/strong><\/span><\/p>\n<p>&nbsp;<\/p>\n<p><span style=\"font-size: x-small\"><img loading=\"lazy\" decoding=\"async\" src=\"http:\/\/www.virsotne.lv\/userfiles\/image\/preces_simboli\/marmot_preces.gif\" alt=\"\" width=\"15\" height=\"15\" \/>&nbsp;Pilna garuma segas tipa gu\u013cammaiss<br \/><\/span><span style=\"font-size: x-small\"><img loading=\"lazy\" decoding=\"async\" src=\"http:\/\/www.virsotne.lv\/userfiles\/image\/preces_simboli\/marmot_preces.gif\" alt=\"\" width=\"15\" height=\"15\" \/>&nbsp;Sertific\u0113tas zosu d\u016bnas<br \/><\/span><span style=\"font-size: x-small\"><img loading=\"lazy\" decoding=\"async\" src=\"http:\/\/www.virsotne.lv\/userfiles\/image\/preces_simboli\/marmot_preces.gif\" alt=\"\" width=\"15\" height=\"15\" \/>&nbsp;Piln\u012bb\u0101 atverams r\u0101v\u0113jsl\u0113dz\u0113js<br \/><\/span><span style=\"font-size: x-small\"><img loading=\"lazy\" decoding=\"async\" src=\"http:\/\/www.virsotne.lv\/userfiles\/image\/preces_simboli\/marmot_preces.gif\" alt=\"\" width=\"15\" height=\"15\" \/>&nbsp;Pat\u012bkams audums galvas un kr\u016b&scaron;u rajon\u0101<br \/><\/span><span style=\"font-size: x-small\"><img loading=\"lazy\" decoding=\"async\" src=\"http:\/\/www.virsotne.lv\/userfiles\/image\/preces_simboli\/marmot_preces.gif\" alt=\"\" width=\"15\" height=\"15\" \/>&nbsp;Uzglab\u0101&scaron;anas un p\u0101rvad\u0101&scaron;anas maiss iek\u013cauts komplekt\u0101<\/span><\/p>\n","protected":false},"excerpt":{"rendered":"<p>Guli k\u0101 m\u0101j\u0101s!&nbsp;Marmot Yurt&nbsp;segas tipa d\u016bnu gu\u013cammaiss sniedz tie&scaron;i t\u0101du&nbsp; komfortu k\u0101 m\u0101j\u0101s. Piln\u012bb\u0101 atverams un lietojams k\u0101 sega. Gana plats ar\u012b maisa veid\u0101. Zosu d\u016bnu komforts sniegs teicamu atp\u016btu pat agra pavasara nakt\u012bs, kur gaisa temperat\u016bra tur\u0113sies ap 0&deg;C. Pateicoties dab\u012bgajam d\u016bnu pild\u012bjumam gu\u013cammaiss nesag\u0101d\u0101s diskomfortu ar\u012b pie +15&deg;C, jo tas lieliski &#8220;elpos&#8221;. D\u016bnas [&hellip;]<\/p>\n","protected":false},"featured_media":0,"template":"","meta":[],"product_brand":[908],"product_cat":[4558,4569,4640,4963],"product_tag":[],"class_list":{"0":"post-77844","1":"product","2":"type-product","3":"status-publish","5":"product_brand-marmot","6":"product_cat-for-tourism-recreation","7":"product_cat-sleeping-bags-for-tourism-recreation","8":"product_cat-recreation","9":"product_cat-marmot-sleeping-bags-sleeping-bags-for-tourism-recreation","11":"first","12":"instock","13":"shipping-taxable","14":"purchasable","15":"product-type-simple"},"_links":{"self":[{"href":"https:\/\/sezona.lv\/en\/wp-json\/wp\/v2\/product\/77844","targetHints":{"allow":["GET"]}}],"collection":[{"href":"https:\/\/sezona.lv\/en\/wp-json\/wp\/v2\/product"}],"about":[{"href":"https:\/\/sezona.lv\/en\/wp-json\/wp\/v2\/types\/product"}],"wp:attachment":[{"href":"https:\/\/sezona.lv\/en\/wp-json\/wp\/v2\/media?parent=77844"}],"wp:term":[{"taxonomy":"product_brand","embeddable":true,"href":"https:\/\/sezona.lv\/en\/wp-json\/wp\/v2\/product_brand?post=77844"},{"taxonomy":"product_cat","embeddable":true,"href":"https:\/\/sezona.lv\/en\/wp-json\/wp\/v2\/product_cat?post=77844"},{"taxonomy":"product_tag","embeddable":true,"href":"https:\/\/sezona.lv\/en\/wp-json\/wp\/v2\/product_tag?post=77844"}],"curies":[{"name":"wp","href":"https:\/\/api.w.org\/{rel}","templated":true}]}}