{"id":77845,"date":"2025-07-14T15:13:46","date_gmt":"2025-07-14T12:13:46","guid":{"rendered":"https:\/\/demo8.ecube.lv\/sezona.lv\/products\/marmot-datum-gulammaiss\/"},"modified":"2025-07-14T15:13:46","modified_gmt":"2025-07-14T12:13:46","slug":"marmot-datum-gulammaiss","status":"publish","type":"product","link":"https:\/\/sezona.lv\/en\/products\/marmot-datum-gulammaiss\/","title":{"rendered":"Marmot Datum Gu\u013cammaiss"},"content":{"rendered":"<p align=\"justify\"><span style=\"color: #800000\"><span style=\"font-size: x-small\"><span style=\"color: #000000\">Ziemas gu\u013cammaiss kur\u0101 ir apvienotas lab\u0101k\u0101s \u012bpa&scaron;\u012bbas gan no d\u016bn\u0101m, gan sint\u0113tisk\u0101 siltin\u0101juma. Datum apak&scaron;\u0113j\u0101 da\u013ca ir pild\u012bta ar&nbsp;<strong>Spirafil&reg;<\/strong>&nbsp;siltin\u0101jumu, kas nodro&scaron;in\u0101s siltumu ar\u012b ja gu\u013cammaiss b\u016bs mitrs, bet aug&scaron;\u0113j\u0101 da\u013ca ir pild\u012bta ar augstv\u0113rt\u012bg\u0101m&nbsp;<strong>650 s\u0113rijas d\u016bn\u0101m<\/strong>. Papildus d\u016bnas ir apstr\u0101d\u0101tas ar&nbsp;<strong>Marmot DownDefender<\/strong>, t\u0101d\u0101 veid\u0101 pan\u0101kot daudz lab\u0101kas \u016bdens atgr\u016bdu&scaron;\u0101s \u012bpa&scaron;\u012bbas, k\u0101 ar\u012b nodro&scaron;inot \u0101tr\u0101ku iz\u017e\u016b&scaron;anas laiku.&nbsp;<br \/><\/span><\/span><\/span><\/p>\n<p><span style=\"color: #800000\"><strong><span style=\"font-size: x-small\">Specifik\u0101cija:<\/span><\/strong><\/span><\/p>\n<p><span style=\"font-size: x-small\"><img loading=\"lazy\" decoding=\"async\" src=\"http:\/\/www.virsotne.lv\/userfiles\/image\/ahaa\/marmot_logo_aplisM.gif\" alt=\"\" width=\"15\" height=\"15\" \/>&nbsp;<strong>Siltin\u0101jums:&nbsp;<\/strong>Aug&scaron;pus\u0113&nbsp;<strong>650FP d\u016bnas<\/strong>, apak&scaron;\u0101 sint\u0113tiskais siltin\u0101jums&nbsp;<\/span><span style=\"font-size: x-small\"><span style=\"color: #800000\"><span style=\"font-size: x-small\"><span style=\"color: #000000\"><strong>Spirafil&reg;<\/strong><\/span><\/span><\/span>&nbsp;<\/span><br \/><span style=\"font-size: x-small\"><img loading=\"lazy\" decoding=\"async\" src=\"http:\/\/www.virsotne.lv\/userfiles\/image\/ahaa\/marmot_logo_aplisM.gif\" alt=\"\" width=\"15\" height=\"15\" \/>&nbsp;<strong>Pamatmateri\u0101ls:&nbsp;<\/strong>30d 100% Ripstop Neilons 1.5 oz\/sqyd, 70D 100% Poliesters 2.2 oz\/yd&nbsp;&nbsp;<\/span><br \/><span style=\"font-size: x-small\"><img loading=\"lazy\" decoding=\"async\" src=\"http:\/\/www.virsotne.lv\/userfiles\/image\/ahaa\/marmot_logo_aplisM.gif\" alt=\"\" width=\"15\" height=\"15\" \/>&nbsp;<strong>Oder\u0113juma materi\u0101ls:&nbsp;<\/strong><\/span><span style=\"font-size: x-small\">30d 100% NEilons DWR 1.27 oz\/yd&nbsp;<br \/><\/span><span style=\"font-size: x-small\"><img loading=\"lazy\" decoding=\"async\" src=\"http:\/\/www.virsotne.lv\/userfiles\/image\/ahaa\/marmot_logo_aplisM.gif\" alt=\"\" width=\"15\" height=\"15\" \/>&nbsp;<strong>Komforta temperat\u016bra:&nbsp;<\/strong>-18C<br \/><\/span><span style=\"font-size: x-small\"><img loading=\"lazy\" decoding=\"async\" src=\"http:\/\/www.virsotne.lv\/userfiles\/image\/ahaa\/marmot_logo_aplisM.gif\" alt=\"\" width=\"15\" height=\"15\" \/>&nbsp;<strong>Kop\u0113jais gu\u013camzonas garums:&nbsp;<\/strong>216cm&nbsp;<br \/><\/span><span style=\"font-size: x-small\"><img loading=\"lazy\" decoding=\"async\" src=\"http:\/\/www.virsotne.lv\/userfiles\/image\/ahaa\/marmot_logo_aplisM.gif\" alt=\"\" width=\"15\" height=\"15\" \/>&nbsp;<strong>Izm\u0113rs plecos:&nbsp;<\/strong>154,9cm<br \/><\/span><span style=\"font-size: x-small\"><img loading=\"lazy\" decoding=\"async\" src=\"http:\/\/www.virsotne.lv\/userfiles\/image\/ahaa\/marmot_logo_aplisM.gif\" alt=\"\" width=\"15\" height=\"15\" \/>&nbsp;<strong>Izm\u0113rs gurnos:&nbsp;<\/strong>147,3cm<br \/><\/span><span style=\"font-size: x-small\"><img loading=\"lazy\" decoding=\"async\" src=\"http:\/\/www.virsotne.lv\/userfiles\/image\/ahaa\/marmot_logo_aplisM.gif\" alt=\"\" width=\"15\" height=\"15\" \/>&nbsp;<strong>Izm\u0113rs k\u0101jgal\u012b:&nbsp;<\/strong>104,1cm<br \/><\/span><span style=\"font-size: x-small\"><img loading=\"lazy\" decoding=\"async\" src=\"http:\/\/www.virsotne.lv\/userfiles\/image\/ahaa\/marmot_logo_aplisM.gif\" alt=\"\" width=\"15\" height=\"15\" \/>&nbsp;<strong>R\u0101v\u0113jsl\u0113dz\u0113js:&nbsp;<\/strong>Kreisais<\/span><br \/><span style=\"font-size: x-small\"><img loading=\"lazy\" decoding=\"async\" src=\"http:\/\/www.virsotne.lv\/userfiles\/image\/ahaa\/marmot_logo_aplisM.gif\" alt=\"\" width=\"15\" height=\"15\" \/>&nbsp;<strong>Svars:&nbsp;<\/strong>1650g&nbsp;<br \/><\/span><\/p>\n<p><span style=\"font-size: x-small\"><span style=\"color: #800000\"><strong>Raksturojums:<\/strong><\/span><\/span><\/p>\n<p>&nbsp;<\/p>\n<p><span style=\"font-size: x-small\"><img loading=\"lazy\" decoding=\"async\" src=\"http:\/\/www.virsotne.lv\/userfiles\/image\/ahaa\/marmot_logo_aplisM.gif\" alt=\"\" width=\"15\" height=\"15\" \/>&nbsp;Test\u0113ts saska\u0146\u0101 ar&nbsp;<strong>EN 13537<\/strong>&nbsp;testu<br \/><\/span><span style=\"font-size: x-small\"><img loading=\"lazy\" decoding=\"async\" src=\"http:\/\/www.virsotne.lv\/userfiles\/image\/ahaa\/marmot_logo_aplisM.gif\" alt=\"\" width=\"15\" height=\"15\" \/>&nbsp;Augstas kvalit\u0101tes sint\u0113tiskais pidl\u012bjums&nbsp;<strong>Tramal R&trade; apvienojum\u0101 ar 650FP dun\u0101m<\/strong><br \/><\/span><span style=\"font-size: x-small\"><img loading=\"lazy\" decoding=\"async\" src=\"http:\/\/www.virsotne.lv\/userfiles\/image\/ahaa\/marmot_logo_aplisM.gif\" alt=\"\" width=\"15\" height=\"15\" \/>&nbsp;Trapec\u0113ts k\u0101jgalis<br \/><\/span><span style=\"font-size: x-small\"><img loading=\"lazy\" decoding=\"async\" src=\"http:\/\/www.virsotne.lv\/userfiles\/image\/ahaa\/marmot_logo_aplisM.gif\" alt=\"\" width=\"15\" height=\"15\" \/>&nbsp;Mantu kabati\u0146a<br \/><\/span><span style=\"font-size: x-small\"><img loading=\"lazy\" decoding=\"async\" src=\"http:\/\/www.virsotne.lv\/userfiles\/image\/ahaa\/marmot_logo_aplisM.gif\" alt=\"\" width=\"15\" height=\"15\" \/>&nbsp;Plecu savilc\u0113jauklas<br \/><\/span><span style=\"font-size: x-small\"><img loading=\"lazy\" decoding=\"async\" src=\"http:\/\/www.virsotne.lv\/userfiles\/image\/ahaa\/marmot_logo_aplisM.gif\" alt=\"\" width=\"15\" height=\"15\" \/>&nbsp;R\u0101v\u0113jsl\u0113dz\u0113ja aizsargjosla<\/span><\/p>\n","protected":false},"excerpt":{"rendered":"<p>Ziemas gu\u013cammaiss kur\u0101 ir apvienotas lab\u0101k\u0101s \u012bpa&scaron;\u012bbas gan no d\u016bn\u0101m, gan sint\u0113tisk\u0101 siltin\u0101juma. Datum apak&scaron;\u0113j\u0101 da\u013ca ir pild\u012bta ar&nbsp;Spirafil&reg;&nbsp;siltin\u0101jumu, kas nodro&scaron;in\u0101s siltumu ar\u012b ja gu\u013cammaiss b\u016bs mitrs, bet aug&scaron;\u0113j\u0101 da\u013ca ir pild\u012bta ar augstv\u0113rt\u012bg\u0101m&nbsp;650 s\u0113rijas d\u016bn\u0101m. Papildus d\u016bnas ir apstr\u0101d\u0101tas ar&nbsp;Marmot DownDefender, t\u0101d\u0101 veid\u0101 pan\u0101kot daudz lab\u0101kas \u016bdens atgr\u016bdu&scaron;\u0101s \u012bpa&scaron;\u012bbas, k\u0101 ar\u012b nodro&scaron;inot \u0101tr\u0101ku iz\u017e\u016b&scaron;anas [&hellip;]<\/p>\n","protected":false},"featured_media":0,"template":"","meta":[],"product_brand":[908],"product_cat":[4558,4569,4640,4963],"product_tag":[],"class_list":{"0":"post-77845","1":"product","2":"type-product","3":"status-publish","5":"product_brand-marmot","6":"product_cat-for-tourism-recreation","7":"product_cat-sleeping-bags-for-tourism-recreation","8":"product_cat-recreation","9":"product_cat-marmot-sleeping-bags-sleeping-bags-for-tourism-recreation","11":"first","12":"instock","13":"shipping-taxable","14":"purchasable","15":"product-type-simple"},"_links":{"self":[{"href":"https:\/\/sezona.lv\/en\/wp-json\/wp\/v2\/product\/77845","targetHints":{"allow":["GET"]}}],"collection":[{"href":"https:\/\/sezona.lv\/en\/wp-json\/wp\/v2\/product"}],"about":[{"href":"https:\/\/sezona.lv\/en\/wp-json\/wp\/v2\/types\/product"}],"wp:attachment":[{"href":"https:\/\/sezona.lv\/en\/wp-json\/wp\/v2\/media?parent=77845"}],"wp:term":[{"taxonomy":"product_brand","embeddable":true,"href":"https:\/\/sezona.lv\/en\/wp-json\/wp\/v2\/product_brand?post=77845"},{"taxonomy":"product_cat","embeddable":true,"href":"https:\/\/sezona.lv\/en\/wp-json\/wp\/v2\/product_cat?post=77845"},{"taxonomy":"product_tag","embeddable":true,"href":"https:\/\/sezona.lv\/en\/wp-json\/wp\/v2\/product_tag?post=77845"}],"curies":[{"name":"wp","href":"https:\/\/api.w.org\/{rel}","templated":true}]}}