{"id":77846,"date":"2025-07-14T15:13:47","date_gmt":"2025-07-14T12:13:47","guid":{"rendered":"https:\/\/demo8.ecube.lv\/sezona.lv\/products\/marmot-never-summer-long-gulammaiss\/"},"modified":"2025-07-14T15:13:47","modified_gmt":"2025-07-14T12:13:47","slug":"marmot-never-summer-long-gulammaiss","status":"publish","type":"product","link":"https:\/\/sezona.lv\/en\/products\/marmot-never-summer-long-gulammaiss\/","title":{"rendered":"Marmot Never Summer Long Gu\u013cammaiss"},"content":{"rendered":"<p align=\"justify\"><span style=\"font-size: x-small\">Gu\u013cammaisa&nbsp;<strong>Never Summer<\/strong>&nbsp;pagarin\u0101t\u0101 versija. &Scaron;is ziema gu\u013cammais ir sild\u012bts ar augstv\u0113rt\u012bg\u0101m d\u016bn\u0101m, kas ir r\u016bp\u012bgi atlas\u012btas un sertific\u0113tas laboratorij\u0101. Turkl\u0101t jaun\u0101kie&nbsp;<strong>Marmot<\/strong>&nbsp;d\u016bnu gu\u013cammaisi ir apstr\u0101d\u0101ti ar<strong>Marmot Down Defender&trade;<\/strong>&nbsp;tehnolo\u0123iju, kas par 150% vair\u0101k pasarg\u0101 d\u016bnas no samirk&scaron;anas un par 30% \u0101tr\u0101k nodro&scaron;ina to iz&scaron;\u016b&scaron;anu.&nbsp;<strong>Marmot Never Summer<\/strong>&nbsp;gu\u013cammaiss ir viens no popul\u0101r\u0101kajiem ziemas gu\u013cammaisiem sav\u0101 segment\u0101, t\u0101 lielisk\u0101 snieguma un cenas attiec\u012bb\u0101. Tam ir trapecveid\u012bgs k\u0101jgalis, kas nodro&scaron;in\u0101s vair\u0101k vietas p\u0113d\u0101m. Nav aizmirst ar\u012b par piederumu kabati\u0146u. Lieliska izv\u0113le alp\u012bnismam, trekingiem aukstos apst\u0101k\u013cos, k\u0101 ar\u012b ziemas t\u016brismam. &Scaron;is gu\u013cammais b\u016bs gana silts ar\u012b kalnos l\u012bdz 7000m.&nbsp;<\/span><\/p>\n<p>&nbsp;<\/p>\n<p><span style=\"font-size: x-small\"><strong><span style=\"color: #800000\">Specifik\u0101cija:<\/span><\/strong><\/span><\/p>\n<p>&nbsp;<\/p>\n<p><span style=\"font-size: x-small\"><strong>Virs\u0113jais materi\u0101ls:&nbsp;<\/strong>100% Nylon Ripstop AC 1.3 oz\/yd, 100% Nylon WR 1.4 oz\/yd&nbsp;<br \/><\/span><span style=\"font-size: x-small\"><strong>Oder\u0113jums:&nbsp;<\/strong>100% Nylon Plain Weave WR 1.3 oz\/yd&nbsp;<br \/><\/span><span style=\"font-size: x-small\"><strong>Siltin\u0101jums:<\/strong>&nbsp;650+ d\u016bnas ar DownDefender apstr\u0101di<br \/><\/span><span style=\"font-size: x-small\"><strong>Siltin\u0101t\u0101ja daudzums:<\/strong>&nbsp;950 grami<br \/><\/span><span style=\"font-size: x-small\"><strong>Komforta temperat\u016bra:<\/strong>&nbsp;-18*C<br \/><\/span><span style=\"font-size: x-small\"><strong>Garums:&nbsp;<\/strong>226cm<br \/><\/span><span style=\"font-size: x-small\"><strong>Izm\u0113rs plecos:<\/strong>&nbsp;l\u012bdz 162.6cm apk\u0101rtmer\u0101<br \/><\/span><span style=\"font-size: x-small\"><strong>Izm\u0113rs gurnos:<\/strong>&nbsp;l\u012bdz 147.3cm apk\u0101rtm\u0113r\u0101<br \/><\/span><span style=\"font-size: x-small\"><strong>Izm\u0113rs k\u0101j\u0101s:<\/strong>&nbsp;l\u012bdz 109,2cm apk\u0101rtm\u0113r\u0101<br \/><\/span><span style=\"font-size: x-small\"><strong>Svars:<\/strong>&nbsp;1485 grami<br \/><\/span><\/p>\n<p>&nbsp;<\/p>\n<p><span style=\"color: #800000;font-size: x-small\"><strong>Raksturojums:<\/strong><\/span><\/p>\n<p>&nbsp;<\/p>\n<p><span style=\"font-size: x-small\"><img loading=\"lazy\" decoding=\"async\" src=\"http:\/\/www.virsotne.lv\/userfiles\/image\/ahaa\/marmot_logo_aplisM.gif\" alt=\"\" width=\"15\" height=\"15\" \/>&nbsp;Sertific\u0113tas 650 FP d\u016bnas<br \/><\/span><span style=\"font-size: x-small\"><img loading=\"lazy\" decoding=\"async\" src=\"http:\/\/www.virsotne.lv\/userfiles\/image\/ahaa\/marmot_logo_aplisM.gif\" alt=\"\" width=\"15\" height=\"15\" \/>&nbsp;Trapecveid\u012bgs k\u0101jgalis<br \/><\/span><span style=\"font-size: x-small\"><img loading=\"lazy\" decoding=\"async\" src=\"http:\/\/www.virsotne.lv\/userfiles\/image\/ahaa\/marmot_logo_aplisM.gif\" alt=\"\" width=\"15\" height=\"15\" \/>&nbsp;Down Defender tehnolo\u0123ija<br \/><\/span><span style=\"font-size: x-small\"><img loading=\"lazy\" decoding=\"async\" src=\"http:\/\/www.virsotne.lv\/userfiles\/image\/ahaa\/marmot_logo_aplisM.gif\" alt=\"\" width=\"15\" height=\"15\" \/>&nbsp;Test\u0113ts saska\u0146\u0101 ar Eiropas normat\u012bviem<br \/><\/span><span style=\"font-size: x-small\"><img loading=\"lazy\" decoding=\"async\" src=\"http:\/\/www.virsotne.lv\/userfiles\/image\/ahaa\/marmot_logo_aplisM.gif\" alt=\"\" width=\"15\" height=\"15\" \/>&nbsp;R\u0101v\u0113jsl\u0113dz\u0113ja sargi<br \/><\/span><span style=\"font-size: x-small\"><img loading=\"lazy\" decoding=\"async\" src=\"http:\/\/www.virsotne.lv\/userfiles\/image\/ahaa\/marmot_logo_aplisM.gif\" alt=\"\" width=\"15\" height=\"15\" \/>&nbsp;Divas cilpas \u017e\u0101v\u0113&scaron;anai<br \/><\/span><span style=\"font-size: x-small\"><img loading=\"lazy\" decoding=\"async\" src=\"http:\/\/www.virsotne.lv\/userfiles\/image\/ahaa\/marmot_logo_aplisM.gif\" alt=\"\" width=\"15\" height=\"15\" \/>&nbsp;5 kambaru kapuce<br \/><\/span><span style=\"font-size: x-small\"><img loading=\"lazy\" decoding=\"async\" src=\"http:\/\/www.virsotne.lv\/userfiles\/image\/ahaa\/marmot_logo_aplisM.gif\" alt=\"\" width=\"15\" height=\"15\" \/>&nbsp;Uzglab\u0101&scaron;anas maiss komplekt\u0101<br \/><\/span><span style=\"font-size: x-small\"><img loading=\"lazy\" decoding=\"async\" src=\"http:\/\/www.virsotne.lv\/userfiles\/image\/ahaa\/marmot_logo_aplisM.gif\" alt=\"\" width=\"15\" height=\"15\" \/>&nbsp;Maza kabati\u0146a<\/span><\/p>\n","protected":false},"excerpt":{"rendered":"<p>Gu\u013cammaisa&nbsp;Never Summer&nbsp;pagarin\u0101t\u0101 versija. &Scaron;is ziema gu\u013cammais ir sild\u012bts ar augstv\u0113rt\u012bg\u0101m d\u016bn\u0101m, kas ir r\u016bp\u012bgi atlas\u012btas un sertific\u0113tas laboratorij\u0101. Turkl\u0101t jaun\u0101kie&nbsp;Marmot&nbsp;d\u016bnu gu\u013cammaisi ir apstr\u0101d\u0101ti arMarmot Down Defender&trade;&nbsp;tehnolo\u0123iju, kas par 150% vair\u0101k pasarg\u0101 d\u016bnas no samirk&scaron;anas un par 30% \u0101tr\u0101k nodro&scaron;ina to iz&scaron;\u016b&scaron;anu.&nbsp;Marmot Never Summer&nbsp;gu\u013cammaiss ir viens no popul\u0101r\u0101kajiem ziemas gu\u013cammaisiem sav\u0101 segment\u0101, t\u0101 lielisk\u0101 snieguma un [&hellip;]<\/p>\n","protected":false},"featured_media":0,"template":"","meta":[],"product_brand":[908],"product_cat":[4558,4569,4640,4963],"product_tag":[],"class_list":{"0":"post-77846","1":"product","2":"type-product","3":"status-publish","5":"product_brand-marmot","6":"product_cat-for-tourism-recreation","7":"product_cat-sleeping-bags-for-tourism-recreation","8":"product_cat-recreation","9":"product_cat-marmot-sleeping-bags-sleeping-bags-for-tourism-recreation","11":"first","12":"instock","13":"shipping-taxable","14":"purchasable","15":"product-type-simple"},"_links":{"self":[{"href":"https:\/\/sezona.lv\/en\/wp-json\/wp\/v2\/product\/77846","targetHints":{"allow":["GET"]}}],"collection":[{"href":"https:\/\/sezona.lv\/en\/wp-json\/wp\/v2\/product"}],"about":[{"href":"https:\/\/sezona.lv\/en\/wp-json\/wp\/v2\/types\/product"}],"wp:attachment":[{"href":"https:\/\/sezona.lv\/en\/wp-json\/wp\/v2\/media?parent=77846"}],"wp:term":[{"taxonomy":"product_brand","embeddable":true,"href":"https:\/\/sezona.lv\/en\/wp-json\/wp\/v2\/product_brand?post=77846"},{"taxonomy":"product_cat","embeddable":true,"href":"https:\/\/sezona.lv\/en\/wp-json\/wp\/v2\/product_cat?post=77846"},{"taxonomy":"product_tag","embeddable":true,"href":"https:\/\/sezona.lv\/en\/wp-json\/wp\/v2\/product_tag?post=77846"}],"curies":[{"name":"wp","href":"https:\/\/api.w.org\/{rel}","templated":true}]}}