{"id":77847,"date":"2025-07-14T15:13:48","date_gmt":"2025-07-14T12:13:48","guid":{"rendered":"https:\/\/demo8.ecube.lv\/sezona.lv\/products\/marmot-scandium-gulammaiss\/"},"modified":"2025-07-14T15:13:48","modified_gmt":"2025-07-14T12:13:48","slug":"marmot-scandium-gulammaiss","status":"publish","type":"product","link":"https:\/\/sezona.lv\/en\/products\/marmot-scandium-gulammaiss\/","title":{"rendered":"Marmot Scandium Gu\u013cammaiss"},"content":{"rendered":"<p align=\"justify\"><span style=\"font-size: x-small\">Beidzot ir pieejams gu\u013cammaiss kur\u0101 ir apvienotas lab\u0101k\u0101s \u012bpa&scaron;\u012bbas gan no d\u016bn\u0101m, gan sint\u0113tisk\u0101 siltin\u0101juma.&nbsp;<strong>Scandium<\/strong>&nbsp;apak&scaron;\u0113j\u0101 da\u013ca ir pild\u012bta ar&nbsp;<strong>Spirafil&reg;<\/strong>&nbsp;siltin\u0101jumu, kas nodro&scaron;in\u0101s siltumu ar\u012b ja gu\u013cammaiss b\u016bs mitrs, bet aug&scaron;\u0113j\u0101 da\u013ca ir pild\u012bta ar augstv\u0113rt\u012bg\u0101m&nbsp;<strong>650 s\u0113rijas d\u016bn\u0101m<\/strong>. Papildus d\u016bnas ir apstr\u0101d\u0101tas ar&nbsp;<strong>Marmot<\/strong>&nbsp;<strong>DownDefender<\/strong>, t\u0101d\u0101 veid\u0101 pan\u0101kot daudz lab\u0101kas \u016bdens atgr\u016bdu&scaron;\u0101s \u012bpa&scaron;\u012bbas, k\u0101 ar\u012b nodro&scaron;inot \u0101tr\u0101ku iz\u017e\u016b&scaron;anas laiku.&nbsp;<br \/><\/span><\/p>\n<p>&nbsp;<\/p>\n<p align=\"justify\"><span style=\"color: #800000;font-size: x-small\"><strong>Specifik\u0101cija:<\/strong><\/span><\/p>\n<p>&nbsp;<\/p>\n<p align=\"justify\">&nbsp;<\/p>\n<table border=\"1\" cellspacing=\"1\" cellpadding=\"1\" width=\"550\">\n<tbody>\n<tr>\n<td><span style=\"font-size: x-small\">&nbsp;<\/span><\/td>\n<td><span style=\"font-size: x-small\"><strong>REGULAR<\/strong><\/span><\/td>\n<td><span style=\"font-size: x-small\"><strong>LONG<\/strong><\/span><\/td>\n<\/tr>\n<tr>\n<td><span style=\"font-size: x-small\"><strong>Pamatmateri\u0101ls:<\/strong><\/span><\/td>\n<td colspan=\"2\"><span style=\"font-size: x-small\">30d 100% Nylon Ripstop 1.3 oz\/yd, 70D 100% Polyester 2.2 oz\/yd<\/span><\/td>\n<\/tr>\n<tr>\n<td><span style=\"font-size: x-small\"><strong>Oder\u0113jums:<\/strong><\/span><\/td>\n<td colspan=\"2\"><span style=\"font-size: x-small\">30d 100% Nylon 1.3 oz\/yd<\/span><\/td>\n<\/tr>\n<tr>\n<td><span style=\"font-size: x-small\"><strong>Siltin\u0101jums:<\/strong><\/span><\/td>\n<td colspan=\"2\"><span style=\"font-size: x-small\">SpiraFil&trade; apak&scaron;\u0101 un 650 F.P. D\u016bnas aug&scaron;pus\u0113<br \/><\/span><\/td>\n<\/tr>\n<tr>\n<td><span style=\"font-size: x-small\"><strong>Siltin\u0101juma daudzums:<\/strong><\/span><\/td>\n<td><span style=\"font-size: x-small\">375 grami<\/span><\/td>\n<td><span style=\"font-size: x-small\">420 grami<\/span><\/td>\n<\/tr>\n<tr>\n<td><span style=\"font-size: x-small\"><strong>Temperat\u016bras:<\/strong><\/span><\/td>\n<td colspan=\"2\"><span style=\"font-size: x-small\">Komforts&nbsp;<strong>-1,1&deg;C<\/strong>&nbsp;| zemais komforts&nbsp;<strong>-7,2&deg;C<\/strong>&nbsp;| Ekstrem\u0101ls&nbsp;<strong>-25&deg;C<\/strong><\/span><\/td>\n<\/tr>\n<tr>\n<td><span style=\"font-size: x-small\"><strong>Paredz\u0113tais augums:<\/strong><\/span><\/td>\n<td><span style=\"font-size: x-small\">l\u012bdz 183 cm<\/span><\/td>\n<td><span style=\"font-size: x-small\">l\u012bdz 198 cm<\/span><\/td>\n<\/tr>\n<tr>\n<td><span style=\"font-size: x-small\"><strong>Platums plecos:<\/strong><\/span><\/td>\n<td><span style=\"font-size: x-small\">155 cm<\/span><\/td>\n<td><span style=\"font-size: x-small\">160 cm<\/span><\/td>\n<\/tr>\n<tr>\n<td><span style=\"font-size: x-small\"><strong>Platums gurnos:<\/strong><\/span><\/td>\n<td><span style=\"font-size: x-small\">147.3 cm<\/span><\/td>\n<td><span style=\"font-size: x-small\">152.3 cm<\/span><\/td>\n<\/tr>\n<tr>\n<td><span style=\"font-size: x-small\"><strong>Platums p\u0113d\u0101s:<\/strong><\/span><\/td>\n<td><span style=\"font-size: x-small\">114.3 cm<\/span><\/td>\n<td><span style=\"font-size: x-small\">119.3 cm<\/span><\/td>\n<\/tr>\n<tr>\n<td><span style=\"font-size: x-small\"><strong>Iek&scaron;\u0113jais garums:<\/strong><\/span><\/td>\n<td><span style=\"font-size: x-small\">216 cm<\/span><\/td>\n<td><span style=\"font-size: x-small\">231 cm<\/span><\/td>\n<\/tr>\n<tr>\n<td><span style=\"font-size: x-small\"><strong>Svars:<\/strong><\/span><\/td>\n<td><span style=\"font-size: x-small\">1230 grami<\/span><\/td>\n<td><span style=\"font-size: x-small\">1475 grami<\/span><\/td>\n<\/tr>\n<\/tbody>\n<\/table>\n<p>&nbsp;<\/p>\n<p>&nbsp;<\/p>\n<p align=\"justify\"><span style=\"font-size: x-small\"><strong><span style=\"color: #800000\">&nbsp;Raksturojums:<\/span><\/strong><\/span><\/p>\n<p align=\"justify\"><span style=\"font-size: x-small\"><img loading=\"lazy\" decoding=\"async\" src=\"http:\/\/www.virsotne.lv\/userfiles\/image\/ahaa\/marmot_logo_aplisM.gif\" alt=\"\" width=\"15\" height=\"15\" \/>&nbsp;Kombin\u0113ts siltin\u0101t\u0101js<br \/><img loading=\"lazy\" decoding=\"async\" src=\"http:\/\/www.virsotne.lv\/userfiles\/image\/ahaa\/marmot_logo_aplisM.gif\" alt=\"\" width=\"15\" height=\"15\" \/>&nbsp;Down Defender tehnolo\u0123ija<br \/><img loading=\"lazy\" decoding=\"async\" src=\"http:\/\/www.virsotne.lv\/userfiles\/image\/ahaa\/marmot_logo_aplisM.gif\" alt=\"\" width=\"15\" height=\"15\" \/>&nbsp;EN Tests<br \/><img loading=\"lazy\" decoding=\"async\" src=\"http:\/\/www.virsotne.lv\/userfiles\/image\/ahaa\/marmot_logo_aplisM.gif\" alt=\"\" width=\"15\" height=\"15\" \/>&nbsp;Pilna garuma r\u0101v\u0113jsl\u0113dz\u0113js<br \/><img loading=\"lazy\" decoding=\"async\" src=\"http:\/\/www.virsotne.lv\/userfiles\/image\/ahaa\/marmot_logo_aplisM.gif\" alt=\"\" width=\"15\" height=\"15\" \/>&nbsp;Uzglab\u0101&scaron;anas maiss komplekt\u0101<br \/><img loading=\"lazy\" decoding=\"async\" src=\"http:\/\/www.virsotne.lv\/userfiles\/image\/ahaa\/marmot_logo_aplisM.gif\" alt=\"\" width=\"15\" height=\"15\" \/>&nbsp;3D kapuces konstrukcija<br \/><img loading=\"lazy\" decoding=\"async\" src=\"http:\/\/www.virsotne.lv\/userfiles\/image\/ahaa\/marmot_logo_aplisM.gif\" alt=\"\" width=\"15\" height=\"15\" \/>&nbsp;Pild\u012bts r\u0101v\u0113jsl\u0113dz\u0113ja sargs<br \/><img loading=\"lazy\" decoding=\"async\" src=\"http:\/\/www.virsotne.lv\/userfiles\/image\/ahaa\/marmot_logo_aplisM.gif\" alt=\"\" width=\"15\" height=\"15\" \/>&nbsp;Sasl\u0113dzams ar pret\u0113ja r\u0101v\u0113jsl\u0113dz\u0113ja gu\u013cammaisu (labais, kreisais)<\/span><\/p>\n","protected":false},"excerpt":{"rendered":"<p>Beidzot ir pieejams gu\u013cammaiss kur\u0101 ir apvienotas lab\u0101k\u0101s \u012bpa&scaron;\u012bbas gan no d\u016bn\u0101m, gan sint\u0113tisk\u0101 siltin\u0101juma.&nbsp;Scandium&nbsp;apak&scaron;\u0113j\u0101 da\u013ca ir pild\u012bta ar&nbsp;Spirafil&reg;&nbsp;siltin\u0101jumu, kas nodro&scaron;in\u0101s siltumu ar\u012b ja gu\u013cammaiss b\u016bs mitrs, bet aug&scaron;\u0113j\u0101 da\u013ca ir pild\u012bta ar augstv\u0113rt\u012bg\u0101m&nbsp;650 s\u0113rijas d\u016bn\u0101m. Papildus d\u016bnas ir apstr\u0101d\u0101tas ar&nbsp;Marmot&nbsp;DownDefender, t\u0101d\u0101 veid\u0101 pan\u0101kot daudz lab\u0101kas \u016bdens atgr\u016bdu&scaron;\u0101s \u012bpa&scaron;\u012bbas, k\u0101 ar\u012b nodro&scaron;inot \u0101tr\u0101ku iz\u017e\u016b&scaron;anas laiku.&nbsp; [&hellip;]<\/p>\n","protected":false},"featured_media":0,"template":"","meta":[],"product_brand":[908],"product_cat":[4558,4569,4640,4963],"product_tag":[],"class_list":{"0":"post-77847","1":"product","2":"type-product","3":"status-publish","5":"product_brand-marmot","6":"product_cat-for-tourism-recreation","7":"product_cat-sleeping-bags-for-tourism-recreation","8":"product_cat-recreation","9":"product_cat-marmot-sleeping-bags-sleeping-bags-for-tourism-recreation","11":"first","12":"instock","13":"shipping-taxable","14":"purchasable","15":"product-type-simple"},"_links":{"self":[{"href":"https:\/\/sezona.lv\/en\/wp-json\/wp\/v2\/product\/77847","targetHints":{"allow":["GET"]}}],"collection":[{"href":"https:\/\/sezona.lv\/en\/wp-json\/wp\/v2\/product"}],"about":[{"href":"https:\/\/sezona.lv\/en\/wp-json\/wp\/v2\/types\/product"}],"wp:attachment":[{"href":"https:\/\/sezona.lv\/en\/wp-json\/wp\/v2\/media?parent=77847"}],"wp:term":[{"taxonomy":"product_brand","embeddable":true,"href":"https:\/\/sezona.lv\/en\/wp-json\/wp\/v2\/product_brand?post=77847"},{"taxonomy":"product_cat","embeddable":true,"href":"https:\/\/sezona.lv\/en\/wp-json\/wp\/v2\/product_cat?post=77847"},{"taxonomy":"product_tag","embeddable":true,"href":"https:\/\/sezona.lv\/en\/wp-json\/wp\/v2\/product_tag?post=77847"}],"curies":[{"name":"wp","href":"https:\/\/api.w.org\/{rel}","templated":true}]}}