{"id":77848,"date":"2025-07-14T15:13:49","date_gmt":"2025-07-14T12:13:49","guid":{"rendered":"https:\/\/demo8.ecube.lv\/sezona.lv\/products\/roben-tents-tarp-3x3\/"},"modified":"2025-07-14T15:13:49","modified_gmt":"2025-07-14T12:13:49","slug":"roben-tents-tarp-3x3","status":"publish","type":"product","link":"https:\/\/sezona.lv\/en\/products\/roben-tents-tarp-3x3\/","title":{"rendered":"Roben tents Tarp 3&#215;3"},"content":{"rendered":"<p align=\"justify\"><span style=\"font-size: x-small\">Kompakts tents nojume. Lieliski noder\u0113s k\u0101 patv\u0113rums lietus laik\u0101, k\u0101 ar\u012b var tikt izmantots k\u0101 papildus nojume telts priek&scaron;namam.<\/span><\/p>\n<p><span style=\"color: #800000;font-size: x-small\"><strong>Specifik\u0101cija:<\/strong><\/span><\/p>\n<p><span style=\"font-size: x-small\"><strong>Materi\u0101ls:&nbsp;<\/strong>HydroTex HD, 75D polyester 185T, 100% polyester. Fire retardant<br \/><strong>Izm\u0113rs:&nbsp;<\/strong>300 x 300 cm<br \/><strong>Iepakojums:<\/strong>&nbsp;35cm x 11cm<br \/><strong>Svars:<\/strong>&nbsp;1100grami<br \/><strong>\u016adens iztur\u012bba:<\/strong>&nbsp;5000 mm<\/span><\/p>\n<p><span style=\"color: #800000;font-size: x-small\"><strong>Raksturojums:<\/strong><\/span><\/p>\n<p><span style=\"font-size: x-small\">\u016adensiztur\u012bgs, visas &scaron;uves ir p\u0101rl\u012bm\u0113tas<br \/>Augstas kvalit\u0101tes atsaites punkti<br \/>Pastiprin\u0101ti fiks\u0101cijas punkti<br \/>Cilpas trekinga n\u016bj\u0101m<\/span><\/p>\n","protected":false},"excerpt":{"rendered":"<p>Kompakts tents nojume. Lieliski noder\u0113s k\u0101 patv\u0113rums lietus laik\u0101, k\u0101 ar\u012b var tikt izmantots k\u0101 papildus nojume telts priek&scaron;namam. Specifik\u0101cija: Materi\u0101ls:&nbsp;HydroTex HD, 75D polyester 185T, 100% polyester. Fire retardantIzm\u0113rs:&nbsp;300 x 300 cmIepakojums:&nbsp;35cm x 11cmSvars:&nbsp;1100grami\u016adens iztur\u012bba:&nbsp;5000 mm Raksturojums: \u016adensiztur\u012bgs, visas &scaron;uves ir p\u0101rl\u012bm\u0113tasAugstas kvalit\u0101tes atsaites punktiPastiprin\u0101ti fiks\u0101cijas punktiCilpas trekinga n\u016bj\u0101m<\/p>\n","protected":false},"featured_media":0,"template":"","meta":[],"product_brand":[],"product_cat":[4558,4568,4640],"product_tag":[],"class_list":{"0":"post-77848","1":"product","2":"type-product","3":"status-publish","5":"product_cat-for-tourism-recreation","6":"product_cat-tents-for-tourism-recreation","7":"product_cat-recreation","9":"first","10":"instock","11":"shipping-taxable","12":"purchasable","13":"product-type-simple"},"_links":{"self":[{"href":"https:\/\/sezona.lv\/en\/wp-json\/wp\/v2\/product\/77848","targetHints":{"allow":["GET"]}}],"collection":[{"href":"https:\/\/sezona.lv\/en\/wp-json\/wp\/v2\/product"}],"about":[{"href":"https:\/\/sezona.lv\/en\/wp-json\/wp\/v2\/types\/product"}],"wp:attachment":[{"href":"https:\/\/sezona.lv\/en\/wp-json\/wp\/v2\/media?parent=77848"}],"wp:term":[{"taxonomy":"product_brand","embeddable":true,"href":"https:\/\/sezona.lv\/en\/wp-json\/wp\/v2\/product_brand?post=77848"},{"taxonomy":"product_cat","embeddable":true,"href":"https:\/\/sezona.lv\/en\/wp-json\/wp\/v2\/product_cat?post=77848"},{"taxonomy":"product_tag","embeddable":true,"href":"https:\/\/sezona.lv\/en\/wp-json\/wp\/v2\/product_tag?post=77848"}],"curies":[{"name":"wp","href":"https:\/\/api.w.org\/{rel}","templated":true}]}}