{"id":77849,"date":"2025-07-14T15:13:50","date_gmt":"2025-07-14T12:13:50","guid":{"rendered":"https:\/\/demo8.ecube.lv\/sezona.lv\/products\/summit-mat-spilvens-u-pillow\/"},"modified":"2025-07-14T15:13:50","modified_gmt":"2025-07-14T12:13:50","slug":"summit-mat-spilvens-u-pillow","status":"publish","type":"product","link":"https:\/\/sezona.lv\/en\/products\/summit-mat-spilvens-u-pillow\/","title":{"rendered":"Summit Mat spilvens U-Pillow"},"content":{"rendered":"<div class=\"rte\">\n<p>Komfortabls, ergonomiskas formas, piep\u016b&scaron;amais  spilvens. Viegli un \u0101tri piep\u016b&scaron;ams. \u013boti viegli sapakojams. \u0112rti  lietojams gul\u0113&scaron;anai s\u0113dus garu p\u0101rbraucienu laik\u0101. Komfortabls, maigs  virs\u0113jais materi\u0101ls, iztur\u012bgs pret meh\u0101niskiem boj\u0101jumiem.<\/p>\n<h4>Specifik\u0101cija:<\/h4>\n<p><strong>Virs\u0113jais materi\u0101ls<\/strong>: 50D Strech (komfortabls, nodilumiztur\u012bgs) <br \/><strong>Izm\u0113ri<\/strong>: 35 x 25 x 9 cm <br \/><strong>Sapakot\u0101 veid\u0101<\/strong>: 10 x 1 cm <br \/><strong>Svars<\/strong>: 50 grami<\/p>\n<\/div>\n","protected":false},"excerpt":{"rendered":"<p>Komfortabls, ergonomiskas formas, piep\u016b&scaron;amais spilvens. Viegli un \u0101tri piep\u016b&scaron;ams. \u013boti viegli sapakojams. \u0112rti lietojams gul\u0113&scaron;anai s\u0113dus garu p\u0101rbraucienu laik\u0101. Komfortabls, maigs virs\u0113jais materi\u0101ls, iztur\u012bgs pret meh\u0101niskiem boj\u0101jumiem. Specifik\u0101cija: Virs\u0113jais materi\u0101ls: 50D Strech (komfortabls, nodilumiztur\u012bgs) Izm\u0113ri: 35 x 25 x 9 cm Sapakot\u0101 veid\u0101: 10 x 1 cm Svars: 50 grami<\/p>\n","protected":false},"featured_media":0,"template":"","meta":[],"product_brand":[],"product_cat":[4558,4569,4640,4979],"product_tag":[],"class_list":{"0":"post-77849","1":"product","2":"type-product","3":"status-publish","5":"product_cat-for-tourism-recreation","6":"product_cat-sleeping-bags-for-tourism-recreation","7":"product_cat-recreation","8":"product_cat-pillows-sleeping-bags-for-tourism-recreation","10":"first","11":"instock","12":"shipping-taxable","13":"purchasable","14":"product-type-simple"},"_links":{"self":[{"href":"https:\/\/sezona.lv\/en\/wp-json\/wp\/v2\/product\/77849","targetHints":{"allow":["GET"]}}],"collection":[{"href":"https:\/\/sezona.lv\/en\/wp-json\/wp\/v2\/product"}],"about":[{"href":"https:\/\/sezona.lv\/en\/wp-json\/wp\/v2\/types\/product"}],"wp:attachment":[{"href":"https:\/\/sezona.lv\/en\/wp-json\/wp\/v2\/media?parent=77849"}],"wp:term":[{"taxonomy":"product_brand","embeddable":true,"href":"https:\/\/sezona.lv\/en\/wp-json\/wp\/v2\/product_brand?post=77849"},{"taxonomy":"product_cat","embeddable":true,"href":"https:\/\/sezona.lv\/en\/wp-json\/wp\/v2\/product_cat?post=77849"},{"taxonomy":"product_tag","embeddable":true,"href":"https:\/\/sezona.lv\/en\/wp-json\/wp\/v2\/product_tag?post=77849"}],"curies":[{"name":"wp","href":"https:\/\/api.w.org\/{rel}","templated":true}]}}