{"id":77850,"date":"2025-07-14T15:13:51","date_gmt":"2025-07-14T12:13:51","guid":{"rendered":"https:\/\/demo8.ecube.lv\/sezona.lv\/products\/vaude-telts-power-lizard-1-2-p\/"},"modified":"2025-07-14T15:13:51","modified_gmt":"2025-07-14T12:13:51","slug":"vaude-telts-power-lizard-1-2-p","status":"publish","type":"product","link":"https:\/\/sezona.lv\/en\/products\/vaude-telts-power-lizard-1-2-p\/","title":{"rendered":"Vaude telts POWER LIZARD 1 &#8211; 2 P"},"content":{"rendered":"<p><span>\u012apa&scaron;i viegla dubultsienu telts div\u0101m person\u0101m ar piln\u012bb\u0101 \u016bdensdro&scaron;\u0101m &scaron;uv\u0113m. Tai ir \u013coti laba ventil\u0101cija un \u0113rta vieta mant\u0101m. Telti ir viegli uzsliet un t\u0101 ir maza salikt\u0101 veid\u0101. Lieliska izv\u0113le gariem p\u0101rg\u0101jieniem, kas sniegs patv\u0113rumu ar\u012b stipr\u0101k\u0101 v\u0113tr\u0101.<\/span><\/p>\n<table id=\"item-table\" class=\"dynamic-table specific\" border=\"0\">\n<thead>\n<tr>\n<th colspan=\"2\">SPECIFIK\u0100CIJA<\/th>\n<\/tr>\n<\/thead>\n<tbody>\n<tr>\n<td>\u0100r\u0113jais materi\u0101ls<\/td>\n<td>100% Polyamide 20 D Ripstop both sides Silicone coated 3.000 mm<\/td>\n<\/tr>\n<tr>\n<td>Durvis<\/td>\n<td>1<\/td>\n<\/tr>\n<tr>\n<td>Gr\u012bdas materi\u0101ls<\/td>\n<td>100% Polyamide 40 D Ripstop Thermoplastic Polyurethane laminated 10.000 mm<\/td>\n<\/tr>\n<tr>\n<td>Iek&scaron;\u0113jais materi\u0101ls<\/td>\n<td>100% Polyamide 15 D Micro Ripstop<\/td>\n<\/tr>\n<tr>\n<td>Iepakojums<\/td>\n<td>35 x 14 cm<\/td>\n<\/tr>\n<tr>\n<td>Izm\u0113rs<\/td>\n<td>225 x 110\/90 x 95\/105 cm (gu\u013camzona)<\/td>\n<\/tr>\n<tr>\n<td>Mitrumiztur\u012bba<\/td>\n<td>3000 mm; 10000 mm gr\u012bdai<\/td>\n<\/tr>\n<tr>\n<td>P\u0113c svara<\/td>\n<td>1-2 kg<\/td>\n<\/tr>\n<tr>\n<td>P\u0113c tipa<\/td>\n<td>P\u0101rg\u0101jienu teltis<\/td>\n<\/tr>\n<tr>\n<td>P\u0113c vietu skaita<\/td>\n<td>1-2 person\u0101m<\/td>\n<\/tr>\n<tr>\n<td>Telts loki<\/td>\n<td>NFL featherlight 8,7 mm<\/td>\n<\/tr>\n<tr>\n<td>Tips<\/td>\n<td>Kalnu un p\u0101rg\u0101jienu<\/td>\n<\/tr>\n<tr>\n<td>Vietu skaits<\/td>\n<td>1 &#8211; 2<\/td>\n<\/tr>\n<tr>\n<td>Svars<\/td>\n<td>1.16 kg<\/td>\n<\/tr>\n<tr>\n<td>Katalogu numuri<\/td>\n<td>12306<\/td>\n<\/tr>\n<\/tbody>\n<\/table>\n","protected":false},"excerpt":{"rendered":"<p>\u012apa&scaron;i viegla dubultsienu telts div\u0101m person\u0101m ar piln\u012bb\u0101 \u016bdensdro&scaron;\u0101m &scaron;uv\u0113m. Tai ir \u013coti laba ventil\u0101cija un \u0113rta vieta mant\u0101m. Telti ir viegli uzsliet un t\u0101 ir maza salikt\u0101 veid\u0101. Lieliska izv\u0113le gariem p\u0101rg\u0101jieniem, kas sniegs patv\u0113rumu ar\u012b stipr\u0101k\u0101 v\u0113tr\u0101. SPECIFIK\u0100CIJA \u0100r\u0113jais materi\u0101ls 100% Polyamide 20 D Ripstop both sides Silicone coated 3.000 mm Durvis 1 [&hellip;]<\/p>\n","protected":false},"featured_media":0,"template":"","meta":[],"product_brand":[3383],"product_cat":[4558,4568,4640,4977],"product_tag":[],"class_list":{"0":"post-77850","1":"product","2":"type-product","3":"status-publish","5":"product_brand-vaude","6":"product_cat-for-tourism-recreation","7":"product_cat-tents-for-tourism-recreation","8":"product_cat-recreation","9":"product_cat-vaude-tents-tents-for-tourism-recreation","11":"first","12":"instock","13":"shipping-taxable","14":"purchasable","15":"product-type-simple"},"_links":{"self":[{"href":"https:\/\/sezona.lv\/en\/wp-json\/wp\/v2\/product\/77850","targetHints":{"allow":["GET"]}}],"collection":[{"href":"https:\/\/sezona.lv\/en\/wp-json\/wp\/v2\/product"}],"about":[{"href":"https:\/\/sezona.lv\/en\/wp-json\/wp\/v2\/types\/product"}],"wp:attachment":[{"href":"https:\/\/sezona.lv\/en\/wp-json\/wp\/v2\/media?parent=77850"}],"wp:term":[{"taxonomy":"product_brand","embeddable":true,"href":"https:\/\/sezona.lv\/en\/wp-json\/wp\/v2\/product_brand?post=77850"},{"taxonomy":"product_cat","embeddable":true,"href":"https:\/\/sezona.lv\/en\/wp-json\/wp\/v2\/product_cat?post=77850"},{"taxonomy":"product_tag","embeddable":true,"href":"https:\/\/sezona.lv\/en\/wp-json\/wp\/v2\/product_tag?post=77850"}],"curies":[{"name":"wp","href":"https:\/\/api.w.org\/{rel}","templated":true}]}}