{"id":77851,"date":"2025-07-14T15:13:52","date_gmt":"2025-07-14T12:13:52","guid":{"rendered":"https:\/\/demo8.ecube.lv\/sezona.lv\/products\/vaude-telts-hogan-ultralight-2p\/"},"modified":"2025-07-14T15:13:52","modified_gmt":"2025-07-14T12:13:52","slug":"vaude-telts-hogan-ultralight-2p","status":"publish","type":"product","link":"https:\/\/sezona.lv\/en\/products\/vaude-telts-hogan-ultralight-2p\/","title":{"rendered":"Vaude telts HOGAN ULTRALIGHT 2P"},"content":{"rendered":"<p><span>\u013boti viegla kalnu un p\u0101rg\u0101jienu telts div\u0101m person\u0101m. Lieliska notur\u012bba pret \u016bdeni un stabilit\u0101te v\u0113j\u0101, \u0113rta un \u0101tra uzslie&scaron;ana. Regul\u0113jam\u0101 ventil\u0101cijas sist\u0113ma sniedz izcilu mikroklimatu. Telts atbilst Vaude Green Shape un bluesign&reg; standartam- t\u0101 izgatavota dabai un cilv\u0113kam draudz\u012bg\u0101 veid\u0101.<\/span><\/p>\n<table id=\"item-table\" class=\"dynamic-table specific\" border=\"0\">\n<thead>\n<tr>\n<th colspan=\"2\">SPECIFIK\u0100CIJA<\/th>\n<\/tr>\n<\/thead>\n<tbody>\n<tr>\n<td>\u0100r\u0113jais materi\u0101ls<\/td>\n<td>100 % poliam\u012bds 40 D Ripstop ar abpus\u0113ju silikona p\u0101rkl\u0101jumu; 3000 mm<\/td>\n<\/tr>\n<tr>\n<td>Gr\u012bdas materi\u0101ls<\/td>\n<td>100% poliam\u012bds 40 D Ripstop termoplastisk\u0101 poliuret\u0101na p\u0101rkl\u0101jums; 10.000 mm<\/td>\n<\/tr>\n<tr>\n<td>Iek&scaron;\u0113jais materi\u0101ls<\/td>\n<td>100% poliesteris 30 D Ripstop<\/td>\n<\/tr>\n<tr>\n<td>Iepakojums<\/td>\n<td>56 x 15 cm<\/td>\n<\/tr>\n<tr>\n<td>Izm\u0113rs<\/td>\n<td>220 x 105 cm (gu\u013camzona)<\/td>\n<\/tr>\n<tr>\n<td>Mitrumiztur\u012bba<\/td>\n<td>3000 mm; 10000 mm &#8211; gr\u012bdai<\/td>\n<\/tr>\n<tr>\n<td>P\u0113c svara<\/td>\n<td>1-2 kg<\/td>\n<\/tr>\n<tr>\n<td>P\u0113c tipa<\/td>\n<td>Kalnu un alp\u012bnisma teltis; P\u0101rg\u0101jienu teltis<\/td>\n<\/tr>\n<tr>\n<td>P\u0113c vietu skaita<\/td>\n<td>1-2 person\u0101m<\/td>\n<\/tr>\n<tr>\n<td>Telts loki<\/td>\n<td>NSL 9,6 mm<\/td>\n<\/tr>\n<tr>\n<td>Tips<\/td>\n<td>Kalnu un p\u0101rg\u0101jienu<\/td>\n<\/tr>\n<tr>\n<td>Vietu skaits<\/td>\n<td>2<\/td>\n<\/tr>\n<tr>\n<td>Svars<\/td>\n<td>1.86 kg<\/td>\n<\/tr>\n<tr>\n<td>Katalogu numuri<\/td>\n<td>12308<\/td>\n<\/tr>\n<\/tbody>\n<\/table>\n","protected":false},"excerpt":{"rendered":"<p>\u013boti viegla kalnu un p\u0101rg\u0101jienu telts div\u0101m person\u0101m. Lieliska notur\u012bba pret \u016bdeni un stabilit\u0101te v\u0113j\u0101, \u0113rta un \u0101tra uzslie&scaron;ana. Regul\u0113jam\u0101 ventil\u0101cijas sist\u0113ma sniedz izcilu mikroklimatu. Telts atbilst Vaude Green Shape un bluesign&reg; standartam- t\u0101 izgatavota dabai un cilv\u0113kam draudz\u012bg\u0101 veid\u0101. SPECIFIK\u0100CIJA \u0100r\u0113jais materi\u0101ls 100 % poliam\u012bds 40 D Ripstop ar abpus\u0113ju silikona p\u0101rkl\u0101jumu; 3000 mm [&hellip;]<\/p>\n","protected":false},"featured_media":0,"template":"","meta":[],"product_brand":[3383],"product_cat":[4558,4568,4640,4977],"product_tag":[],"class_list":{"0":"post-77851","1":"product","2":"type-product","3":"status-publish","5":"product_brand-vaude","6":"product_cat-for-tourism-recreation","7":"product_cat-tents-for-tourism-recreation","8":"product_cat-recreation","9":"product_cat-vaude-tents-tents-for-tourism-recreation","11":"first","12":"instock","13":"shipping-taxable","14":"purchasable","15":"product-type-simple"},"_links":{"self":[{"href":"https:\/\/sezona.lv\/en\/wp-json\/wp\/v2\/product\/77851","targetHints":{"allow":["GET"]}}],"collection":[{"href":"https:\/\/sezona.lv\/en\/wp-json\/wp\/v2\/product"}],"about":[{"href":"https:\/\/sezona.lv\/en\/wp-json\/wp\/v2\/types\/product"}],"wp:attachment":[{"href":"https:\/\/sezona.lv\/en\/wp-json\/wp\/v2\/media?parent=77851"}],"wp:term":[{"taxonomy":"product_brand","embeddable":true,"href":"https:\/\/sezona.lv\/en\/wp-json\/wp\/v2\/product_brand?post=77851"},{"taxonomy":"product_cat","embeddable":true,"href":"https:\/\/sezona.lv\/en\/wp-json\/wp\/v2\/product_cat?post=77851"},{"taxonomy":"product_tag","embeddable":true,"href":"https:\/\/sezona.lv\/en\/wp-json\/wp\/v2\/product_tag?post=77851"}],"curies":[{"name":"wp","href":"https:\/\/api.w.org\/{rel}","templated":true}]}}