{"id":77852,"date":"2025-07-14T15:13:53","date_gmt":"2025-07-14T12:13:53","guid":{"rendered":"https:\/\/demo8.ecube.lv\/sezona.lv\/products\/vaude-telts-arco-2p\/"},"modified":"2025-07-14T15:13:53","modified_gmt":"2025-07-14T12:13:53","slug":"vaude-telts-arco-2p","status":"publish","type":"product","link":"https:\/\/sezona.lv\/en\/products\/vaude-telts-arco-2p\/","title":{"rendered":"Vaude telts ARCO 2P"},"content":{"rendered":"<p><span>Lieliskas m\u0101j\u0101s it visur, kurp dodies! Pla&scaron;a tr\u012bssezonu tune\u013cveida telts div\u0101m person\u0101m. T\u0101 lieliski piem\u0113rota p\u0101rg\u0101jieniem, trekingam, k\u0101 ar\u012b cit\u0101m br\u012bvdabas aktivit\u0101t\u0113m. Liel\u0101 iek&scaron;\u0113j\u0101 telpa nodro&scaron;ina komfortablu un pla&scaron;u vietu gul\u0113&scaron;anai, un ietilp\u012bg\u0101 priek&scaron;telpa \u013cauj taj\u0101 \u0113rti novietot mugursomas un ekip\u0113jumu. Ventil\u0101cijas atveres telts aug&scaron;da\u013ca nodro&scaron;ina efekt\u012bvu gaisa cirkul\u0101ciju. Telts ir \u013coti viegli uzslienama un savietojama.<\/span><\/p>\n<table id=\"item-table\" class=\"dynamic-table specific\" border=\"0\">\n<thead>\n<tr>\n<th colspan=\"2\">SPECIFIK\u0100CIJA<\/th>\n<\/tr>\n<\/thead>\n<tbody>\n<tr>\n<td>\u0100r\u0113jais materi\u0101ls<\/td>\n<td>100% Poliesteris, 70D 185T Poliuret\u0101ns 3000 mm<\/td>\n<\/tr>\n<tr>\n<td>Durvis<\/td>\n<td>Viena ieeja<\/td>\n<\/tr>\n<tr>\n<td>Gr\u012bdas materi\u0101ls<\/td>\n<td>100% Poliam\u012bds, 70D 190T Poliuret\u0101ns 5000 mm<\/td>\n<\/tr>\n<tr>\n<td>Iek&scaron;\u0113jais materi\u0101ls<\/td>\n<td>100% Poliam\u012bds, 70D 185T<\/td>\n<\/tr>\n<tr>\n<td>Iepakojums<\/td>\n<td>50 x 20 cm<\/td>\n<\/tr>\n<tr>\n<td>Izm\u0113rs<\/td>\n<td>Garums: 230 cm; Priek&scaron;telpas garums: 130 cm; Platums: 130 (110\/80) cm; Augstums: 110 (90) cm<\/td>\n<\/tr>\n<tr>\n<td>Mitrumiztur\u012bba<\/td>\n<td>3000 mm; Gr\u012bda: 5000 mm<\/td>\n<\/tr>\n<tr>\n<td>P\u0113c svara<\/td>\n<td>2-3 kg<\/td>\n<\/tr>\n<tr>\n<td>P\u0113c tipa<\/td>\n<td>P\u0101rg\u0101jienu teltis<\/td>\n<\/tr>\n<tr>\n<td>P\u0113c vietu skaita<\/td>\n<td>1-2 person\u0101m<\/td>\n<\/tr>\n<tr>\n<td>Telts loki<\/td>\n<td>Al 6061 T9 10.3 mm \/ 40 cm<\/td>\n<\/tr>\n<tr>\n<td>Tips<\/td>\n<td>P\u0101rg\u0101jienu<\/td>\n<\/tr>\n<tr>\n<td>Vietu skaits<\/td>\n<td>2<\/td>\n<\/tr>\n<tr>\n<td>Svars<\/td>\n<td>2.9 kg<\/td>\n<\/tr>\n<tr>\n<td>Katalogu numuri<\/td>\n<td>11496<\/td>\n<\/tr>\n<\/tbody>\n<\/table>\n","protected":false},"excerpt":{"rendered":"<p>Lieliskas m\u0101j\u0101s it visur, kurp dodies! Pla&scaron;a tr\u012bssezonu tune\u013cveida telts div\u0101m person\u0101m. T\u0101 lieliski piem\u0113rota p\u0101rg\u0101jieniem, trekingam, k\u0101 ar\u012b cit\u0101m br\u012bvdabas aktivit\u0101t\u0113m. Liel\u0101 iek&scaron;\u0113j\u0101 telpa nodro&scaron;ina komfortablu un pla&scaron;u vietu gul\u0113&scaron;anai, un ietilp\u012bg\u0101 priek&scaron;telpa \u013cauj taj\u0101 \u0113rti novietot mugursomas un ekip\u0113jumu. Ventil\u0101cijas atveres telts aug&scaron;da\u013ca nodro&scaron;ina efekt\u012bvu gaisa cirkul\u0101ciju. Telts ir \u013coti viegli uzslienama un [&hellip;]<\/p>\n","protected":false},"featured_media":0,"template":"","meta":[],"product_brand":[3383],"product_cat":[4558,4568,4640,4977],"product_tag":[],"class_list":{"0":"post-77852","1":"product","2":"type-product","3":"status-publish","5":"product_brand-vaude","6":"product_cat-for-tourism-recreation","7":"product_cat-tents-for-tourism-recreation","8":"product_cat-recreation","9":"product_cat-vaude-tents-tents-for-tourism-recreation","11":"first","12":"instock","13":"shipping-taxable","14":"purchasable","15":"product-type-simple"},"_links":{"self":[{"href":"https:\/\/sezona.lv\/en\/wp-json\/wp\/v2\/product\/77852","targetHints":{"allow":["GET"]}}],"collection":[{"href":"https:\/\/sezona.lv\/en\/wp-json\/wp\/v2\/product"}],"about":[{"href":"https:\/\/sezona.lv\/en\/wp-json\/wp\/v2\/types\/product"}],"wp:attachment":[{"href":"https:\/\/sezona.lv\/en\/wp-json\/wp\/v2\/media?parent=77852"}],"wp:term":[{"taxonomy":"product_brand","embeddable":true,"href":"https:\/\/sezona.lv\/en\/wp-json\/wp\/v2\/product_brand?post=77852"},{"taxonomy":"product_cat","embeddable":true,"href":"https:\/\/sezona.lv\/en\/wp-json\/wp\/v2\/product_cat?post=77852"},{"taxonomy":"product_tag","embeddable":true,"href":"https:\/\/sezona.lv\/en\/wp-json\/wp\/v2\/product_tag?post=77852"}],"curies":[{"name":"wp","href":"https:\/\/api.w.org\/{rel}","templated":true}]}}