{"id":77853,"date":"2025-07-14T15:13:53","date_gmt":"2025-07-14T12:13:53","guid":{"rendered":"https:\/\/demo8.ecube.lv\/sezona.lv\/products\/paspiepusamais-matracis-pinguin-skyline-xl\/"},"modified":"2025-07-14T15:13:53","modified_gmt":"2025-07-14T12:13:53","slug":"paspiepusamais-matracis-pinguin-skyline-xl","status":"publish","type":"product","link":"https:\/\/sezona.lv\/en\/products\/paspiepusamais-matracis-pinguin-skyline-xl\/","title":{"rendered":"Pa\u0161piep\u016b\u0161amais matracis Pinguin SKYLINE XL"},"content":{"rendered":"<div class=\"content-block overflow\">\n<div class=\"block-right full\">\n<div class=\"text\">Komfortabls un funkcion\u0101ls jaun\u0101k\u0101s paaudzes piep\u016b&scaron;amais matracis, kas b\u016bs lieliski piem\u0113rots visda\u017e\u0101d\u0101kaj\u0101m aktivit\u0101t\u0113m br\u012bv\u0101 dab\u0101 &#8211; p\u0101rg\u0101jieniem, trekingam, laivu braucieniem u.c. Matracis veidots \u012bpa&scaron;\u0101, uzlabot\u0101 konstrukcij\u0101 ar form\u0113tiem iek&scaron;\u0113jiem sadal\u012bt\u0101jiem un termoizol\u0113jo&scaron;a BHB Micro materi\u0101la kan\u0101liem iek&scaron;pus\u0113 nodro&scaron;ina iev\u0113rojami liel\u0101ku siltumizol\u0101ciju. Tam ir integr\u0113ts pumpis, kas atvieglos matra\u010da uzpump\u0113&scaron;anu.<\/div>\n<\/div>\n<\/div>\n<div class=\"content-block\">\n<table id=\"item-table\" class=\"dynamic-table specific\" border=\"0\">\n<thead>\n<tr>\n<th colspan=\"2\">SPECIFIK\u0100CIJA<\/th>\n<\/tr>\n<\/thead>\n<tbody>\n<tr>\n<td>Izm\u0113rs<\/td>\n<td>195 x 65 x 9 cm; Iepakot\u0101 veid\u0101: 13 x 23 cm<\/td>\n<\/tr>\n<tr>\n<td>Materi\u0101ls<\/td>\n<td>Virs\u0113jais materi\u0101ls: Poliesteris Diamond Ripstop, TPU lamin\u0113jums; Apak&scaron;\u0113jais materi\u0101ls: Poliesteris Diamond Ripstop, TPU lamin\u0113jums<\/td>\n<\/tr>\n<tr>\n<td>P\u0113c produkta<\/td>\n<td>Pa&scaron;piep\u016b&scaron;amie<\/td>\n<\/tr>\n<tr>\n<td>Svars<\/td>\n<td>0.85 kg<\/td>\n<\/tr>\n<tr>\n<td>Katalogu numuri<\/td>\n<td>709759<\/td>\n<\/tr>\n<\/tbody>\n<\/table>\n<\/div>\n","protected":false},"excerpt":{"rendered":"<p>Komfortabls un funkcion\u0101ls jaun\u0101k\u0101s paaudzes piep\u016b&scaron;amais matracis, kas b\u016bs lieliski piem\u0113rots visda\u017e\u0101d\u0101kaj\u0101m aktivit\u0101t\u0113m br\u012bv\u0101 dab\u0101 &#8211; p\u0101rg\u0101jieniem, trekingam, laivu braucieniem u.c. Matracis veidots \u012bpa&scaron;\u0101, uzlabot\u0101 konstrukcij\u0101 ar form\u0113tiem iek&scaron;\u0113jiem sadal\u012bt\u0101jiem un termoizol\u0113jo&scaron;a BHB Micro materi\u0101la kan\u0101liem iek&scaron;pus\u0113 nodro&scaron;ina iev\u0113rojami liel\u0101ku siltumizol\u0101ciju. Tam ir integr\u0113ts pumpis, kas atvieglos matra\u010da uzpump\u0113&scaron;anu. SPECIFIK\u0100CIJA Izm\u0113rs 195 x 65 x [&hellip;]<\/p>\n","protected":false},"featured_media":0,"template":"","meta":[],"product_brand":[],"product_cat":[4558,4640,4663,4772],"product_tag":[],"class_list":{"0":"post-77853","1":"product","2":"type-product","3":"status-publish","5":"product_cat-for-tourism-recreation","6":"product_cat-recreation","7":"product_cat-mattresses-and-travel-mats-for-tourism-recreation","8":"product_cat-self-inflating-mattresses-mattresses-and-travel-mats-for-tourism-recreation","10":"first","11":"instock","12":"shipping-taxable","13":"purchasable","14":"product-type-simple"},"_links":{"self":[{"href":"https:\/\/sezona.lv\/en\/wp-json\/wp\/v2\/product\/77853","targetHints":{"allow":["GET"]}}],"collection":[{"href":"https:\/\/sezona.lv\/en\/wp-json\/wp\/v2\/product"}],"about":[{"href":"https:\/\/sezona.lv\/en\/wp-json\/wp\/v2\/types\/product"}],"wp:attachment":[{"href":"https:\/\/sezona.lv\/en\/wp-json\/wp\/v2\/media?parent=77853"}],"wp:term":[{"taxonomy":"product_brand","embeddable":true,"href":"https:\/\/sezona.lv\/en\/wp-json\/wp\/v2\/product_brand?post=77853"},{"taxonomy":"product_cat","embeddable":true,"href":"https:\/\/sezona.lv\/en\/wp-json\/wp\/v2\/product_cat?post=77853"},{"taxonomy":"product_tag","embeddable":true,"href":"https:\/\/sezona.lv\/en\/wp-json\/wp\/v2\/product_tag?post=77853"}],"curies":[{"name":"wp","href":"https:\/\/api.w.org\/{rel}","templated":true}]}}