{"id":77854,"date":"2025-07-14T15:13:54","date_gmt":"2025-07-14T12:13:54","guid":{"rendered":"https:\/\/demo8.ecube.lv\/sezona.lv\/products\/paspiepusamais-matracis-pinguin-matrix-38\/"},"modified":"2025-07-14T15:13:54","modified_gmt":"2025-07-14T12:13:54","slug":"paspiepusamais-matracis-pinguin-matrix-38","status":"publish","type":"product","link":"https:\/\/sezona.lv\/en\/products\/paspiepusamais-matracis-pinguin-matrix-38\/","title":{"rendered":"Pa\u0161piep\u016b\u0161amais matracis Pinguin MATRIX 38"},"content":{"rendered":"<p><span>\u013boti funkcion\u0101ls, \u0113rti lietojams un komfortabls pa&scaron;piep\u016b&scaron;amais matracis, kas b\u016bs lieliski piem\u0113rots lieto&scaron;anai p\u0101rg\u0101jienos, treking\u0101, laivu braucienos un cit\u0101s br\u012bvdabas aktivit\u0101t\u0113s. Matra\u010da konstrukcija veidota no horizont\u0101liem un vertik\u0101liem dobumiem, t\u0101 pild\u012bjums veidots no TPU putu materi\u0101la. Komplekt\u0101 iek\u013cauts maisi\u0146&scaron; \u0113rtai matra\u010da transport\u0113&scaron;anai un uzglab\u0101&scaron;anai.<\/span><\/p>\n<table id=\"item-table\" class=\"dynamic-table specific\" border=\"0\">\n<thead>\n<tr>\n<th colspan=\"2\">SPECIFIK\u0100CIJA<\/th>\n<\/tr>\n<\/thead>\n<tbody>\n<tr>\n<td>Izm\u0113rs<\/td>\n<td>198 x 63 x 3.8 cm; Iepakot\u0101 veid\u0101: 17 x 34 cm<\/td>\n<\/tr>\n<tr>\n<td>Materi\u0101ls<\/td>\n<td>Virs\u0113jais materi\u0101ls: Poliesteris Diamond Ripstop, TPU lamin\u0113jums; Apak&scaron;\u0113jais materi\u0101ls: Poliesteris, TPU lamin\u0113jums; Pild\u012bjums: TPU putas.<\/td>\n<\/tr>\n<tr>\n<td>P\u0113c produkta<\/td>\n<td>Pa&scaron;piep\u016b&scaron;amie<\/td>\n<\/tr>\n<tr>\n<td>Svars<\/td>\n<td>1.19 kg<\/td>\n<\/tr>\n<tr>\n<td>Katalogu numuri<\/td>\n<td>711325<\/td>\n<\/tr>\n<\/tbody>\n<\/table>\n","protected":false},"excerpt":{"rendered":"<p>\u013boti funkcion\u0101ls, \u0113rti lietojams un komfortabls pa&scaron;piep\u016b&scaron;amais matracis, kas b\u016bs lieliski piem\u0113rots lieto&scaron;anai p\u0101rg\u0101jienos, treking\u0101, laivu braucienos un cit\u0101s br\u012bvdabas aktivit\u0101t\u0113s. Matra\u010da konstrukcija veidota no horizont\u0101liem un vertik\u0101liem dobumiem, t\u0101 pild\u012bjums veidots no TPU putu materi\u0101la. Komplekt\u0101 iek\u013cauts maisi\u0146&scaron; \u0113rtai matra\u010da transport\u0113&scaron;anai un uzglab\u0101&scaron;anai. SPECIFIK\u0100CIJA Izm\u0113rs 198 x 63 x 3.8 cm; Iepakot\u0101 veid\u0101: 17 [&hellip;]<\/p>\n","protected":false},"featured_media":0,"template":"","meta":[],"product_brand":[],"product_cat":[4558,4640,4663,4772],"product_tag":[],"class_list":{"0":"post-77854","1":"product","2":"type-product","3":"status-publish","5":"product_cat-for-tourism-recreation","6":"product_cat-recreation","7":"product_cat-mattresses-and-travel-mats-for-tourism-recreation","8":"product_cat-self-inflating-mattresses-mattresses-and-travel-mats-for-tourism-recreation","10":"first","11":"instock","12":"shipping-taxable","13":"purchasable","14":"product-type-simple"},"_links":{"self":[{"href":"https:\/\/sezona.lv\/en\/wp-json\/wp\/v2\/product\/77854","targetHints":{"allow":["GET"]}}],"collection":[{"href":"https:\/\/sezona.lv\/en\/wp-json\/wp\/v2\/product"}],"about":[{"href":"https:\/\/sezona.lv\/en\/wp-json\/wp\/v2\/types\/product"}],"wp:attachment":[{"href":"https:\/\/sezona.lv\/en\/wp-json\/wp\/v2\/media?parent=77854"}],"wp:term":[{"taxonomy":"product_brand","embeddable":true,"href":"https:\/\/sezona.lv\/en\/wp-json\/wp\/v2\/product_brand?post=77854"},{"taxonomy":"product_cat","embeddable":true,"href":"https:\/\/sezona.lv\/en\/wp-json\/wp\/v2\/product_cat?post=77854"},{"taxonomy":"product_tag","embeddable":true,"href":"https:\/\/sezona.lv\/en\/wp-json\/wp\/v2\/product_tag?post=77854"}],"curies":[{"name":"wp","href":"https:\/\/api.w.org\/{rel}","templated":true}]}}