{"id":77855,"date":"2025-07-14T15:13:55","date_gmt":"2025-07-14T12:13:55","guid":{"rendered":"https:\/\/demo8.ecube.lv\/sezona.lv\/products\/paspiepusamais-matracis-pinguin-peak-25\/"},"modified":"2025-07-14T15:13:55","modified_gmt":"2025-07-14T12:13:55","slug":"paspiepusamais-matracis-pinguin-peak-25","status":"publish","type":"product","link":"https:\/\/sezona.lv\/en\/products\/paspiepusamais-matracis-pinguin-peak-25\/","title":{"rendered":"Pa\u0161piep\u016b\u0161amais matracis Pinguin PEAK 25"},"content":{"rendered":"<p><span>Komfortabls, viegls un kompakti iepakojams pa&scaron;piep\u016b&scaron;amais t\u016brisma matracis, kas veidots no putu materi\u0101la ar vertik\u0101liem dobumiem. Matracim ir plastik\u0101ta ventilis. Komplekt\u0101 iek\u013cauts labo&scaron;anas komplekts un maisi\u0146&scaron; \u0113rt\u0101kai matra\u010da transport\u0113&scaron;anai un uzglab\u0101&scaron;anai.<\/span><\/p>\n<table id=\"item-table\" class=\"dynamic-table specific\" border=\"0\">\n<thead>\n<tr>\n<th colspan=\"2\">SPECIFIK\u0100CIJA<\/th>\n<\/tr>\n<\/thead>\n<tbody>\n<tr>\n<td>Izm\u0113rs<\/td>\n<td>183 x 51 x 2.5 cm (&Oslash; 13 x 27 cm)<\/td>\n<\/tr>\n<tr>\n<td>Materi\u0101ls<\/td>\n<td>Virs\u0113jais materi\u0101ls: Nesl\u012bdo&scaron;s poliesteris Diamond Ripstop ar TPU lamin\u0113jumu; Apak&scaron;\u0113jais materi\u0101ls: Poliesteris ar TPU lamin\u0113jums<\/td>\n<\/tr>\n<tr>\n<td>P\u0113c produkta<\/td>\n<td>Pa&scaron;piep\u016b&scaron;amie<\/td>\n<\/tr>\n<tr>\n<td>Svars<\/td>\n<td>0.69 kg<\/td>\n<\/tr>\n<tr>\n<td>Katalogu numuri<\/td>\n<td>706154, 706123<\/td>\n<\/tr>\n<\/tbody>\n<\/table>\n","protected":false},"excerpt":{"rendered":"<p>Komfortabls, viegls un kompakti iepakojams pa&scaron;piep\u016b&scaron;amais t\u016brisma matracis, kas veidots no putu materi\u0101la ar vertik\u0101liem dobumiem. Matracim ir plastik\u0101ta ventilis. Komplekt\u0101 iek\u013cauts labo&scaron;anas komplekts un maisi\u0146&scaron; \u0113rt\u0101kai matra\u010da transport\u0113&scaron;anai un uzglab\u0101&scaron;anai. SPECIFIK\u0100CIJA Izm\u0113rs 183 x 51 x 2.5 cm (&Oslash; 13 x 27 cm) Materi\u0101ls Virs\u0113jais materi\u0101ls: Nesl\u012bdo&scaron;s poliesteris Diamond Ripstop ar TPU lamin\u0113jumu; Apak&scaron;\u0113jais [&hellip;]<\/p>\n","protected":false},"featured_media":0,"template":"","meta":[],"product_brand":[],"product_cat":[4558,4640,4663,4772],"product_tag":[],"class_list":{"0":"post-77855","1":"product","2":"type-product","3":"status-publish","5":"product_cat-for-tourism-recreation","6":"product_cat-recreation","7":"product_cat-mattresses-and-travel-mats-for-tourism-recreation","8":"product_cat-self-inflating-mattresses-mattresses-and-travel-mats-for-tourism-recreation","10":"first","11":"instock","12":"shipping-taxable","13":"purchasable","14":"product-type-simple"},"_links":{"self":[{"href":"https:\/\/sezona.lv\/en\/wp-json\/wp\/v2\/product\/77855","targetHints":{"allow":["GET"]}}],"collection":[{"href":"https:\/\/sezona.lv\/en\/wp-json\/wp\/v2\/product"}],"about":[{"href":"https:\/\/sezona.lv\/en\/wp-json\/wp\/v2\/types\/product"}],"wp:attachment":[{"href":"https:\/\/sezona.lv\/en\/wp-json\/wp\/v2\/media?parent=77855"}],"wp:term":[{"taxonomy":"product_brand","embeddable":true,"href":"https:\/\/sezona.lv\/en\/wp-json\/wp\/v2\/product_brand?post=77855"},{"taxonomy":"product_cat","embeddable":true,"href":"https:\/\/sezona.lv\/en\/wp-json\/wp\/v2\/product_cat?post=77855"},{"taxonomy":"product_tag","embeddable":true,"href":"https:\/\/sezona.lv\/en\/wp-json\/wp\/v2\/product_tag?post=77855"}],"curies":[{"name":"wp","href":"https:\/\/api.w.org\/{rel}","templated":true}]}}