{"id":77856,"date":"2025-07-14T15:13:56","date_gmt":"2025-07-14T12:13:56","guid":{"rendered":"https:\/\/demo8.ecube.lv\/sezona.lv\/products\/paspiepusamais-matracis-vaude-norrsken\/"},"modified":"2025-07-14T15:13:56","modified_gmt":"2025-07-14T12:13:56","slug":"paspiepusamais-matracis-vaude-norrsken","status":"publish","type":"product","link":"https:\/\/sezona.lv\/en\/products\/paspiepusamais-matracis-vaude-norrsken\/","title":{"rendered":"Pa\u0161piep\u016b\u0161amais matracis Vaude NORRSKEN"},"content":{"rendered":"<p><span>\u0100rk\u0101rt\u012bgi mazs, viegls un iedarb\u012bgs p\u0101rg\u0101jienu matracis. Tas ir unik\u0101ls komfortabla gaisa matra\u010da un sildo&scaron;\u0101 matra\u010da apvienojums vien\u0101. Matra\u010da izgatavo&scaron;an\u0101 izmantotais PrimaLoft Infinity pild\u012bjums inovat\u012bv\u0101 konstrukcij\u0101 sniedz ekselentu siltumizol\u0101cijas efektivit\u0101ti. Matra\u010da rievot\u0101 virsma nodro&scaron;ina lab\u0101ku siltuma saglab\u0101&scaron;anu un daudz komfortabl\u0101ku gul\u0113&scaron;anu. Divi biez\u0101kie \u0101r\u0113jie gaisa kambari nov\u0113r&scaron; noripo&scaron;anu no matra\u010da, se&scaron;i gaisa kambari vidus zon\u0101 sniedz patiesu komfortu gu\u013cot, gareniski izl\u012bdzin\u0101tie gaisa kambari nodro&scaron;ina ide\u0101lu siltumizol\u0101cijas un svara attiec\u012bbu. Matra\u010da \u0101r\u0113jais sl\u0101nis izgatavots no m\u012bksta, pat\u012bkama materi\u0101la. Apr\u012bkots ar \u0113rti lietojamu divu punktu dro&scaron;\u012bbas ventili. &Scaron;is matracis b\u016bs ide\u0101ls sabiedrotais p\u0101rg\u0101jienos, treking\u0101 vai nak&scaron;\u0146ojot kemping\u0101. Komplekt\u0101 iepakojums \u0113rtai p\u0101rvieto&scaron;anai un glab\u0101&scaron;anai.&nbsp;<\/span><br \/><span>Ar &scaron;o matraci silts un salds miegs b\u016bs garant\u0113ts!<\/span><\/p>\n<table id=\"item-table\" class=\"dynamic-table specific\" border=\"0\">\n<thead>\n<tr>\n<th colspan=\"2\">SPECIFIK\u0100CIJA<\/th>\n<\/tr>\n<\/thead>\n<tbody>\n<tr>\n<td>Izm\u0113rs<\/td>\n<td>Garums: 183 cm; Platums: 51 cm; Diametrs: 5,5 cm<\/td>\n<\/tr>\n<tr>\n<td>Materi\u0101ls<\/td>\n<td>\u0100r\u0113jais sl\u0101nis: 30D PA\/PES ar TPU p\u0101rkl\u0101jumu;&nbsp;<br \/>Apak&scaron;a: 100% poliesters 75D ar TPU p\u0101rkl\u0101jumu;<br \/>Pild\u012bjums: 100% PES Primaloft Infinity 80g\/m2<\/td>\n<\/tr>\n<tr>\n<td>P\u0113c produkta<\/td>\n<td>Pa&scaron;piep\u016b&scaron;amie<\/td>\n<\/tr>\n<tr>\n<td>Svars<\/td>\n<td>0.6 kg<\/td>\n<\/tr>\n<tr>\n<td>Katalogu numuri<\/td>\n<td>30181<\/td>\n<\/tr>\n<\/tbody>\n<\/table>\n","protected":false},"excerpt":{"rendered":"<p>\u0100rk\u0101rt\u012bgi mazs, viegls un iedarb\u012bgs p\u0101rg\u0101jienu matracis. Tas ir unik\u0101ls komfortabla gaisa matra\u010da un sildo&scaron;\u0101 matra\u010da apvienojums vien\u0101. Matra\u010da izgatavo&scaron;an\u0101 izmantotais PrimaLoft Infinity pild\u012bjums inovat\u012bv\u0101 konstrukcij\u0101 sniedz ekselentu siltumizol\u0101cijas efektivit\u0101ti. Matra\u010da rievot\u0101 virsma nodro&scaron;ina lab\u0101ku siltuma saglab\u0101&scaron;anu un daudz komfortabl\u0101ku gul\u0113&scaron;anu. Divi biez\u0101kie \u0101r\u0113jie gaisa kambari nov\u0113r&scaron; noripo&scaron;anu no matra\u010da, se&scaron;i gaisa kambari vidus zon\u0101 [&hellip;]<\/p>\n","protected":false},"featured_media":0,"template":"","meta":[],"product_brand":[3383],"product_cat":[4558,4640,4663,4772],"product_tag":[],"class_list":{"0":"post-77856","1":"product","2":"type-product","3":"status-publish","5":"product_brand-vaude","6":"product_cat-for-tourism-recreation","7":"product_cat-recreation","8":"product_cat-mattresses-and-travel-mats-for-tourism-recreation","9":"product_cat-self-inflating-mattresses-mattresses-and-travel-mats-for-tourism-recreation","11":"first","12":"instock","13":"shipping-taxable","14":"purchasable","15":"product-type-simple"},"_links":{"self":[{"href":"https:\/\/sezona.lv\/en\/wp-json\/wp\/v2\/product\/77856","targetHints":{"allow":["GET"]}}],"collection":[{"href":"https:\/\/sezona.lv\/en\/wp-json\/wp\/v2\/product"}],"about":[{"href":"https:\/\/sezona.lv\/en\/wp-json\/wp\/v2\/types\/product"}],"wp:attachment":[{"href":"https:\/\/sezona.lv\/en\/wp-json\/wp\/v2\/media?parent=77856"}],"wp:term":[{"taxonomy":"product_brand","embeddable":true,"href":"https:\/\/sezona.lv\/en\/wp-json\/wp\/v2\/product_brand?post=77856"},{"taxonomy":"product_cat","embeddable":true,"href":"https:\/\/sezona.lv\/en\/wp-json\/wp\/v2\/product_cat?post=77856"},{"taxonomy":"product_tag","embeddable":true,"href":"https:\/\/sezona.lv\/en\/wp-json\/wp\/v2\/product_tag?post=77856"}],"curies":[{"name":"wp","href":"https:\/\/api.w.org\/{rel}","templated":true}]}}