{"id":77858,"date":"2025-07-14T15:13:57","date_gmt":"2025-07-14T12:13:57","guid":{"rendered":"https:\/\/demo8.ecube.lv\/sezona.lv\/products\/paspiepusamais-matracis-eurotrail-iso-camp-light\/"},"modified":"2025-07-14T15:13:57","modified_gmt":"2025-07-14T12:13:57","slug":"paspiepusamais-matracis-eurotrail-iso-camp-light","status":"publish","type":"product","link":"https:\/\/sezona.lv\/en\/products\/paspiepusamais-matracis-eurotrail-iso-camp-light\/","title":{"rendered":"Pa\u0161piep\u016b\u0161amais matracis EuroTrail ISO CAMP LIGHT"},"content":{"rendered":"<p><span>Labam nakts miegam vajadz\u012bgs ne vien silts gu\u013cammaiss, bet ar\u012b komfortabls, izol\u0113jo&scaron;s matracis. Zeme var b\u016bt auksta, cieta vai slapja un ar vissilt\u0101ko gu\u013cammaisu vien neiztikt. &Scaron;is pa&scaron;piep\u016b&scaron;amais matracis lieliski piem\u0113rots da\u017e\u0101d\u0101m br\u012bvdabas aktivit\u0101t\u0113m &#8211; p\u0101rg\u0101jieniem, nak&scaron;\u0146o&scaron;anai kemping\u0101 u.c. Tas izgatavots no augstas kvalit\u0101tes izol\u0113jo&scaron;\u0101m put\u0101m, kas p\u0101rkl\u0101tas ar nesl\u012bdo&scaron;u poliestera materi\u0101lu. ISO Camp matra\u010di, kas nodro&scaron;ina lielisku izol\u0101ciju, pasarg\u0101s Tavu saldo miegu.<\/span><\/p>\n<table id=\"item-table\" class=\"dynamic-table specific\" border=\"0\">\n<thead>\n<tr>\n<th colspan=\"2\">SPECIFIK\u0100CIJA<\/th>\n<\/tr>\n<\/thead>\n<tbody>\n<tr>\n<td>Izm\u0113rs<\/td>\n<td>188 x 55 x 2.5 cm<\/td>\n<\/tr>\n<tr>\n<td>Materi\u0101ls<\/td>\n<td>150D Oxford Poliesteris<\/td>\n<\/tr>\n<tr>\n<td>P\u0113c produkta<\/td>\n<td>Pa&scaron;piep\u016b&scaron;amie<\/td>\n<\/tr>\n<tr>\n<td>Svars<\/td>\n<td>1.35 kg<\/td>\n<\/tr>\n<tr>\n<td>Katalogu numuri<\/td>\n<td>ETIC0001<\/td>\n<\/tr>\n<\/tbody>\n<\/table>\n","protected":false},"excerpt":{"rendered":"<p>Labam nakts miegam vajadz\u012bgs ne vien silts gu\u013cammaiss, bet ar\u012b komfortabls, izol\u0113jo&scaron;s matracis. Zeme var b\u016bt auksta, cieta vai slapja un ar vissilt\u0101ko gu\u013cammaisu vien neiztikt. &Scaron;is pa&scaron;piep\u016b&scaron;amais matracis lieliski piem\u0113rots da\u017e\u0101d\u0101m br\u012bvdabas aktivit\u0101t\u0113m &#8211; p\u0101rg\u0101jieniem, nak&scaron;\u0146o&scaron;anai kemping\u0101 u.c. Tas izgatavots no augstas kvalit\u0101tes izol\u0113jo&scaron;\u0101m put\u0101m, kas p\u0101rkl\u0101tas ar nesl\u012bdo&scaron;u poliestera materi\u0101lu. ISO Camp matra\u010di, [&hellip;]<\/p>\n","protected":false},"featured_media":0,"template":"","meta":[],"product_brand":[],"product_cat":[4558,4640,4663,4772],"product_tag":[],"class_list":{"0":"post-77858","1":"product","2":"type-product","3":"status-publish","5":"product_cat-for-tourism-recreation","6":"product_cat-recreation","7":"product_cat-mattresses-and-travel-mats-for-tourism-recreation","8":"product_cat-self-inflating-mattresses-mattresses-and-travel-mats-for-tourism-recreation","10":"first","11":"instock","12":"shipping-taxable","13":"purchasable","14":"product-type-simple"},"_links":{"self":[{"href":"https:\/\/sezona.lv\/en\/wp-json\/wp\/v2\/product\/77858","targetHints":{"allow":["GET"]}}],"collection":[{"href":"https:\/\/sezona.lv\/en\/wp-json\/wp\/v2\/product"}],"about":[{"href":"https:\/\/sezona.lv\/en\/wp-json\/wp\/v2\/types\/product"}],"wp:attachment":[{"href":"https:\/\/sezona.lv\/en\/wp-json\/wp\/v2\/media?parent=77858"}],"wp:term":[{"taxonomy":"product_brand","embeddable":true,"href":"https:\/\/sezona.lv\/en\/wp-json\/wp\/v2\/product_brand?post=77858"},{"taxonomy":"product_cat","embeddable":true,"href":"https:\/\/sezona.lv\/en\/wp-json\/wp\/v2\/product_cat?post=77858"},{"taxonomy":"product_tag","embeddable":true,"href":"https:\/\/sezona.lv\/en\/wp-json\/wp\/v2\/product_tag?post=77858"}],"curies":[{"name":"wp","href":"https:\/\/api.w.org\/{rel}","templated":true}]}}