{"id":77859,"date":"2025-07-11T16:23:37","date_gmt":"2025-07-11T13:23:37","guid":{"rendered":"https:\/\/demo8.ecube.lv\/sezona.lv\/products\/wilson-burn-fst-99-tenisa-rakete\/"},"modified":"2025-07-14T15:13:58","modified_gmt":"2025-07-14T12:13:58","slug":"wilson-burn-fst-99-tenisa-rakete","status":"publish","type":"product","link":"https:\/\/sezona.lv\/en\/products\/wilson-burn-fst-99-tenisa-rakete\/","title":{"rendered":"Wilson BURN FST 99 tenisa rakete"},"content":{"rendered":"<p class=\"western\" lang=\"lv-LV\">Nosaukums:&nbsp;Wilson BURN FST 99<\/p>\n<p class=\"western\"><span lang=\"lv-LV\">Galvas izm<\/span><span><span lang=\"lv-LV\">\u0113<\/span><\/span><span lang=\"lv-LV\">rs:639&nbsp;<\/span><\/p>\n<p class=\"western\"><span lang=\"lv-LV\">Svars bez st<\/span><span><span lang=\"lv-LV\">\u012b<\/span><\/span><span lang=\"lv-LV\">g<\/span><span><span lang=\"lv-LV\">\u0101<\/span><\/span><span lang=\"lv-LV\">m:<\/span>310&nbsp;<\/p>\n<p class=\"western\"><span lang=\"lv-LV\">Bilance bez st<\/span><span><span lang=\"lv-LV\">\u012b<\/span><\/span><span lang=\"lv-LV\">g<\/span><span><span lang=\"lv-LV\">\u0101<\/span><\/span><span lang=\"lv-LV\">m:<\/span>31.5&nbsp;<\/p>\n<p class=\"western\" lang=\"lv-LV\">Garums:68.58&nbsp;<\/p>\n<p class=\"western\"><span lang=\"lv-LV\">St<\/span><span><span lang=\"lv-LV\">\u012b<\/span><\/span><span lang=\"lv-LV\">gojums:<\/span>18&#215;19<\/p>\n<p class=\"western\"><span lang=\"lv-LV\">Roktura izm<\/span><span><span lang=\"lv-LV\">\u0113<\/span><\/span><span lang=\"lv-LV\">rs:<\/span>&nbsp;3<\/p>\n","protected":false},"excerpt":{"rendered":"<p>Nosaukums:&nbsp;Wilson BURN FST 99 Galvas izm\u0113rs:639&nbsp; Svars bez st\u012bg\u0101m:310&nbsp; Bilance bez st\u012bg\u0101m:31.5&nbsp; Garums:68.58&nbsp; St\u012bgojums:18&#215;19 Roktura izm\u0113rs:&nbsp;3<\/p>\n","protected":false},"featured_media":68473,"template":"","meta":[],"product_brand":[920],"product_cat":[4602,4673,4674],"product_tag":[],"class_list":{"0":"post-77859","1":"product","2":"type-product","3":"status-publish","4":"has-post-thumbnail","6":"product_brand-wilson","7":"product_cat-summer-sports-sports","8":"product_cat-tennis-summer-sports-sports","9":"product_cat-tennis-rackets-tennis-summer-sports-sports","11":"first","12":"instock","13":"shipping-taxable","14":"purchasable","15":"product-type-simple"},"_links":{"self":[{"href":"https:\/\/sezona.lv\/en\/wp-json\/wp\/v2\/product\/77859","targetHints":{"allow":["GET"]}}],"collection":[{"href":"https:\/\/sezona.lv\/en\/wp-json\/wp\/v2\/product"}],"about":[{"href":"https:\/\/sezona.lv\/en\/wp-json\/wp\/v2\/types\/product"}],"wp:featuredmedia":[{"embeddable":true,"href":"https:\/\/sezona.lv\/en\/wp-json\/wp\/v2\/media\/68473"}],"wp:attachment":[{"href":"https:\/\/sezona.lv\/en\/wp-json\/wp\/v2\/media?parent=77859"}],"wp:term":[{"taxonomy":"product_brand","embeddable":true,"href":"https:\/\/sezona.lv\/en\/wp-json\/wp\/v2\/product_brand?post=77859"},{"taxonomy":"product_cat","embeddable":true,"href":"https:\/\/sezona.lv\/en\/wp-json\/wp\/v2\/product_cat?post=77859"},{"taxonomy":"product_tag","embeddable":true,"href":"https:\/\/sezona.lv\/en\/wp-json\/wp\/v2\/product_tag?post=77859"}],"curies":[{"name":"wp","href":"https:\/\/api.w.org\/{rel}","templated":true}]}}